{"id":149,"date":"2021-12-14T18:14:57","date_gmt":"2021-12-14T17:14:57","guid":{"rendered":"https:\/\/biel.mastermind.ch\/?page_id=149"},"modified":"2026-03-31T11:42:05","modified_gmt":"2026-03-31T09:42:05","slug":"erlebnis-verschenken","status":"publish","type":"page","link":"https:\/\/biel.mastermind.ch\/de\/erlebnis-verschenken\/","title":{"rendered":"Gutscheine"},"content":{"rendered":"\t\t<div data-elementor-type=\"wp-page\" data-elementor-id=\"149\" class=\"elementor elementor-149\">\n\t\t\t\t\t\t<section class=\"elementor-section elementor-top-section elementor-element elementor-element-de1d530 elementor-section-boxed elementor-section-height-default elementor-section-height-default\" data-id=\"de1d530\" data-element_type=\"section\" data-e-type=\"section\">\n\t\t\t\t\t\t<div class=\"elementor-container elementor-column-gap-default\">\n\t\t\t\t\t<div class=\"elementor-column elementor-col-25 elementor-top-column elementor-element elementor-element-1d5f5b3\" data-id=\"1d5f5b3\" data-element_type=\"column\" data-e-type=\"column\">\n\t\t\t<div class=\"elementor-widget-wrap\">\n\t\t\t\t\t\t\t<\/div>\n\t\t<\/div>\n\t\t\t\t<div class=\"elementor-column elementor-col-50 elementor-top-column elementor-element elementor-element-c912e41\" data-id=\"c912e41\" data-element_type=\"column\" data-e-type=\"column\">\n\t\t\t<div class=\"elementor-widget-wrap elementor-element-populated\">\n\t\t\t\t\t\t<div class=\"elementor-element elementor-element-6c1d60b elementor-widget elementor-widget-text-editor\" data-id=\"6c1d60b\" data-element_type=\"widget\" data-e-type=\"widget\" data-widget_type=\"text-editor.default\">\n\t\t\t\t<div class=\"elementor-widget-container\">\n\t\t\t\t\t\t\t\t\t<h2>Verschenke magische Momente \u2013 das ultimative Geschenk f\u00fcr jeden Anlass!\u00a0<\/h2><p>Bist du auf der Suche nach einem Geschenk, das nicht nur \u00fcberrascht, sondern nachhaltig begeistert? Ein Geschenk, das Herzklopfen, Lachen und gemeinsame Abenteuer schenkt? Dann haben wir genau das Richtige f\u00fcr dich: Unsere Wertgutscheine f\u00fcr ein unvergessliches Escape Room-Erlebnis!<\/p><h2>Warum ein Wertgutschein?<\/h2><p>Mit unseren flexiblen Wertgutscheinen l\u00e4sst du den Beschenkten die Wahl, wie sie ihr Abenteuer gestalten m\u00f6chten \u2013 perfekt f\u00fcr Jung und Alt, Anf\u00e4nger und R\u00e4tselprofis gleichermassen. Egal, ob es ein Eltern-Kind-Duo ist, ein Freundeskreis, Kollegen oder deine liebsten Familienmitglieder: Mit einem Wertgutschein schenkst du ihnen die Freiheit, ihre Traumgruppe zu bilden und ein Abenteuer zu erleben, das sie so schnell nicht vergessen werden.<\/p><h2>Unser Geheimtipp:<\/h2><p>Ein Gutschein im Wert von 100 Franken ist die perfekte Wahl \u2013 genug, um einem Paar, einer Familie oder einer kleinen Gruppe ein spektakul\u00e4res Erlebnis zu erm\u00f6glichen. Und falls es noch ein gr\u00f6sseres Abenteuer werden soll, k\u00f6nnen die Beschenkten den Gutschein einfach flexibel erg\u00e4nzen. So liegst du immer richtig und sorgst garantiert f\u00fcr strahlende Gesichter!<\/p><h2>Das perfekte Geschenk f\u00fcr jeden Anlass<\/h2><ul><li>Geburtstage: \u00dcberrasche deine Liebsten mit einem Geschenk, das sie von der Couch holt und mitten in ein aufregendes Abenteuer katapultiert.<\/li><li>Weihnachten: Schenke unvergessliche Momente statt materieller Dinge \u2013 die sch\u00f6nsten Erinnerungen entstehen gemeinsam.<\/li><li>Hochzeiten: Eine originelle \u00dcberraschung f\u00fcr Paare, die lieber Erlebnisse sammeln als Gegenst\u00e4nde.<\/li><li>Dankesch\u00f6n oder einfach so: Sag \u201cDanke\u201d oder \u201cIch denke an dich\u201d auf die spannendste Art und Weise.<\/li><\/ul><h2>Abenteuer ab 30 Franken verschenken!<\/h2><p>Unsere Wertgutscheine sind bereits ab 30 Franken erh\u00e4ltlich \u2013 perfekt, um jedem Budget gerecht zu werden. Und mit einem Gutschein in der Hand hast du mehr als nur ein St\u00fcck Papier verschenkt. Du schenkst magische Geschichten, knifflige R\u00e4tsel und das Gl\u00fcck, ein Abenteuer gemeinsam zu bestehen.<\/p><p>Verschenke Emotionen statt Dinge \u2013 mit einem Escape Room Gutschein von Mastermind Escape Room!<\/p><p>Jetzt kaufen und unvergessliche Momente verschenken!<\/p>\t\t\t\t\t\t\t\t<\/div>\n\t\t\t\t<\/div>\n\t\t\t\t\t<\/div>\n\t\t<\/div>\n\t\t\t\t<div class=\"elementor-column elementor-col-25 elementor-top-column elementor-element elementor-element-f61fec4\" data-id=\"f61fec4\" data-element_type=\"column\" data-e-type=\"column\">\n\t\t\t<div class=\"elementor-widget-wrap\">\n\t\t\t\t\t\t\t<\/div>\n\t\t<\/div>\n\t\t\t\t\t<\/div>\n\t\t<\/section>\n\t\t\t\t<section class=\"elementor-section elementor-top-section elementor-element elementor-element-ac8a5e6 elementor-section-boxed elementor-section-height-default elementor-section-height-default\" data-id=\"ac8a5e6\" data-element_type=\"section\" data-e-type=\"section\">\n\t\t\t\t\t\t<div class=\"elementor-container elementor-column-gap-default\">\n\t\t\t\t\t<div class=\"elementor-column elementor-col-100 elementor-top-column elementor-element elementor-element-63b2a22\" data-id=\"63b2a22\" data-element_type=\"column\" data-e-type=\"column\">\n\t\t\t<div class=\"elementor-widget-wrap elementor-element-populated\">\n\t\t\t\t\t\t<div class=\"elementor-element elementor-element-a65e038 elementor-widget elementor-widget-html\" data-id=\"a65e038\" data-element_type=\"widget\" data-e-type=\"widget\" data-widget_type=\"html.default\">\n\t\t\t\t<div class=\"elementor-widget-container\">\n\t\t\t\t\t<script src=\"https:\/\/cdn.quinbook.com\/shop.js\" data-shopid=\"401704ef750f5f2e9fc84ed2c5db8292\"><\/script>\t\t\t\t<\/div>\n\t\t\t\t<\/div>\n\t\t\t\t\t<\/div>\n\t\t<\/div>\n\t\t\t\t\t<\/div>\n\t\t<\/section>\n\t\t\t\t<section class=\"elementor-section elementor-top-section elementor-element elementor-element-c78dd60 elementor-section-boxed elementor-section-height-default elementor-section-height-default\" data-id=\"c78dd60\" data-element_type=\"section\" data-e-type=\"section\">\n\t\t\t\t\t\t<div class=\"elementor-container elementor-column-gap-default\">\n\t\t\t\t\t<div class=\"elementor-column elementor-col-33 elementor-top-column elementor-element elementor-element-d3b534f\" data-id=\"d3b534f\" data-element_type=\"column\" data-e-type=\"column\">\n\t\t\t<div class=\"elementor-widget-wrap\">\n\t\t\t\t\t\t\t<\/div>\n\t\t<\/div>\n\t\t\t\t<div class=\"elementor-column elementor-col-33 elementor-top-column elementor-element elementor-element-6348a9d\" data-id=\"6348a9d\" data-element_type=\"column\" data-e-type=\"column\">\n\t\t\t<div class=\"elementor-widget-wrap elementor-element-populated\">\n\t\t\t\t\t\t<div class=\"elementor-element elementor-element-0d91931 elementor-widget elementor-widget-image\" data-id=\"0d91931\" data-element_type=\"widget\" data-e-type=\"widget\" data-widget_type=\"image.default\">\n\t\t\t\t<div class=\"elementor-widget-container\">\n\t\t\t\t\t\t\t\t\t\t\t\t\t\t\t<img fetchpriority=\"high\" decoding=\"async\" width=\"1131\" height=\"1600\" src=\"https:\/\/biel.mastermind.ch\/wp-content\/uploads\/Gutschein-Standard.jpg\" class=\"attachment-full size-full wp-image-1419\" alt=\"Gutschein Standard\" srcset=\"https:\/\/biel.mastermind.ch\/wp-content\/uploads\/Gutschein-Standard.jpg 1131w, https:\/\/biel.mastermind.ch\/wp-content\/uploads\/Gutschein-Standard-212x300.jpg 212w, https:\/\/biel.mastermind.ch\/wp-content\/uploads\/Gutschein-Standard-724x1024.jpg 724w, https:\/\/biel.mastermind.ch\/wp-content\/uploads\/Gutschein-Standard-768x1086.jpg 768w, https:\/\/biel.mastermind.ch\/wp-content\/uploads\/Gutschein-Standard-1086x1536.jpg 1086w\" sizes=\"(max-width: 1131px) 100vw, 1131px\" \/>\t\t\t\t\t\t\t\t\t\t\t\t\t\t\t<\/div>\n\t\t\t\t<\/div>\n\t\t\t\t\t<\/div>\n\t\t<\/div>\n\t\t\t\t<div class=\"elementor-column elementor-col-33 elementor-top-column elementor-element elementor-element-07c49cb\" data-id=\"07c49cb\" data-element_type=\"column\" data-e-type=\"column\">\n\t\t\t<div class=\"elementor-widget-wrap\">\n\t\t\t\t\t\t\t<\/div>\n\t\t<\/div>\n\t\t\t\t\t<\/div>\n\t\t<\/section>\n\t\t\t\t<\/div>\n\t\t","protected":false},"excerpt":{"rendered":"<p>Verschenke magische Momente \u2013 das ultimative Geschenk f\u00fcr jeden Anlass!\u00a0 Bist du auf der Suche nach einem Geschenk, das nicht nur \u00fcberrascht, sondern nachhaltig begeistert? Ein Geschenk, das Herzklopfen, Lachen und gemeinsame Abenteuer schenkt? Dann haben wir genau das Richtige f\u00fcr dich: Unsere Wertgutscheine f\u00fcr ein unvergessliches Escape Room-Erlebnis! Warum ein Wertgutschein? Mit unseren flexiblen [&hellip;]<\/p>\n","protected":false},"author":1,"featured_media":164,"parent":0,"menu_order":0,"comment_status":"closed","ping_status":"closed","template":"elementor_header_footer","meta":{"_acf_changed":false,"footnotes":""},"class_list":["post-149","page","type-page","status-publish","has-post-thumbnail","hentry"],"acf":[],"yoast_head":"<!-- This site is optimized with the Yoast SEO plugin v27.5 - https:\/\/yoast.com\/product\/yoast-seo-wordpress\/ -->\n<title>Gutschein verschenken | Mastermind Escape Room Biel<\/title>\n<meta name=\"description\" content=\"Jetzt den perfekten Gutschein verschenken. Das perfekte Geschenk f\u00fcr Jung und Alt. Vom Escape Room Anf\u00e4nger bis zum Enthusiasten.\" \/>\n<meta name=\"robots\" content=\"index, follow, max-snippet:-1, max-image-preview:large, max-video-preview:-1\" \/>\n<link rel=\"canonical\" href=\"https:\/\/biel.mastermind.ch\/de\/erlebnis-verschenken\/\" \/>\n<meta property=\"og:locale\" content=\"de_DE\" \/>\n<meta property=\"og:type\" content=\"article\" \/>\n<meta property=\"og:title\" content=\"Gutschein verschenken | Mastermind Escape Room Biel\" \/>\n<meta property=\"og:description\" content=\"Jetzt den perfekten Gutschein verschenken. Das perfekte Geschenk f\u00fcr Jung und Alt. Vom Escape Room Anf\u00e4nger bis zum Enthusiasten.\" \/>\n<meta property=\"og:url\" content=\"https:\/\/biel.mastermind.ch\/de\/erlebnis-verschenken\/\" \/>\n<meta property=\"og:site_name\" content=\"Mastermind Escape Room Biel - 4 Escape Games\" \/>\n<meta property=\"article:publisher\" content=\"https:\/\/www.facebook.com\/MastermindEscapeRoomsBiel\" \/>\n<meta property=\"article:modified_time\" content=\"2026-03-31T09:42:05+00:00\" \/>\n<meta property=\"og:image\" content=\"https:\/\/biel.mastermind.ch\/wp-content\/uploads\/2021\/12\/shutterstock_1767219707-scaled.jpg\" \/>\n\t<meta property=\"og:image:width\" content=\"2560\" \/>\n\t<meta property=\"og:image:height\" content=\"1440\" \/>\n\t<meta property=\"og:image:type\" content=\"image\/jpeg\" \/>\n<meta name=\"twitter:card\" content=\"summary_large_image\" \/>\n<meta name=\"twitter:label1\" content=\"Gesch\u00e4tzte Lesezeit\" \/>\n\t<meta name=\"twitter:data1\" content=\"13\u00a0Minuten\" \/>\n<script type=\"application\/ld+json\" class=\"yoast-schema-graph\">{\"@context\":\"https:\\\/\\\/schema.org\",\"@graph\":[{\"@type\":\"WebPage\",\"@id\":\"https:\\\/\\\/biel.mastermind.ch\\\/de\\\/erlebnis-verschenken\\\/\",\"url\":\"https:\\\/\\\/biel.mastermind.ch\\\/de\\\/erlebnis-verschenken\\\/\",\"name\":\"Gutschein verschenken | Mastermind Escape Room Biel\",\"isPartOf\":{\"@id\":\"https:\\\/\\\/biel.mastermind.ch\\\/de\\\/#website\"},\"primaryImageOfPage\":{\"@id\":\"https:\\\/\\\/biel.mastermind.ch\\\/de\\\/erlebnis-verschenken\\\/#primaryimage\"},\"image\":{\"@id\":\"https:\\\/\\\/biel.mastermind.ch\\\/de\\\/erlebnis-verschenken\\\/#primaryimage\"},\"thumbnailUrl\":\"https:\\\/\\\/biel.mastermind.ch\\\/wp-content\\\/uploads\\\/2021\\\/12\\\/shutterstock_1767219707-scaled.jpg\",\"datePublished\":\"2021-12-14T17:14:57+00:00\",\"dateModified\":\"2026-03-31T09:42:05+00:00\",\"description\":\"Jetzt den perfekten Gutschein verschenken. Das perfekte Geschenk f\u00fcr Jung und Alt. Vom Escape Room Anf\u00e4nger bis zum Enthusiasten.\",\"breadcrumb\":{\"@id\":\"https:\\\/\\\/biel.mastermind.ch\\\/de\\\/erlebnis-verschenken\\\/#breadcrumb\"},\"inLanguage\":\"de-CH\",\"potentialAction\":[{\"@type\":\"ReadAction\",\"target\":[\"https:\\\/\\\/biel.mastermind.ch\\\/de\\\/erlebnis-verschenken\\\/\"]}]},{\"@type\":\"ImageObject\",\"inLanguage\":\"de-CH\",\"@id\":\"https:\\\/\\\/biel.mastermind.ch\\\/de\\\/erlebnis-verschenken\\\/#primaryimage\",\"url\":\"https:\\\/\\\/biel.mastermind.ch\\\/wp-content\\\/uploads\\\/2021\\\/12\\\/shutterstock_1767219707-scaled.jpg\",\"contentUrl\":\"https:\\\/\\\/biel.mastermind.ch\\\/wp-content\\\/uploads\\\/2021\\\/12\\\/shutterstock_1767219707-scaled.jpg\",\"width\":2560,\"height\":1440,\"caption\":\"Startseite_Escape_Mastermind\"},{\"@type\":\"BreadcrumbList\",\"@id\":\"https:\\\/\\\/biel.mastermind.ch\\\/de\\\/erlebnis-verschenken\\\/#breadcrumb\",\"itemListElement\":[{\"@type\":\"ListItem\",\"position\":1,\"name\":\"Startseite\",\"item\":\"https:\\\/\\\/biel.mastermind.ch\\\/de\\\/\"},{\"@type\":\"ListItem\",\"position\":2,\"name\":\"Gutscheine\"}]},{\"@type\":\"WebSite\",\"@id\":\"https:\\\/\\\/biel.mastermind.ch\\\/de\\\/#website\",\"url\":\"https:\\\/\\\/biel.mastermind.ch\\\/de\\\/\",\"name\":\"Mastermind Escape Room Biel - 4 Escape Games\",\"description\":\"Spiele den #1 Escape Room in Biel! Premium Games mit Spass, Adrenalin und Nervenkitzel warten auf dein Team. Der beste Adventure &amp; Escape Room in Biel!\",\"publisher\":{\"@id\":\"https:\\\/\\\/biel.mastermind.ch\\\/de\\\/#organization\"},\"potentialAction\":[{\"@type\":\"SearchAction\",\"target\":{\"@type\":\"EntryPoint\",\"urlTemplate\":\"https:\\\/\\\/biel.mastermind.ch\\\/de\\\/?s={search_term_string}\"},\"query-input\":{\"@type\":\"PropertyValueSpecification\",\"valueRequired\":true,\"valueName\":\"search_term_string\"}}],\"inLanguage\":\"de-CH\"},{\"@type\":\"Organization\",\"@id\":\"https:\\\/\\\/biel.mastermind.ch\\\/de\\\/#organization\",\"name\":\"Mastermind Event GmbH\",\"url\":\"https:\\\/\\\/biel.mastermind.ch\\\/de\\\/\",\"logo\":{\"@type\":\"ImageObject\",\"inLanguage\":\"de-CH\",\"@id\":\"https:\\\/\\\/biel.mastermind.ch\\\/de\\\/#\\\/schema\\\/logo\\\/image\\\/\",\"url\":\"https:\\\/\\\/biel.mastermind.ch\\\/wp-content\\\/uploads\\\/2EBF690D-81FE-41B9-93B5-730792A20F46.png\",\"contentUrl\":\"https:\\\/\\\/biel.mastermind.ch\\\/wp-content\\\/uploads\\\/2EBF690D-81FE-41B9-93B5-730792A20F46.png\",\"width\":6500,\"height\":2020,\"caption\":\"Mastermind Event GmbH\"},\"image\":{\"@id\":\"https:\\\/\\\/biel.mastermind.ch\\\/de\\\/#\\\/schema\\\/logo\\\/image\\\/\"},\"sameAs\":[\"https:\\\/\\\/www.facebook.com\\\/MastermindEscapeRoomsBiel\",\"https:\\\/\\\/www.instagram.com\\\/biel_mastermind\\\/\"]}]}<\/script>\n<!-- \/ Yoast SEO plugin. -->","yoast_head_json":{"title":"Gutschein verschenken | Mastermind Escape Room Biel","description":"Jetzt den perfekten Gutschein verschenken. Das perfekte Geschenk f\u00fcr Jung und Alt. Vom Escape Room Anf\u00e4nger bis zum Enthusiasten.","robots":{"index":"index","follow":"follow","max-snippet":"max-snippet:-1","max-image-preview":"max-image-preview:large","max-video-preview":"max-video-preview:-1"},"canonical":"https:\/\/biel.mastermind.ch\/de\/erlebnis-verschenken\/","og_locale":"de_DE","og_type":"article","og_title":"Gutschein verschenken | Mastermind Escape Room Biel","og_description":"Jetzt den perfekten Gutschein verschenken. Das perfekte Geschenk f\u00fcr Jung und Alt. Vom Escape Room Anf\u00e4nger bis zum Enthusiasten.","og_url":"https:\/\/biel.mastermind.ch\/de\/erlebnis-verschenken\/","og_site_name":"Mastermind Escape Room Biel - 4 Escape Games","article_publisher":"https:\/\/www.facebook.com\/MastermindEscapeRoomsBiel","article_modified_time":"2026-03-31T09:42:05+00:00","og_image":[{"width":2560,"height":1440,"url":"https:\/\/biel.mastermind.ch\/wp-content\/uploads\/2021\/12\/shutterstock_1767219707-scaled.jpg","type":"image\/jpeg"}],"twitter_card":"summary_large_image","twitter_misc":{"Gesch\u00e4tzte Lesezeit":"13\u00a0Minuten"},"schema":{"@context":"https:\/\/schema.org","@graph":[{"@type":"WebPage","@id":"https:\/\/biel.mastermind.ch\/de\/erlebnis-verschenken\/","url":"https:\/\/biel.mastermind.ch\/de\/erlebnis-verschenken\/","name":"Gutschein verschenken | Mastermind Escape Room Biel","isPartOf":{"@id":"https:\/\/biel.mastermind.ch\/de\/#website"},"primaryImageOfPage":{"@id":"https:\/\/biel.mastermind.ch\/de\/erlebnis-verschenken\/#primaryimage"},"image":{"@id":"https:\/\/biel.mastermind.ch\/de\/erlebnis-verschenken\/#primaryimage"},"thumbnailUrl":"https:\/\/biel.mastermind.ch\/wp-content\/uploads\/2021\/12\/shutterstock_1767219707-scaled.jpg","datePublished":"2021-12-14T17:14:57+00:00","dateModified":"2026-03-31T09:42:05+00:00","description":"Jetzt den perfekten Gutschein verschenken. Das perfekte Geschenk f\u00fcr Jung und Alt. Vom Escape Room Anf\u00e4nger bis zum Enthusiasten.","breadcrumb":{"@id":"https:\/\/biel.mastermind.ch\/de\/erlebnis-verschenken\/#breadcrumb"},"inLanguage":"de-CH","potentialAction":[{"@type":"ReadAction","target":["https:\/\/biel.mastermind.ch\/de\/erlebnis-verschenken\/"]}]},{"@type":"ImageObject","inLanguage":"de-CH","@id":"https:\/\/biel.mastermind.ch\/de\/erlebnis-verschenken\/#primaryimage","url":"https:\/\/biel.mastermind.ch\/wp-content\/uploads\/2021\/12\/shutterstock_1767219707-scaled.jpg","contentUrl":"https:\/\/biel.mastermind.ch\/wp-content\/uploads\/2021\/12\/shutterstock_1767219707-scaled.jpg","width":2560,"height":1440,"caption":"Startseite_Escape_Mastermind"},{"@type":"BreadcrumbList","@id":"https:\/\/biel.mastermind.ch\/de\/erlebnis-verschenken\/#breadcrumb","itemListElement":[{"@type":"ListItem","position":1,"name":"Startseite","item":"https:\/\/biel.mastermind.ch\/de\/"},{"@type":"ListItem","position":2,"name":"Gutscheine"}]},{"@type":"WebSite","@id":"https:\/\/biel.mastermind.ch\/de\/#website","url":"https:\/\/biel.mastermind.ch\/de\/","name":"Mastermind Escape Room Biel - 4 Escape Games","description":"Spiele den #1 Escape Room in Biel! Premium Games mit Spass, Adrenalin und Nervenkitzel warten auf dein Team. Der beste Adventure &amp; Escape Room in Biel!","publisher":{"@id":"https:\/\/biel.mastermind.ch\/de\/#organization"},"potentialAction":[{"@type":"SearchAction","target":{"@type":"EntryPoint","urlTemplate":"https:\/\/biel.mastermind.ch\/de\/?s={search_term_string}"},"query-input":{"@type":"PropertyValueSpecification","valueRequired":true,"valueName":"search_term_string"}}],"inLanguage":"de-CH"},{"@type":"Organization","@id":"https:\/\/biel.mastermind.ch\/de\/#organization","name":"Mastermind Event GmbH","url":"https:\/\/biel.mastermind.ch\/de\/","logo":{"@type":"ImageObject","inLanguage":"de-CH","@id":"https:\/\/biel.mastermind.ch\/de\/#\/schema\/logo\/image\/","url":"https:\/\/biel.mastermind.ch\/wp-content\/uploads\/2EBF690D-81FE-41B9-93B5-730792A20F46.png","contentUrl":"https:\/\/biel.mastermind.ch\/wp-content\/uploads\/2EBF690D-81FE-41B9-93B5-730792A20F46.png","width":6500,"height":2020,"caption":"Mastermind Event GmbH"},"image":{"@id":"https:\/\/biel.mastermind.ch\/de\/#\/schema\/logo\/image\/"},"sameAs":["https:\/\/www.facebook.com\/MastermindEscapeRoomsBiel","https:\/\/www.instagram.com\/biel_mastermind\/"]}]}},"_links":{"self":[{"href":"https:\/\/biel.mastermind.ch\/de\/wp-json\/wp\/v2\/pages\/149","targetHints":{"allow":["GET"]}}],"collection":[{"href":"https:\/\/biel.mastermind.ch\/de\/wp-json\/wp\/v2\/pages"}],"about":[{"href":"https:\/\/biel.mastermind.ch\/de\/wp-json\/wp\/v2\/types\/page"}],"author":[{"embeddable":true,"href":"https:\/\/biel.mastermind.ch\/de\/wp-json\/wp\/v2\/users\/1"}],"replies":[{"embeddable":true,"href":"https:\/\/biel.mastermind.ch\/de\/wp-json\/wp\/v2\/comments?post=149"}],"version-history":[{"count":55,"href":"https:\/\/biel.mastermind.ch\/de\/wp-json\/wp\/v2\/pages\/149\/revisions"}],"predecessor-version":[{"id":2873,"href":"https:\/\/biel.mastermind.ch\/de\/wp-json\/wp\/v2\/pages\/149\/revisions\/2873"}],"wp:featuredmedia":[{"embeddable":true,"href":"https:\/\/biel.mastermind.ch\/de\/wp-json\/wp\/v2\/media\/164"}],"wp:attachment":[{"href":"https:\/\/biel.mastermind.ch\/de\/wp-json\/wp\/v2\/media?parent=149"}],"curies":[{"name":"wp","href":"https:\/\/api.w.org\/{rel}","templated":true}]}}