{"id":1583,"date":"2023-05-05T18:14:54","date_gmt":"2023-05-05T16:14:54","guid":{"rendered":"https:\/\/biel.mastermind.ch\/?page_id=1583"},"modified":"2024-10-11T17:59:52","modified_gmt":"2024-10-11T15:59:52","slug":"schulklassenausflug","status":"publish","type":"page","link":"https:\/\/biel.mastermind.ch\/de\/events\/schulklassenausflug\/","title":{"rendered":"Schulklassenausflug"},"content":{"rendered":"\t\t<div data-elementor-type=\"wp-page\" data-elementor-id=\"1583\" class=\"elementor elementor-1583\">\n\t\t\t\t\t\t<section class=\"elementor-section elementor-top-section elementor-element elementor-element-6d257d0 elementor-section-boxed elementor-section-height-default elementor-section-height-default\" data-id=\"6d257d0\" data-element_type=\"section\" data-e-type=\"section\">\n\t\t\t\t\t\t<div class=\"elementor-container elementor-column-gap-default\">\n\t\t\t\t\t<div class=\"elementor-column elementor-col-100 elementor-top-column elementor-element elementor-element-2d07408\" data-id=\"2d07408\" data-element_type=\"column\" data-e-type=\"column\">\n\t\t\t<div class=\"elementor-widget-wrap elementor-element-populated\">\n\t\t\t\t\t\t<div class=\"elementor-element elementor-element-ba193df elementor-widget elementor-widget-image\" data-id=\"ba193df\" data-element_type=\"widget\" data-e-type=\"widget\" data-widget_type=\"image.default\">\n\t\t\t\t<div class=\"elementor-widget-container\">\n\t\t\t\t\t\t\t\t\t\t\t\t\t\t\t<img fetchpriority=\"high\" decoding=\"async\" width=\"640\" height=\"453\" src=\"https:\/\/biel.mastermind.ch\/wp-content\/uploads\/Mastermind_Klassenfahrt_2023_DE-1024x724.png\" class=\"attachment-large size-large wp-image-2316\" alt=\"\" srcset=\"https:\/\/biel.mastermind.ch\/wp-content\/uploads\/Mastermind_Klassenfahrt_2023_DE-1024x724.png 1024w, https:\/\/biel.mastermind.ch\/wp-content\/uploads\/Mastermind_Klassenfahrt_2023_DE-300x212.png 300w, https:\/\/biel.mastermind.ch\/wp-content\/uploads\/Mastermind_Klassenfahrt_2023_DE-768x543.png 768w, https:\/\/biel.mastermind.ch\/wp-content\/uploads\/Mastermind_Klassenfahrt_2023_DE-1536x1086.png 1536w, https:\/\/biel.mastermind.ch\/wp-content\/uploads\/Mastermind_Klassenfahrt_2023_DE.png 1750w\" sizes=\"(max-width: 640px) 100vw, 640px\" \/>\t\t\t\t\t\t\t\t\t\t\t\t\t\t\t<\/div>\n\t\t\t\t<\/div>\n\t\t\t\t<div class=\"elementor-element elementor-element-90d2e60 elementor-widget elementor-widget-escapium-heading-title\" data-id=\"90d2e60\" data-element_type=\"widget\" data-e-type=\"widget\" data-widget_type=\"escapium-heading-title.default\">\n\t\t\t\t<div class=\"elementor-widget-container\">\n\t\t\t\t\t\n\t\t<div class=\"section-heading section-heading--divider-top\">\n\t\t\t<h2 class=\"section-heading__title\">Eignet sich ein Escape Rooms f\u00fcr Kinder?<\/h2>\n\t\t\t\t\t<\/div>\n\n\t\t\t\t\t\t<\/div>\n\t\t\t\t<\/div>\n\t\t\t\t<div class=\"elementor-element elementor-element-0a644c4 elementor-widget elementor-widget-text-editor\" data-id=\"0a644c4\" data-element_type=\"widget\" data-e-type=\"widget\" data-widget_type=\"text-editor.default\">\n\t\t\t\t<div class=\"elementor-widget-container\">\n\t\t\t\t\t\t\t\t\t<p style=\"text-align: justify;\">Ja, Escape Rooms k\u00f6nnen auch f\u00fcr Kinder eine grossartige Aktivit\u00e4t sein, vorausgesetzt, sie sind altersgerecht gestaltet und sicher f\u00fcr die Teilnehmer:innen. Bei uns gibt es Escape Rooms, die auch f\u00fcr Kinder im Alter von 6 bis 12 Jahren konzipiert sind. Unsere Mitarbeiter:innen werden speziell geschult und geben bei Bedarf die n\u00f6tigen Tipps. Dieses Erlebnis bietet eine unterhaltsame und herausfordernde Erfahrung, bei der Kinder ihre kognitive, kreative und soziale Entwicklung verbessern k\u00f6nnen.<\/p><p style=\"text-align: justify;\">Escape Rooms k\u00f6nnen eine grossartige M\u00f6glichkeit sein, um Kinder von Bildschirmen fernzuhalten und ihnen die Gelegenheit zu geben, ihr Gehirn auf eine lustige und kreative Weise zu nutzen. Es ist jedoch wichtig sicherzustellen, dass die Kinder immer von Erwachsenen beaufsichtigt werden und dass sie sich in einem sicheren und kinderfreundlichen Umfeld befinden.<\/p><p style=\"text-align: justify;\">Daher sind Schulklassenausfl\u00fcge eine tolle M\u00f6glichkeit f\u00fcr Sch\u00fcler:innen, ausserhalb des Klassenzimmers zu lernen und neue Erfahrungen zu sammeln. Diese Ausfl\u00fcge k\u00f6nnen von eint\u00e4gigen Exkursionen in der N\u00e4he der Schule bis hin zu mehrt\u00e4gigen Reisen zu entfernten Orten reichen.<\/p><p style=\"text-align: justify;\">Eint\u00e4gige Ausfl\u00fcge k\u00f6nnen zum Beispiel Indoor- oder Outdooraktivit\u00e4ten sein. Solche Ausfl\u00fcge k\u00f6nnen auch genutzt werden, um das Bewusstsein der Sch\u00fcler:innen zu sch\u00e4rfen, indem sie zum Beispiel in gemeinsamen Gruppen gewisse Missionen und R\u00e4tsel l\u00f6sen m\u00fcssen. Diese Art von Ausfl\u00fcgen kann auch genutzt werden, um die Klassengemeinschaft zu st\u00e4rken, indem die Sch\u00fcler:innen gemeinsam Herausforderungen bew\u00e4ltigen und unvergessliche Erinnerungen schaffen.<\/p><p style=\"text-align: justify;\">Unabh\u00e4ngig von der Art des Ausflugs k\u00f6nnen Schulklassenausfl\u00fcge einen grossen Einfluss auf die Sch\u00fcler:innen haben. Sie erm\u00f6glichen es ihnen, neue Dinge zu lernen, ihre sozialen F\u00e4higkeiten zu verbessern und ihren Horizont zu weitern. Solche Ausfl\u00fcge f\u00f6rdern auch das Engagement der Sch\u00fcler:innen f\u00fcr ihre Bildung und k\u00f6nnen dazu beitragen, ihre Motivation und Leistung im Klassenzimmer zu steigern.<\/p><p style=\"text-align: justify;\">Es ist jedoch wichtig zu beachten, dass Schulklassenausfl\u00fcge auch Herausforderungen mit sich bringen k\u00f6nnen. Organisatoren m\u00fcssen sicherstellen, dass sie alle notwendigen Sicherheitsvorkehrungen treffen und eine klare Kommunikation mit den Eltern und Lehrkr\u00e4ften aufrechterhalten. Die Finanzierung der Ausfl\u00fcge kann ebenfalls eine H\u00fcrde sein, da sie f\u00fcr manche Familien m\u00f6glicherweise zu teuer sind. Hierf\u00fcr haben wir aber ein Spezialprogramm extra f\u00fcr Sch\u00fcler:innen.<\/p><p style=\"text-align: justify;\">Insgesamt sind Schulklassenausfl\u00fcge eine wertvolle Erg\u00e4nzung zum Schulalltag und k\u00f6nnen den Sch\u00fcler:innen einzigartige Lernm\u00f6glichkeiten bieten. Durch eine sorgf\u00e4ltige Planung und Vorbereitung k\u00f6nnen diese Ausfl\u00fcge zu unvergesslichen Erfahrungen f\u00fcr alle Beteiligten werden.<\/p>\t\t\t\t\t\t\t\t<\/div>\n\t\t\t\t<\/div>\n\t\t\t\t\t<\/div>\n\t\t<\/div>\n\t\t\t\t\t<\/div>\n\t\t<\/section>\n\t\t\t\t<section class=\"elementor-section elementor-top-section elementor-element elementor-element-48bf00c elementor-section-boxed elementor-section-height-default elementor-section-height-default\" data-id=\"48bf00c\" data-element_type=\"section\" data-e-type=\"section\">\n\t\t\t\t\t\t<div class=\"elementor-container elementor-column-gap-default\">\n\t\t\t\t\t<div class=\"elementor-column elementor-col-100 elementor-top-column elementor-element elementor-element-38cd64a\" data-id=\"38cd64a\" data-element_type=\"column\" data-e-type=\"column\">\n\t\t\t<div class=\"elementor-widget-wrap elementor-element-populated\">\n\t\t\t\t\t\t<div class=\"elementor-element elementor-element-95e32dc elementor-widget elementor-widget-escapium-heading-title\" data-id=\"95e32dc\" data-element_type=\"widget\" data-e-type=\"widget\" data-widget_type=\"escapium-heading-title.default\">\n\t\t\t\t<div class=\"elementor-widget-container\">\n\t\t\t\t\t\n\t\t<div class=\"section-heading section-heading--divider-top\">\n\t\t\t<h2 class=\"section-heading__title\">Wissenswertes<\/h2>\n\t\t\t\t\t<\/div>\n\n\t\t\t\t\t\t<\/div>\n\t\t\t\t<\/div>\n\t\t\t\t<div class=\"elementor-element elementor-element-c91b54c elementor-widget elementor-widget-text-editor\" data-id=\"c91b54c\" data-element_type=\"widget\" data-e-type=\"widget\" data-widget_type=\"text-editor.default\">\n\t\t\t\t<div class=\"elementor-widget-container\">\n\t\t\t\t\t\t\t\t\t<h3 style=\"text-align: center;\">Gruppengr\u00f6ssen und Dauer<\/h3>\n<p style=\"text-align: center;\">10 &#8211; 26 Personen \/ ca. 1h 45 Min.<\/p>\n\n<h3 style=\"text-align: center;\">Preise und Konditionen<\/h3>\n<p style=\"text-align: center;\">Pro Sch\u00fcler:in 25 CHF (g\u00fcltig von Montag bis Donnerstag)<\/p>\n<p style=\"text-align: center;\">Bei einer Klassenfahrt spielen Sch\u00fcler:innen und Lehrer:innen zum selben Preis<\/p>\n<p style=\"text-align: center;\">Die Sch\u00fcler:innen m\u00fcssen mindestens 8 Jahre alt sein. Bitte beachte, dass beim Raum \u00abH\u00fcter der Magie\u00bb das Mindestalter 10 Jahre ist. Bei Gruppen ab 15 Sch\u00fcler:innen m\u00fcssen mindestens 2 Lehrer:innen anwesend sein.<\/p>\n\n<h3 style=\"text-align: center;\">Planung und Kontakt<\/h3>\n<p style=\"text-align: center;\">Um den Ausflug perfekt zu planen, bitten wir dich mit uns Kontakt per Mail aufzunehmen, so k\u00f6nnen wir dir ein unverbindliches Angebot machen.<\/p>\n<p style=\"text-align: center;\">Spezielle \u00d6ffnungszeiten k\u00f6nnen gerne per Mail angefragt werden.<\/p>\n\n<h3 style=\"text-align: center;\">\u00d6V, Parking, Anfahrt<\/h3>\n<p style=\"text-align: center;\">Vom Hauptbahnhof Biel kann man direkt mit dem 1er oder 2er Bus zu Mastermind fahren. Die Haltestelle Schl\u00f6sslistrasse bzw. Schl\u00f6sslifeld\/Cha ist nur 4 Minuten zu Fuss von Mastermind Biel entfernt.<\/p>\n<p style=\"text-align: center;\">Falls ihr mit dem Auto kommt, k\u00f6nnt ihr auf den Parkfelder Nr. 53 und 54 parken. Angrenzend gibt es noch blaue Parkzonen.\u00a0<span style=\"color: var( --e-global-color-text ); font-family: var( --e-global-typography-text-font-family ), Sans-serif; font-size: var( --e-global-typography-text-font-size ); font-weight: var( --e-global-typography-text-font-weight );\">Bei gr\u00f6sseren Gruppen empfehlen wir Fahrgemeinschaften zu bilden.<\/span><\/p>\n<p style=\"text-align: center;\">Adresse Mastermind: Mastermind Escape Rooms, Eckweg 8 B, 2504 Biel<\/p>\n<p style=\"text-align: center;\">Google Maps Anfahrt:\u00a0<a href=\"https:\/\/goo.gl\/maps\/zHq5FSpdz8zkgv4x9\">https:\/\/goo.gl\/maps\/zHq5FSpdz8zkgv4x9<\/a><\/p>\n\n<h3 style=\"text-align: center;\">Bemerkung<\/h3>\n<p style=\"text-align: center;\">Es ist wichtig zu wissen, dass in unseren Escape Rooms sehr viel Herzblut investiert wurde. Wir bitten die Aufsichtspersonen h\u00f6flichst, dass ihr die Kinder sensibilisiert, damit mit den Gegenst\u00e4nden in den Spielen sorgf\u00e4ltig umgegangen wird.<\/p>\t\t\t\t\t\t\t\t<\/div>\n\t\t\t\t<\/div>\n\t\t\t\t<div class=\"elementor-element elementor-element-5252141 elementor-align-center elementor-widget elementor-widget-esc-button\" data-id=\"5252141\" data-element_type=\"widget\" data-e-type=\"widget\" data-widget_type=\"esc-button.default\">\n\t\t\t\t<div class=\"elementor-widget-container\">\n\t\t\t\t\t\n\t\t<a href=\"\/about\/\" class=\"btn btn-lg btn-primary\" href=\"\/about\/\"href=\"\/about\/\">\n\t\t\t\t\t\t\t<i class=\"ion-email\"><\/i>\n\t\t\t\t\t\tJetzt zum Kontaktformular\t\t<\/a>\n\n\t\t\t\t\t\t<\/div>\n\t\t\t\t<\/div>\n\t\t\t\t\t<\/div>\n\t\t<\/div>\n\t\t\t\t\t<\/div>\n\t\t<\/section>\n\t\t\t\t<\/div>\n\t\t","protected":false},"excerpt":{"rendered":"<p>Ja, Escape Rooms k\u00f6nnen auch f\u00fcr Kinder eine grossartige Aktivit\u00e4t sein, vorausgesetzt, sie sind altersgerecht gestaltet und sicher f\u00fcr die Teilnehmer:innen. Bei uns gibt es Escape Rooms, die auch f\u00fcr Kinder im Alter von 6 bis 12 Jahren konzipiert sind. Unsere Mitarbeiter:innen werden speziell geschult und geben bei Bedarf die n\u00f6tigen Tipps. Dieses Erlebnis bietet [&hellip;]<\/p>\n","protected":false},"author":6,"featured_media":0,"parent":529,"menu_order":0,"comment_status":"closed","ping_status":"closed","template":"","meta":{"_acf_changed":false,"footnotes":""},"class_list":["post-1583","page","type-page","status-publish","hentry"],"acf":[],"yoast_head":"<!-- This site is optimized with the Yoast SEO plugin v27.4 - https:\/\/yoast.com\/product\/yoast-seo-wordpress\/ -->\n<title>Schulklassenausflug - Klassenfahrt zum Escape Room Biel<\/title>\n<meta name=\"description\" content=\"Organisiere jetzt mit deinen Sch\u00fcler den perfekten Schulklassenausflug bei Mastermind in Biel. Die Klassenfahrt mal ganz anders.\" \/>\n<meta name=\"robots\" content=\"index, follow, max-snippet:-1, max-image-preview:large, max-video-preview:-1\" \/>\n<link rel=\"canonical\" href=\"https:\/\/biel.mastermind.ch\/de\/events\/schulklassenausflug\/\" \/>\n<meta property=\"og:locale\" content=\"de_DE\" \/>\n<meta property=\"og:type\" content=\"article\" \/>\n<meta property=\"og:title\" content=\"Schulklassenausflug - Klassenfahrt zum Escape Room Biel\" \/>\n<meta property=\"og:description\" content=\"Organisiere jetzt mit deinen Sch\u00fcler den perfekten Schulklassenausflug bei Mastermind in Biel. Die Klassenfahrt mal ganz anders.\" \/>\n<meta property=\"og:url\" content=\"https:\/\/biel.mastermind.ch\/de\/events\/schulklassenausflug\/\" \/>\n<meta property=\"og:site_name\" content=\"Mastermind Escape Room Biel - 4 Escape Games\" \/>\n<meta property=\"article:publisher\" content=\"https:\/\/www.facebook.com\/MastermindEscapeRoomsBiel\" \/>\n<meta property=\"article:modified_time\" content=\"2024-10-11T15:59:52+00:00\" \/>\n<meta property=\"og:image\" content=\"https:\/\/biel.mastermind.ch\/wp-content\/uploads\/Mastermind_Klassenfahrt_2023_DE.png\" \/>\n\t<meta property=\"og:image:width\" content=\"1750\" \/>\n\t<meta property=\"og:image:height\" content=\"1237\" \/>\n\t<meta property=\"og:image:type\" content=\"image\/png\" \/>\n<meta name=\"twitter:card\" content=\"summary_large_image\" \/>\n<meta name=\"twitter:label1\" content=\"Gesch\u00e4tzte Lesezeit\" \/>\n\t<meta name=\"twitter:data1\" content=\"4\u00a0Minuten\" \/>\n<script type=\"application\/ld+json\" class=\"yoast-schema-graph\">{\"@context\":\"https:\\\/\\\/schema.org\",\"@graph\":[{\"@type\":\"WebPage\",\"@id\":\"https:\\\/\\\/biel.mastermind.ch\\\/de\\\/events\\\/schulklassenausflug\\\/\",\"url\":\"https:\\\/\\\/biel.mastermind.ch\\\/de\\\/events\\\/schulklassenausflug\\\/\",\"name\":\"Schulklassenausflug - Klassenfahrt zum Escape Room Biel\",\"isPartOf\":{\"@id\":\"https:\\\/\\\/biel.mastermind.ch\\\/de\\\/#website\"},\"primaryImageOfPage\":{\"@id\":\"https:\\\/\\\/biel.mastermind.ch\\\/de\\\/events\\\/schulklassenausflug\\\/#primaryimage\"},\"image\":{\"@id\":\"https:\\\/\\\/biel.mastermind.ch\\\/de\\\/events\\\/schulklassenausflug\\\/#primaryimage\"},\"thumbnailUrl\":\"https:\\\/\\\/biel.mastermind.ch\\\/wp-content\\\/uploads\\\/Mastermind_Klassenfahrt_2023_DE-1024x724.png\",\"datePublished\":\"2023-05-05T16:14:54+00:00\",\"dateModified\":\"2024-10-11T15:59:52+00:00\",\"description\":\"Organisiere jetzt mit deinen Sch\u00fcler den perfekten Schulklassenausflug bei Mastermind in Biel. Die Klassenfahrt mal ganz anders.\",\"breadcrumb\":{\"@id\":\"https:\\\/\\\/biel.mastermind.ch\\\/de\\\/events\\\/schulklassenausflug\\\/#breadcrumb\"},\"inLanguage\":\"de-CH\",\"potentialAction\":[{\"@type\":\"ReadAction\",\"target\":[\"https:\\\/\\\/biel.mastermind.ch\\\/de\\\/events\\\/schulklassenausflug\\\/\"]}]},{\"@type\":\"ImageObject\",\"inLanguage\":\"de-CH\",\"@id\":\"https:\\\/\\\/biel.mastermind.ch\\\/de\\\/events\\\/schulklassenausflug\\\/#primaryimage\",\"url\":\"https:\\\/\\\/biel.mastermind.ch\\\/wp-content\\\/uploads\\\/Mastermind_Klassenfahrt_2023_DE-1024x724.png\",\"contentUrl\":\"https:\\\/\\\/biel.mastermind.ch\\\/wp-content\\\/uploads\\\/Mastermind_Klassenfahrt_2023_DE-1024x724.png\"},{\"@type\":\"BreadcrumbList\",\"@id\":\"https:\\\/\\\/biel.mastermind.ch\\\/de\\\/events\\\/schulklassenausflug\\\/#breadcrumb\",\"itemListElement\":[{\"@type\":\"ListItem\",\"position\":1,\"name\":\"Startseite\",\"item\":\"https:\\\/\\\/biel.mastermind.ch\\\/de\\\/\"},{\"@type\":\"ListItem\",\"position\":2,\"name\":\"Events\",\"item\":\"https:\\\/\\\/biel.mastermind.ch\\\/de\\\/events\\\/\"},{\"@type\":\"ListItem\",\"position\":3,\"name\":\"Schulklassenausflug\"}]},{\"@type\":\"WebSite\",\"@id\":\"https:\\\/\\\/biel.mastermind.ch\\\/de\\\/#website\",\"url\":\"https:\\\/\\\/biel.mastermind.ch\\\/de\\\/\",\"name\":\"Mastermind Escape Room Biel - 4 Escape Games\",\"description\":\"Spiele den #1 Escape Room in Biel! Premium Games mit Spass, Adrenalin und Nervenkitzel warten auf dein Team. Der beste Adventure &amp; Escape Room in Biel!\",\"publisher\":{\"@id\":\"https:\\\/\\\/biel.mastermind.ch\\\/de\\\/#organization\"},\"potentialAction\":[{\"@type\":\"SearchAction\",\"target\":{\"@type\":\"EntryPoint\",\"urlTemplate\":\"https:\\\/\\\/biel.mastermind.ch\\\/de\\\/?s={search_term_string}\"},\"query-input\":{\"@type\":\"PropertyValueSpecification\",\"valueRequired\":true,\"valueName\":\"search_term_string\"}}],\"inLanguage\":\"de-CH\"},{\"@type\":\"Organization\",\"@id\":\"https:\\\/\\\/biel.mastermind.ch\\\/de\\\/#organization\",\"name\":\"Mastermind Event GmbH\",\"url\":\"https:\\\/\\\/biel.mastermind.ch\\\/de\\\/\",\"logo\":{\"@type\":\"ImageObject\",\"inLanguage\":\"de-CH\",\"@id\":\"https:\\\/\\\/biel.mastermind.ch\\\/de\\\/#\\\/schema\\\/logo\\\/image\\\/\",\"url\":\"https:\\\/\\\/biel.mastermind.ch\\\/wp-content\\\/uploads\\\/2EBF690D-81FE-41B9-93B5-730792A20F46.png\",\"contentUrl\":\"https:\\\/\\\/biel.mastermind.ch\\\/wp-content\\\/uploads\\\/2EBF690D-81FE-41B9-93B5-730792A20F46.png\",\"width\":6500,\"height\":2020,\"caption\":\"Mastermind Event GmbH\"},\"image\":{\"@id\":\"https:\\\/\\\/biel.mastermind.ch\\\/de\\\/#\\\/schema\\\/logo\\\/image\\\/\"},\"sameAs\":[\"https:\\\/\\\/www.facebook.com\\\/MastermindEscapeRoomsBiel\",\"https:\\\/\\\/www.instagram.com\\\/biel_mastermind\\\/\"]}]}<\/script>\n<!-- \/ Yoast SEO plugin. -->","yoast_head_json":{"title":"Schulklassenausflug - Klassenfahrt zum Escape Room Biel","description":"Organisiere jetzt mit deinen Sch\u00fcler den perfekten Schulklassenausflug bei Mastermind in Biel. Die Klassenfahrt mal ganz anders.","robots":{"index":"index","follow":"follow","max-snippet":"max-snippet:-1","max-image-preview":"max-image-preview:large","max-video-preview":"max-video-preview:-1"},"canonical":"https:\/\/biel.mastermind.ch\/de\/events\/schulklassenausflug\/","og_locale":"de_DE","og_type":"article","og_title":"Schulklassenausflug - Klassenfahrt zum Escape Room Biel","og_description":"Organisiere jetzt mit deinen Sch\u00fcler den perfekten Schulklassenausflug bei Mastermind in Biel. Die Klassenfahrt mal ganz anders.","og_url":"https:\/\/biel.mastermind.ch\/de\/events\/schulklassenausflug\/","og_site_name":"Mastermind Escape Room Biel - 4 Escape Games","article_publisher":"https:\/\/www.facebook.com\/MastermindEscapeRoomsBiel","article_modified_time":"2024-10-11T15:59:52+00:00","og_image":[{"width":1750,"height":1237,"url":"https:\/\/biel.mastermind.ch\/wp-content\/uploads\/Mastermind_Klassenfahrt_2023_DE.png","type":"image\/png"}],"twitter_card":"summary_large_image","twitter_misc":{"Gesch\u00e4tzte Lesezeit":"4\u00a0Minuten"},"schema":{"@context":"https:\/\/schema.org","@graph":[{"@type":"WebPage","@id":"https:\/\/biel.mastermind.ch\/de\/events\/schulklassenausflug\/","url":"https:\/\/biel.mastermind.ch\/de\/events\/schulklassenausflug\/","name":"Schulklassenausflug - Klassenfahrt zum Escape Room Biel","isPartOf":{"@id":"https:\/\/biel.mastermind.ch\/de\/#website"},"primaryImageOfPage":{"@id":"https:\/\/biel.mastermind.ch\/de\/events\/schulklassenausflug\/#primaryimage"},"image":{"@id":"https:\/\/biel.mastermind.ch\/de\/events\/schulklassenausflug\/#primaryimage"},"thumbnailUrl":"https:\/\/biel.mastermind.ch\/wp-content\/uploads\/Mastermind_Klassenfahrt_2023_DE-1024x724.png","datePublished":"2023-05-05T16:14:54+00:00","dateModified":"2024-10-11T15:59:52+00:00","description":"Organisiere jetzt mit deinen Sch\u00fcler den perfekten Schulklassenausflug bei Mastermind in Biel. Die Klassenfahrt mal ganz anders.","breadcrumb":{"@id":"https:\/\/biel.mastermind.ch\/de\/events\/schulklassenausflug\/#breadcrumb"},"inLanguage":"de-CH","potentialAction":[{"@type":"ReadAction","target":["https:\/\/biel.mastermind.ch\/de\/events\/schulklassenausflug\/"]}]},{"@type":"ImageObject","inLanguage":"de-CH","@id":"https:\/\/biel.mastermind.ch\/de\/events\/schulklassenausflug\/#primaryimage","url":"https:\/\/biel.mastermind.ch\/wp-content\/uploads\/Mastermind_Klassenfahrt_2023_DE-1024x724.png","contentUrl":"https:\/\/biel.mastermind.ch\/wp-content\/uploads\/Mastermind_Klassenfahrt_2023_DE-1024x724.png"},{"@type":"BreadcrumbList","@id":"https:\/\/biel.mastermind.ch\/de\/events\/schulklassenausflug\/#breadcrumb","itemListElement":[{"@type":"ListItem","position":1,"name":"Startseite","item":"https:\/\/biel.mastermind.ch\/de\/"},{"@type":"ListItem","position":2,"name":"Events","item":"https:\/\/biel.mastermind.ch\/de\/events\/"},{"@type":"ListItem","position":3,"name":"Schulklassenausflug"}]},{"@type":"WebSite","@id":"https:\/\/biel.mastermind.ch\/de\/#website","url":"https:\/\/biel.mastermind.ch\/de\/","name":"Mastermind Escape Room Biel - 4 Escape Games","description":"Spiele den #1 Escape Room in Biel! Premium Games mit Spass, Adrenalin und Nervenkitzel warten auf dein Team. Der beste Adventure &amp; Escape Room in Biel!","publisher":{"@id":"https:\/\/biel.mastermind.ch\/de\/#organization"},"potentialAction":[{"@type":"SearchAction","target":{"@type":"EntryPoint","urlTemplate":"https:\/\/biel.mastermind.ch\/de\/?s={search_term_string}"},"query-input":{"@type":"PropertyValueSpecification","valueRequired":true,"valueName":"search_term_string"}}],"inLanguage":"de-CH"},{"@type":"Organization","@id":"https:\/\/biel.mastermind.ch\/de\/#organization","name":"Mastermind Event GmbH","url":"https:\/\/biel.mastermind.ch\/de\/","logo":{"@type":"ImageObject","inLanguage":"de-CH","@id":"https:\/\/biel.mastermind.ch\/de\/#\/schema\/logo\/image\/","url":"https:\/\/biel.mastermind.ch\/wp-content\/uploads\/2EBF690D-81FE-41B9-93B5-730792A20F46.png","contentUrl":"https:\/\/biel.mastermind.ch\/wp-content\/uploads\/2EBF690D-81FE-41B9-93B5-730792A20F46.png","width":6500,"height":2020,"caption":"Mastermind Event GmbH"},"image":{"@id":"https:\/\/biel.mastermind.ch\/de\/#\/schema\/logo\/image\/"},"sameAs":["https:\/\/www.facebook.com\/MastermindEscapeRoomsBiel","https:\/\/www.instagram.com\/biel_mastermind\/"]}]}},"_links":{"self":[{"href":"https:\/\/biel.mastermind.ch\/de\/wp-json\/wp\/v2\/pages\/1583","targetHints":{"allow":["GET"]}}],"collection":[{"href":"https:\/\/biel.mastermind.ch\/de\/wp-json\/wp\/v2\/pages"}],"about":[{"href":"https:\/\/biel.mastermind.ch\/de\/wp-json\/wp\/v2\/types\/page"}],"author":[{"embeddable":true,"href":"https:\/\/biel.mastermind.ch\/de\/wp-json\/wp\/v2\/users\/6"}],"replies":[{"embeddable":true,"href":"https:\/\/biel.mastermind.ch\/de\/wp-json\/wp\/v2\/comments?post=1583"}],"version-history":[{"count":28,"href":"https:\/\/biel.mastermind.ch\/de\/wp-json\/wp\/v2\/pages\/1583\/revisions"}],"predecessor-version":[{"id":2721,"href":"https:\/\/biel.mastermind.ch\/de\/wp-json\/wp\/v2\/pages\/1583\/revisions\/2721"}],"up":[{"embeddable":true,"href":"https:\/\/biel.mastermind.ch\/de\/wp-json\/wp\/v2\/pages\/529"}],"wp:attachment":[{"href":"https:\/\/biel.mastermind.ch\/de\/wp-json\/wp\/v2\/media?parent=1583"}],"curies":[{"name":"wp","href":"https:\/\/api.w.org\/{rel}","templated":true}]}}