{"id":1592,"date":"2023-05-05T18:17:23","date_gmt":"2023-05-05T16:17:23","guid":{"rendered":"https:\/\/biel.mastermind.ch\/?page_id=1592"},"modified":"2026-03-31T11:31:47","modified_gmt":"2026-03-31T09:31:47","slug":"junggesellenabschied","status":"publish","type":"page","link":"https:\/\/biel.mastermind.ch\/de\/events\/junggesellenabschied\/","title":{"rendered":"Junggesellenabschied"},"content":{"rendered":"\t\t<div data-elementor-type=\"wp-page\" data-elementor-id=\"1592\" class=\"elementor elementor-1592\">\n\t\t\t\t\t\t<section class=\"elementor-section elementor-top-section elementor-element elementor-element-3da7934 elementor-section-boxed elementor-section-height-default elementor-section-height-default\" data-id=\"3da7934\" data-element_type=\"section\" data-e-type=\"section\">\n\t\t\t\t\t\t<div class=\"elementor-container elementor-column-gap-default\">\n\t\t\t\t\t<div class=\"elementor-column elementor-col-100 elementor-top-column elementor-element elementor-element-a68373d\" data-id=\"a68373d\" data-element_type=\"column\" data-e-type=\"column\">\n\t\t\t<div class=\"elementor-widget-wrap elementor-element-populated\">\n\t\t\t\t\t\t<div class=\"elementor-element elementor-element-451cf1b elementor-widget elementor-widget-image\" data-id=\"451cf1b\" data-element_type=\"widget\" data-e-type=\"widget\" data-widget_type=\"image.default\">\n\t\t\t\t<div class=\"elementor-widget-container\">\n\t\t\t\t\t\t\t\t\t\t\t\t\t\t\t<img fetchpriority=\"high\" decoding=\"async\" width=\"640\" height=\"453\" src=\"https:\/\/biel.mastermind.ch\/wp-content\/uploads\/Mastermind_JGA_2023_DE-1024x724.png\" class=\"attachment-large size-large wp-image-2310\" alt=\"\" srcset=\"https:\/\/biel.mastermind.ch\/wp-content\/uploads\/Mastermind_JGA_2023_DE-1024x724.png 1024w, https:\/\/biel.mastermind.ch\/wp-content\/uploads\/Mastermind_JGA_2023_DE-300x212.png 300w, https:\/\/biel.mastermind.ch\/wp-content\/uploads\/Mastermind_JGA_2023_DE-768x543.png 768w, https:\/\/biel.mastermind.ch\/wp-content\/uploads\/Mastermind_JGA_2023_DE-1536x1086.png 1536w, https:\/\/biel.mastermind.ch\/wp-content\/uploads\/Mastermind_JGA_2023_DE.png 1750w\" sizes=\"(max-width: 640px) 100vw, 640px\" \/>\t\t\t\t\t\t\t\t\t\t\t\t\t\t\t<\/div>\n\t\t\t\t<\/div>\n\t\t\t\t<div class=\"elementor-element elementor-element-7da3c93 elementor-widget elementor-widget-escapium-heading-title\" data-id=\"7da3c93\" data-element_type=\"widget\" data-e-type=\"widget\" data-widget_type=\"escapium-heading-title.default\">\n\t\t\t\t<div class=\"elementor-widget-container\">\n\t\t\t\t\t\n\t\t<div class=\"section-heading section-heading--divider-top\">\n\t\t\t<h2 class=\"section-heading__title\">Planst du einen Junggesellenabschied?<\/h2>\n\t\t\t\t\t<\/div>\n\n\t\t\t\t\t\t<\/div>\n\t\t\t\t<\/div>\n\t\t\t\t<div class=\"elementor-element elementor-element-dee4cbc elementor-widget elementor-widget-text-editor\" data-id=\"dee4cbc\" data-element_type=\"widget\" data-e-type=\"widget\" data-widget_type=\"text-editor.default\">\n\t\t\t\t<div class=\"elementor-widget-container\">\n\t\t\t\t\t\t\t\t\t<p style=\"text-align: justify;\">Ja? Dann haben wir den perfekten JGA f\u00fcr dich. Escape Rooms k\u00f6nnen eine grossartige Aktivit\u00e4t f\u00fcr einen Junggesellenabschied sein. Es ist eine unterhaltsame und interaktive M\u00f6glichkeit, eine Gruppe von Freund:innen oder Familienmitgliedern zusammenzubringen und eine gemeinsame Herausforderung zu meistern.<\/p><p style=\"text-align: justify;\">Escape Rooms eignen sich f\u00fcr Junggesellenabschiede, da sie eine Alternative zu den traditionellen Aktivit\u00e4ten wie Strip-Clubs oder Trinkgelagen bieten. Es ist eine M\u00f6glichkeit, einen unvergesslichen Nachmittag oder Abend zu verbringen und gleichzeitig n\u00fcchtern und sicher zu bleiben. Naja, was danach passiert kann man nie wissen.<\/p><p style=\"text-align: justify;\">Dar\u00fcber hinaus f\u00f6rdert das L\u00f6sen von R\u00e4tseln und Herausforderungen den Teamspirit im Freundeskreis und hilft, die Kommunikation und Zusammenarbeit innerhalb der ganzen Gruppe zu verbessern. Es ist auch eine grossartige Gelegenheit, Erinnerungen und Fotos zu sammeln, die den Junggesellenabschied unvergesslich machen.<\/p>\t\t\t\t\t\t\t\t<\/div>\n\t\t\t\t<\/div>\n\t\t\t\t\t<\/div>\n\t\t<\/div>\n\t\t\t\t\t<\/div>\n\t\t<\/section>\n\t\t\t\t<section class=\"elementor-section elementor-top-section elementor-element elementor-element-a7598d1 elementor-section-boxed elementor-section-height-default elementor-section-height-default\" data-id=\"a7598d1\" data-element_type=\"section\" data-e-type=\"section\">\n\t\t\t\t\t\t<div class=\"elementor-container elementor-column-gap-default\">\n\t\t\t\t\t<div class=\"elementor-column elementor-col-100 elementor-top-column elementor-element elementor-element-fefc335\" data-id=\"fefc335\" data-element_type=\"column\" data-e-type=\"column\">\n\t\t\t<div class=\"elementor-widget-wrap elementor-element-populated\">\n\t\t\t\t\t\t<div class=\"elementor-element elementor-element-bbe33bc elementor-widget elementor-widget-escapium-heading-title\" data-id=\"bbe33bc\" data-element_type=\"widget\" data-e-type=\"widget\" data-widget_type=\"escapium-heading-title.default\">\n\t\t\t\t<div class=\"elementor-widget-container\">\n\t\t\t\t\t\n\t\t<div class=\"section-heading section-heading--divider-top\">\n\t\t\t<h2 class=\"section-heading__title\">Wissenswertes<\/h2>\n\t\t\t\t\t<\/div>\n\n\t\t\t\t\t\t<\/div>\n\t\t\t\t<\/div>\n\t\t\t\t<div class=\"elementor-element elementor-element-324fbae elementor-widget elementor-widget-text-editor\" data-id=\"324fbae\" data-element_type=\"widget\" data-e-type=\"widget\" data-widget_type=\"text-editor.default\">\n\t\t\t\t<div class=\"elementor-widget-container\">\n\t\t\t\t\t\t\t\t\t<h3 style=\"text-align: center;\">Gruppengr\u00f6ssen und Dauer<\/h3><p style=\"text-align: center;\">5 &#8211; 26 Personen \/ ca. 1h 45 Min.<\/p><h3 style=\"text-align: center;\">Snacks oder Ap\u00e9ro<\/h3><p style=\"text-align: center;\">Getr\u00e4nke bieten wir vor Ort an. Ap\u00e9ros bieten wir momentan nicht an.<\/p><p style=\"text-align: center;\">Bei Bedarf: Ganz in der N\u00e4he befindet sich das Restaurant ARTIST, welches f\u00fcr den SWISS LOCATION AWARD 2023 nominiert ist.<\/p><p style=\"text-align: center;\">Link:\u00a0<a style=\"background-color: #1b1b1b; font-family: var( --e-global-typography-text-font-family ), Sans-serif; font-size: var( --e-global-typography-text-font-size ); font-weight: var( --e-global-typography-text-font-weight ); text-align: left;\" href=\"https:\/\/artist-biel.ch\/\">Hotel ARTIST &#8211; Culinary ARTISTs &#8211; HOTEL ARTIST &#8211; CULINARY ARTISTs (artist-biel.ch)<\/a><\/p><p style=\"text-align: center;\">Wir k\u00f6nnen das Restaurant und Hotel mit gutem Gewissen empfehlen.<\/p><h3 style=\"text-align: center;\">Preise und Konditionen<\/h3><p style=\"text-align: center;\">Je nach Gruppengr\u00f6sse variieren die Preise.<\/p><h3 style=\"text-align: center;\">Planung und Kontakt<\/h3><p style=\"text-align: center;\">Um den Ausflug perfekt zu planen, bitten wir dich mit uns Kontakt per Mail aufzunehmen, so k\u00f6nnen wir dir ein unverbindliches Angebot machen.<\/p><p style=\"text-align: center;\">Spezielle \u00d6ffnungszeiten k\u00f6nnen gerne per Mail angefragt werden.<\/p><h3 style=\"text-align: center;\">\u00d6V, Parking, Anfahrt<\/h3><p style=\"text-align: center;\">Vom Hauptbahnhof Biel kann man direkt mit dem 1er oder 2er Bus zu Mastermind fahren. Die Haltestelle Schl\u00f6sslistrasse bzw. Schl\u00f6sslifeld\/Cha ist nur 4 Minuten zu Fuss von Mastermind Biel entfernt.<\/p><p style=\"text-align: center;\">Falls ihr mit dem Auto kommt, k\u00f6nnt ihr auf den Parkfelder Nr. 53 und 54 parken. Angrenzend gibt es noch blaue Parkzonen.\u00a0<span style=\"color: var( --e-global-color-text ); font-family: var( --e-global-typography-text-font-family ), Sans-serif; font-size: var( --e-global-typography-text-font-size ); font-weight: var( --e-global-typography-text-font-weight );\">Bei gr\u00f6sseren Gruppen empfehlen wir Fahrgemeinschaften zu bilden.<\/span><\/p><p style=\"text-align: center;\">Adresse Mastermind: Mastermind Escape Rooms, Eckweg 8 B, 2504 Biel<\/p><p style=\"text-align: center;\"><a href=\"https:\/\/goo.gl\/maps\/zHq5FSpdz8zkgv4x9\">https:\/\/goo.gl\/maps\/zHq5FSpdz8zkgv4x9<\/a><\/p><h3 style=\"text-align: center;\">Bemerkung<\/h3><p style=\"text-align: center;\">Es ist wichtig zu wissen, dass in unseren Escape Rooms sehr viel Herzblut investiert wurde. Wir bitten den\/die Organisator:in und das Team h\u00f6flichst, dass ihr vor dem Spiel relativ n\u00fcchtern erscheint und die Spiele und R\u00e4tsel mit Sorgfalt behandelt.<\/p>\t\t\t\t\t\t\t\t<\/div>\n\t\t\t\t<\/div>\n\t\t\t\t<div class=\"elementor-element elementor-element-1f04b72 elementor-align-center elementor-widget elementor-widget-esc-button\" data-id=\"1f04b72\" data-element_type=\"widget\" data-e-type=\"widget\" data-widget_type=\"esc-button.default\">\n\t\t\t\t<div class=\"elementor-widget-container\">\n\t\t\t\t\t\n\t\t<a href=\"\/about\/\" class=\"btn btn-lg btn-primary\" href=\"\/about\/\"href=\"\/about\/\">\n\t\t\t\t\t\t\t<i class=\"ion-email\"><\/i>\n\t\t\t\t\t\tJetzt zum Kontaktformular\t\t<\/a>\n\n\t\t\t\t\t\t<\/div>\n\t\t\t\t<\/div>\n\t\t\t\t\t<\/div>\n\t\t<\/div>\n\t\t\t\t\t<\/div>\n\t\t<\/section>\n\t\t\t\t<\/div>\n\t\t","protected":false},"excerpt":{"rendered":"<p>Ja? Dann haben wir den perfekten JGA f\u00fcr dich. Escape Rooms k\u00f6nnen eine grossartige Aktivit\u00e4t f\u00fcr einen Junggesellenabschied sein. Es ist eine unterhaltsame und interaktive M\u00f6glichkeit, eine Gruppe von Freund:innen oder Familienmitgliedern zusammenzubringen und eine gemeinsame Herausforderung zu meistern. Escape Rooms eignen sich f\u00fcr Junggesellenabschiede, da sie eine Alternative zu den traditionellen Aktivit\u00e4ten wie Strip-Clubs [&hellip;]<\/p>\n","protected":false},"author":6,"featured_media":0,"parent":529,"menu_order":0,"comment_status":"closed","ping_status":"closed","template":"","meta":{"_acf_changed":false,"footnotes":""},"class_list":["post-1592","page","type-page","status-publish","hentry"],"acf":[],"yoast_head":"<!-- This site is optimized with the Yoast SEO plugin v27.6 - https:\/\/yoast.com\/product\/yoast-seo-wordpress\/ -->\n<title>Junggesellenabschied im Escape Room Biel<\/title>\n<meta name=\"description\" content=\"Plane jetzt deinen Junggesellenabschied oder deine Bachelorparty mit Mastermind in Biel. \u00dcberrasche deine Freunde mit einem sehr coolen Event.\" \/>\n<meta name=\"robots\" content=\"index, follow, max-snippet:-1, max-image-preview:large, max-video-preview:-1\" \/>\n<link rel=\"canonical\" href=\"https:\/\/biel.mastermind.ch\/de\/events\/junggesellenabschied\/\" \/>\n<meta property=\"og:locale\" content=\"de_DE\" \/>\n<meta property=\"og:type\" content=\"article\" \/>\n<meta property=\"og:title\" content=\"Junggesellenabschied im Escape Room Biel\" \/>\n<meta property=\"og:description\" content=\"Plane jetzt deinen Junggesellenabschied oder deine Bachelorparty mit Mastermind in Biel. \u00dcberrasche deine Freunde mit einem sehr coolen Event.\" \/>\n<meta property=\"og:url\" content=\"https:\/\/biel.mastermind.ch\/de\/events\/junggesellenabschied\/\" \/>\n<meta property=\"og:site_name\" content=\"Mastermind Escape Room Biel - 4 Escape Games\" \/>\n<meta property=\"article:publisher\" content=\"https:\/\/www.facebook.com\/MastermindEscapeRoomsBiel\" \/>\n<meta property=\"article:modified_time\" content=\"2026-03-31T09:31:47+00:00\" \/>\n<meta property=\"og:image\" content=\"https:\/\/biel.mastermind.ch\/wp-content\/uploads\/Mastermind_JGA_2023_DE.png\" \/>\n\t<meta property=\"og:image:width\" content=\"1750\" \/>\n\t<meta property=\"og:image:height\" content=\"1237\" \/>\n\t<meta property=\"og:image:type\" content=\"image\/png\" \/>\n<meta name=\"twitter:card\" content=\"summary_large_image\" \/>\n<meta name=\"twitter:label1\" content=\"Gesch\u00e4tzte Lesezeit\" \/>\n\t<meta name=\"twitter:data1\" content=\"3\u00a0Minuten\" \/>\n<script type=\"application\/ld+json\" class=\"yoast-schema-graph\">{\"@context\":\"https:\\\/\\\/schema.org\",\"@graph\":[{\"@type\":\"WebPage\",\"@id\":\"https:\\\/\\\/biel.mastermind.ch\\\/de\\\/events\\\/junggesellenabschied\\\/\",\"url\":\"https:\\\/\\\/biel.mastermind.ch\\\/de\\\/events\\\/junggesellenabschied\\\/\",\"name\":\"Junggesellenabschied im Escape Room Biel\",\"isPartOf\":{\"@id\":\"https:\\\/\\\/biel.mastermind.ch\\\/de\\\/#website\"},\"primaryImageOfPage\":{\"@id\":\"https:\\\/\\\/biel.mastermind.ch\\\/de\\\/events\\\/junggesellenabschied\\\/#primaryimage\"},\"image\":{\"@id\":\"https:\\\/\\\/biel.mastermind.ch\\\/de\\\/events\\\/junggesellenabschied\\\/#primaryimage\"},\"thumbnailUrl\":\"https:\\\/\\\/biel.mastermind.ch\\\/wp-content\\\/uploads\\\/Mastermind_JGA_2023_DE-1024x724.png\",\"datePublished\":\"2023-05-05T16:17:23+00:00\",\"dateModified\":\"2026-03-31T09:31:47+00:00\",\"description\":\"Plane jetzt deinen Junggesellenabschied oder deine Bachelorparty mit Mastermind in Biel. \u00dcberrasche deine Freunde mit einem sehr coolen Event.\",\"breadcrumb\":{\"@id\":\"https:\\\/\\\/biel.mastermind.ch\\\/de\\\/events\\\/junggesellenabschied\\\/#breadcrumb\"},\"inLanguage\":\"de-CH\",\"potentialAction\":[{\"@type\":\"ReadAction\",\"target\":[\"https:\\\/\\\/biel.mastermind.ch\\\/de\\\/events\\\/junggesellenabschied\\\/\"]}]},{\"@type\":\"ImageObject\",\"inLanguage\":\"de-CH\",\"@id\":\"https:\\\/\\\/biel.mastermind.ch\\\/de\\\/events\\\/junggesellenabschied\\\/#primaryimage\",\"url\":\"https:\\\/\\\/biel.mastermind.ch\\\/wp-content\\\/uploads\\\/Mastermind_JGA_2023_DE-1024x724.png\",\"contentUrl\":\"https:\\\/\\\/biel.mastermind.ch\\\/wp-content\\\/uploads\\\/Mastermind_JGA_2023_DE-1024x724.png\"},{\"@type\":\"BreadcrumbList\",\"@id\":\"https:\\\/\\\/biel.mastermind.ch\\\/de\\\/events\\\/junggesellenabschied\\\/#breadcrumb\",\"itemListElement\":[{\"@type\":\"ListItem\",\"position\":1,\"name\":\"Startseite\",\"item\":\"https:\\\/\\\/biel.mastermind.ch\\\/de\\\/\"},{\"@type\":\"ListItem\",\"position\":2,\"name\":\"Events\",\"item\":\"https:\\\/\\\/biel.mastermind.ch\\\/de\\\/events\\\/\"},{\"@type\":\"ListItem\",\"position\":3,\"name\":\"Junggesellenabschied\"}]},{\"@type\":\"WebSite\",\"@id\":\"https:\\\/\\\/biel.mastermind.ch\\\/de\\\/#website\",\"url\":\"https:\\\/\\\/biel.mastermind.ch\\\/de\\\/\",\"name\":\"Mastermind Escape Room Biel - 4 Escape Games\",\"description\":\"Spiele den #1 Escape Room in Biel! Premium Games mit Spass, Adrenalin und Nervenkitzel warten auf dein Team. Der beste Adventure &amp; Escape Room in Biel!\",\"publisher\":{\"@id\":\"https:\\\/\\\/biel.mastermind.ch\\\/de\\\/#organization\"},\"potentialAction\":[{\"@type\":\"SearchAction\",\"target\":{\"@type\":\"EntryPoint\",\"urlTemplate\":\"https:\\\/\\\/biel.mastermind.ch\\\/de\\\/?s={search_term_string}\"},\"query-input\":{\"@type\":\"PropertyValueSpecification\",\"valueRequired\":true,\"valueName\":\"search_term_string\"}}],\"inLanguage\":\"de-CH\"},{\"@type\":\"Organization\",\"@id\":\"https:\\\/\\\/biel.mastermind.ch\\\/de\\\/#organization\",\"name\":\"Mastermind Event GmbH\",\"url\":\"https:\\\/\\\/biel.mastermind.ch\\\/de\\\/\",\"logo\":{\"@type\":\"ImageObject\",\"inLanguage\":\"de-CH\",\"@id\":\"https:\\\/\\\/biel.mastermind.ch\\\/de\\\/#\\\/schema\\\/logo\\\/image\\\/\",\"url\":\"https:\\\/\\\/biel.mastermind.ch\\\/wp-content\\\/uploads\\\/2EBF690D-81FE-41B9-93B5-730792A20F46.png\",\"contentUrl\":\"https:\\\/\\\/biel.mastermind.ch\\\/wp-content\\\/uploads\\\/2EBF690D-81FE-41B9-93B5-730792A20F46.png\",\"width\":6500,\"height\":2020,\"caption\":\"Mastermind Event GmbH\"},\"image\":{\"@id\":\"https:\\\/\\\/biel.mastermind.ch\\\/de\\\/#\\\/schema\\\/logo\\\/image\\\/\"},\"sameAs\":[\"https:\\\/\\\/www.facebook.com\\\/MastermindEscapeRoomsBiel\",\"https:\\\/\\\/www.instagram.com\\\/biel_mastermind\\\/\"]}]}<\/script>\n<!-- \/ Yoast SEO plugin. -->","yoast_head_json":{"title":"Junggesellenabschied im Escape Room Biel","description":"Plane jetzt deinen Junggesellenabschied oder deine Bachelorparty mit Mastermind in Biel. \u00dcberrasche deine Freunde mit einem sehr coolen Event.","robots":{"index":"index","follow":"follow","max-snippet":"max-snippet:-1","max-image-preview":"max-image-preview:large","max-video-preview":"max-video-preview:-1"},"canonical":"https:\/\/biel.mastermind.ch\/de\/events\/junggesellenabschied\/","og_locale":"de_DE","og_type":"article","og_title":"Junggesellenabschied im Escape Room Biel","og_description":"Plane jetzt deinen Junggesellenabschied oder deine Bachelorparty mit Mastermind in Biel. \u00dcberrasche deine Freunde mit einem sehr coolen Event.","og_url":"https:\/\/biel.mastermind.ch\/de\/events\/junggesellenabschied\/","og_site_name":"Mastermind Escape Room Biel - 4 Escape Games","article_publisher":"https:\/\/www.facebook.com\/MastermindEscapeRoomsBiel","article_modified_time":"2026-03-31T09:31:47+00:00","og_image":[{"width":1750,"height":1237,"url":"https:\/\/biel.mastermind.ch\/wp-content\/uploads\/Mastermind_JGA_2023_DE.png","type":"image\/png"}],"twitter_card":"summary_large_image","twitter_misc":{"Gesch\u00e4tzte Lesezeit":"3\u00a0Minuten"},"schema":{"@context":"https:\/\/schema.org","@graph":[{"@type":"WebPage","@id":"https:\/\/biel.mastermind.ch\/de\/events\/junggesellenabschied\/","url":"https:\/\/biel.mastermind.ch\/de\/events\/junggesellenabschied\/","name":"Junggesellenabschied im Escape Room Biel","isPartOf":{"@id":"https:\/\/biel.mastermind.ch\/de\/#website"},"primaryImageOfPage":{"@id":"https:\/\/biel.mastermind.ch\/de\/events\/junggesellenabschied\/#primaryimage"},"image":{"@id":"https:\/\/biel.mastermind.ch\/de\/events\/junggesellenabschied\/#primaryimage"},"thumbnailUrl":"https:\/\/biel.mastermind.ch\/wp-content\/uploads\/Mastermind_JGA_2023_DE-1024x724.png","datePublished":"2023-05-05T16:17:23+00:00","dateModified":"2026-03-31T09:31:47+00:00","description":"Plane jetzt deinen Junggesellenabschied oder deine Bachelorparty mit Mastermind in Biel. \u00dcberrasche deine Freunde mit einem sehr coolen Event.","breadcrumb":{"@id":"https:\/\/biel.mastermind.ch\/de\/events\/junggesellenabschied\/#breadcrumb"},"inLanguage":"de-CH","potentialAction":[{"@type":"ReadAction","target":["https:\/\/biel.mastermind.ch\/de\/events\/junggesellenabschied\/"]}]},{"@type":"ImageObject","inLanguage":"de-CH","@id":"https:\/\/biel.mastermind.ch\/de\/events\/junggesellenabschied\/#primaryimage","url":"https:\/\/biel.mastermind.ch\/wp-content\/uploads\/Mastermind_JGA_2023_DE-1024x724.png","contentUrl":"https:\/\/biel.mastermind.ch\/wp-content\/uploads\/Mastermind_JGA_2023_DE-1024x724.png"},{"@type":"BreadcrumbList","@id":"https:\/\/biel.mastermind.ch\/de\/events\/junggesellenabschied\/#breadcrumb","itemListElement":[{"@type":"ListItem","position":1,"name":"Startseite","item":"https:\/\/biel.mastermind.ch\/de\/"},{"@type":"ListItem","position":2,"name":"Events","item":"https:\/\/biel.mastermind.ch\/de\/events\/"},{"@type":"ListItem","position":3,"name":"Junggesellenabschied"}]},{"@type":"WebSite","@id":"https:\/\/biel.mastermind.ch\/de\/#website","url":"https:\/\/biel.mastermind.ch\/de\/","name":"Mastermind Escape Room Biel - 4 Escape Games","description":"Spiele den #1 Escape Room in Biel! Premium Games mit Spass, Adrenalin und Nervenkitzel warten auf dein Team. Der beste Adventure &amp; Escape Room in Biel!","publisher":{"@id":"https:\/\/biel.mastermind.ch\/de\/#organization"},"potentialAction":[{"@type":"SearchAction","target":{"@type":"EntryPoint","urlTemplate":"https:\/\/biel.mastermind.ch\/de\/?s={search_term_string}"},"query-input":{"@type":"PropertyValueSpecification","valueRequired":true,"valueName":"search_term_string"}}],"inLanguage":"de-CH"},{"@type":"Organization","@id":"https:\/\/biel.mastermind.ch\/de\/#organization","name":"Mastermind Event GmbH","url":"https:\/\/biel.mastermind.ch\/de\/","logo":{"@type":"ImageObject","inLanguage":"de-CH","@id":"https:\/\/biel.mastermind.ch\/de\/#\/schema\/logo\/image\/","url":"https:\/\/biel.mastermind.ch\/wp-content\/uploads\/2EBF690D-81FE-41B9-93B5-730792A20F46.png","contentUrl":"https:\/\/biel.mastermind.ch\/wp-content\/uploads\/2EBF690D-81FE-41B9-93B5-730792A20F46.png","width":6500,"height":2020,"caption":"Mastermind Event GmbH"},"image":{"@id":"https:\/\/biel.mastermind.ch\/de\/#\/schema\/logo\/image\/"},"sameAs":["https:\/\/www.facebook.com\/MastermindEscapeRoomsBiel","https:\/\/www.instagram.com\/biel_mastermind\/"]}]}},"_links":{"self":[{"href":"https:\/\/biel.mastermind.ch\/de\/wp-json\/wp\/v2\/pages\/1592","targetHints":{"allow":["GET"]}}],"collection":[{"href":"https:\/\/biel.mastermind.ch\/de\/wp-json\/wp\/v2\/pages"}],"about":[{"href":"https:\/\/biel.mastermind.ch\/de\/wp-json\/wp\/v2\/types\/page"}],"author":[{"embeddable":true,"href":"https:\/\/biel.mastermind.ch\/de\/wp-json\/wp\/v2\/users\/6"}],"replies":[{"embeddable":true,"href":"https:\/\/biel.mastermind.ch\/de\/wp-json\/wp\/v2\/comments?post=1592"}],"version-history":[{"count":47,"href":"https:\/\/biel.mastermind.ch\/de\/wp-json\/wp\/v2\/pages\/1592\/revisions"}],"predecessor-version":[{"id":2840,"href":"https:\/\/biel.mastermind.ch\/de\/wp-json\/wp\/v2\/pages\/1592\/revisions\/2840"}],"up":[{"embeddable":true,"href":"https:\/\/biel.mastermind.ch\/de\/wp-json\/wp\/v2\/pages\/529"}],"wp:attachment":[{"href":"https:\/\/biel.mastermind.ch\/de\/wp-json\/wp\/v2\/media?parent=1592"}],"curies":[{"name":"wp","href":"https:\/\/api.w.org\/{rel}","templated":true}]}}