{"id":2421,"date":"2023-08-07T15:55:40","date_gmt":"2023-08-07T13:55:40","guid":{"rendered":"https:\/\/biel.mastermind.ch\/?page_id=2421"},"modified":"2024-10-11T18:06:09","modified_gmt":"2024-10-11T16:06:09","slug":"jobangebote","status":"publish","type":"page","link":"https:\/\/biel.mastermind.ch\/de\/jobangebote\/","title":{"rendered":"Jobangebote"},"content":{"rendered":"\t\t<div data-elementor-type=\"wp-page\" data-elementor-id=\"2421\" class=\"elementor elementor-2421\">\n\t\t\t\t\t\t<section class=\"elementor-section elementor-top-section elementor-element elementor-element-ea5f77a elementor-section-boxed elementor-section-height-default elementor-section-height-default\" data-id=\"ea5f77a\" data-element_type=\"section\" data-e-type=\"section\">\n\t\t\t\t\t\t<div class=\"elementor-container elementor-column-gap-default\">\n\t\t\t\t\t<div class=\"elementor-column elementor-col-100 elementor-top-column elementor-element elementor-element-86359e4\" data-id=\"86359e4\" data-element_type=\"column\" data-e-type=\"column\">\n\t\t\t<div class=\"elementor-widget-wrap elementor-element-populated\">\n\t\t\t\t\t\t<div class=\"elementor-element elementor-element-414ee85 elementor-widget elementor-widget-text-editor\" data-id=\"414ee85\" data-element_type=\"widget\" data-e-type=\"widget\" data-widget_type=\"text-editor.default\">\n\t\t\t\t<div class=\"elementor-widget-container\">\n\t\t\t\t\t\t\t\t\t<p style=\"text-align: justify;\">Aufregende Herausforderungen und spannende Abenteuer warten auf dich!<\/p><p style=\"text-align: justify;\">Willst du Teil eines Teams sein, das Menschen in atemberaubende Welten entf\u00fchrt und ihnen unvergessliche Erlebnisse bietet? Wir sind ein f\u00fchrendes Unternehmen im Bereich Escape Rooms und suchen nach talentierten und begeisterten Mitarbeitern, die unsere Leidenschaft teilen.<\/p><p style=\"text-align: justify;\">Als Teil unseres Teams wirst du die M\u00f6glichkeit haben, einzigartige R\u00e4tsel und Geschichten zu entwickeln, die unsere G\u00e4ste fesseln und ihre Kreativit\u00e4t herausfordern. Du wirst an der Gestaltung von aufregenden Szenarien und der Umsetzung innovativer Technologien mitwirken, um die Grenzen des Escape Room-Erlebnisses zu erweitern.<\/p><p style=\"text-align: justify;\">Wir glauben an die St\u00e4rke des Teams und f\u00f6rdern eine kollaborative Arbeitsumgebung, in der Ideen und Innovation gefeiert werden. Bei uns wirst du mit engagierten Kollegen zusammenarbeiten, die ihre Leidenschaft f\u00fcr immersive Erlebnisse teilen. Gemeinsam werden wir neue Welten erschaffen und Menschen in eine andere Realit\u00e4t entf\u00fchren.<\/p><p style=\"text-align: justify;\">Egal, ob du bereits Erfahrung im Bereich Escape Rooms hast oder neu einsteigst, wir bieten dir die M\u00f6glichkeit, dich weiterzuentwickeln und deine F\u00e4higkeiten auszubauen. Mit Schulungen und Fortbildungen unterst\u00fctzen wir dich dabei, dein volles Potenzial zu entfalten und in deinem Bereich zu gl\u00e4nzen.<\/p><p style=\"text-align: justify;\">Bist du bereit, Teil unserer aufregenden Escape Room-Welt zu werden? Wenn du kreativ, teamorientiert und begeistert von immersive Erlebnissen bist, freuen wir uns darauf, von dir zu h\u00f6ren. Zusammen k\u00f6nnen wir Menschen begeistern und unvergessliche Abenteuer schaffen.<\/p><p style=\"text-align: justify;\">Bewirb dich jetzt und werde Teil unseres Teams, das die Grenzen der Fantasie sprengt und Menschen in eine Welt voller R\u00e4tsel und Magie entf\u00fchrt. Zusammen k\u00f6nnen wir die Escape Room-Branche revolutionieren und einzigartige Erlebnisse schaffen, die unsere G\u00e4ste f\u00fcr immer in Erinnerung behalten.<\/p><p>\u00a0<\/p><h2>Offene Jobangebote:<\/h2><ul><li>Kundenbetreuer Escape Rooms 20-60% in Biel<\/li><li>Kundenbetreuer Escape Rooms 20-60% in Bern<\/li><\/ul>\t\t\t\t\t\t\t\t<\/div>\n\t\t\t\t<\/div>\n\t\t\t\t\t<\/div>\n\t\t<\/div>\n\t\t\t\t\t<\/div>\n\t\t<\/section>\n\t\t\t\t<\/div>\n\t\t","protected":false},"excerpt":{"rendered":"<p>Aufregende Herausforderungen und spannende Abenteuer warten auf dich! Willst du Teil eines Teams sein, das Menschen in atemberaubende Welten entf\u00fchrt und ihnen unvergessliche Erlebnisse bietet? Wir sind ein f\u00fchrendes Unternehmen im Bereich Escape Rooms und suchen nach talentierten und begeisterten Mitarbeitern, die unsere Leidenschaft teilen. Als Teil unseres Teams wirst du die M\u00f6glichkeit haben, einzigartige [&hellip;]<\/p>\n","protected":false},"author":6,"featured_media":0,"parent":0,"menu_order":0,"comment_status":"closed","ping_status":"closed","template":"","meta":{"_acf_changed":false,"footnotes":""},"class_list":["post-2421","page","type-page","status-publish","hentry"],"acf":[],"yoast_head":"<!-- This site is optimized with the Yoast SEO plugin v27.5 - https:\/\/yoast.com\/product\/yoast-seo-wordpress\/ -->\n<title>Jobangebote - Mastermind Escape Room Biel<\/title>\n<meta name=\"description\" content=\"Als f\u00fchrendes Unternehmen im Bereich Escape Rooms suchen wir nach talentierten und begeisterten Mitarbeitern, die unsere Leidenschaft teilen.\" \/>\n<meta name=\"robots\" content=\"index, follow, max-snippet:-1, max-image-preview:large, max-video-preview:-1\" \/>\n<link rel=\"canonical\" href=\"https:\/\/biel.mastermind.ch\/de\/jobangebote\/\" \/>\n<meta property=\"og:locale\" content=\"de_DE\" \/>\n<meta property=\"og:type\" content=\"article\" \/>\n<meta property=\"og:title\" content=\"Jobangebote - Mastermind Escape Room Biel\" \/>\n<meta property=\"og:description\" content=\"Als f\u00fchrendes Unternehmen im Bereich Escape Rooms suchen wir nach talentierten und begeisterten Mitarbeitern, die unsere Leidenschaft teilen.\" \/>\n<meta property=\"og:url\" content=\"https:\/\/biel.mastermind.ch\/de\/jobangebote\/\" \/>\n<meta property=\"og:site_name\" content=\"Mastermind Escape Room Biel - 4 Escape Games\" \/>\n<meta property=\"article:publisher\" content=\"https:\/\/www.facebook.com\/MastermindEscapeRoomsBiel\" \/>\n<meta property=\"article:modified_time\" content=\"2024-10-11T16:06:09+00:00\" \/>\n<meta property=\"og:image\" content=\"https:\/\/biel.mastermind.ch\/wp-content\/uploads\/2021\/12\/shutterstock_1767219707-scaled.jpg\" \/>\n\t<meta property=\"og:image:width\" content=\"2560\" \/>\n\t<meta property=\"og:image:height\" content=\"1440\" \/>\n\t<meta property=\"og:image:type\" content=\"image\/jpeg\" \/>\n<meta name=\"twitter:card\" content=\"summary_large_image\" \/>\n<meta name=\"twitter:label1\" content=\"Gesch\u00e4tzte Lesezeit\" \/>\n\t<meta name=\"twitter:data1\" content=\"2\u00a0Minuten\" \/>\n<script type=\"application\/ld+json\" class=\"yoast-schema-graph\">{\"@context\":\"https:\\\/\\\/schema.org\",\"@graph\":[{\"@type\":\"WebPage\",\"@id\":\"https:\\\/\\\/biel.mastermind.ch\\\/de\\\/jobangebote\\\/\",\"url\":\"https:\\\/\\\/biel.mastermind.ch\\\/de\\\/jobangebote\\\/\",\"name\":\"Jobangebote - Mastermind Escape Room Biel\",\"isPartOf\":{\"@id\":\"https:\\\/\\\/biel.mastermind.ch\\\/de\\\/#website\"},\"datePublished\":\"2023-08-07T13:55:40+00:00\",\"dateModified\":\"2024-10-11T16:06:09+00:00\",\"description\":\"Als f\u00fchrendes Unternehmen im Bereich Escape Rooms suchen wir nach talentierten und begeisterten Mitarbeitern, die unsere Leidenschaft teilen.\",\"breadcrumb\":{\"@id\":\"https:\\\/\\\/biel.mastermind.ch\\\/de\\\/jobangebote\\\/#breadcrumb\"},\"inLanguage\":\"de-CH\",\"potentialAction\":[{\"@type\":\"ReadAction\",\"target\":[\"https:\\\/\\\/biel.mastermind.ch\\\/de\\\/jobangebote\\\/\"]}]},{\"@type\":\"BreadcrumbList\",\"@id\":\"https:\\\/\\\/biel.mastermind.ch\\\/de\\\/jobangebote\\\/#breadcrumb\",\"itemListElement\":[{\"@type\":\"ListItem\",\"position\":1,\"name\":\"Startseite\",\"item\":\"https:\\\/\\\/biel.mastermind.ch\\\/de\\\/\"},{\"@type\":\"ListItem\",\"position\":2,\"name\":\"Jobangebote\"}]},{\"@type\":\"WebSite\",\"@id\":\"https:\\\/\\\/biel.mastermind.ch\\\/de\\\/#website\",\"url\":\"https:\\\/\\\/biel.mastermind.ch\\\/de\\\/\",\"name\":\"Mastermind Escape Room Biel - 4 Escape Games\",\"description\":\"Spiele den #1 Escape Room in Biel! Premium Games mit Spass, Adrenalin und Nervenkitzel warten auf dein Team. Der beste Adventure &amp; Escape Room in Biel!\",\"publisher\":{\"@id\":\"https:\\\/\\\/biel.mastermind.ch\\\/de\\\/#organization\"},\"potentialAction\":[{\"@type\":\"SearchAction\",\"target\":{\"@type\":\"EntryPoint\",\"urlTemplate\":\"https:\\\/\\\/biel.mastermind.ch\\\/de\\\/?s={search_term_string}\"},\"query-input\":{\"@type\":\"PropertyValueSpecification\",\"valueRequired\":true,\"valueName\":\"search_term_string\"}}],\"inLanguage\":\"de-CH\"},{\"@type\":\"Organization\",\"@id\":\"https:\\\/\\\/biel.mastermind.ch\\\/de\\\/#organization\",\"name\":\"Mastermind Event GmbH\",\"url\":\"https:\\\/\\\/biel.mastermind.ch\\\/de\\\/\",\"logo\":{\"@type\":\"ImageObject\",\"inLanguage\":\"de-CH\",\"@id\":\"https:\\\/\\\/biel.mastermind.ch\\\/de\\\/#\\\/schema\\\/logo\\\/image\\\/\",\"url\":\"https:\\\/\\\/biel.mastermind.ch\\\/wp-content\\\/uploads\\\/2EBF690D-81FE-41B9-93B5-730792A20F46.png\",\"contentUrl\":\"https:\\\/\\\/biel.mastermind.ch\\\/wp-content\\\/uploads\\\/2EBF690D-81FE-41B9-93B5-730792A20F46.png\",\"width\":6500,\"height\":2020,\"caption\":\"Mastermind Event GmbH\"},\"image\":{\"@id\":\"https:\\\/\\\/biel.mastermind.ch\\\/de\\\/#\\\/schema\\\/logo\\\/image\\\/\"},\"sameAs\":[\"https:\\\/\\\/www.facebook.com\\\/MastermindEscapeRoomsBiel\",\"https:\\\/\\\/www.instagram.com\\\/biel_mastermind\\\/\"]}]}<\/script>\n<!-- \/ Yoast SEO plugin. -->","yoast_head_json":{"title":"Jobangebote - Mastermind Escape Room Biel","description":"Als f\u00fchrendes Unternehmen im Bereich Escape Rooms suchen wir nach talentierten und begeisterten Mitarbeitern, die unsere Leidenschaft teilen.","robots":{"index":"index","follow":"follow","max-snippet":"max-snippet:-1","max-image-preview":"max-image-preview:large","max-video-preview":"max-video-preview:-1"},"canonical":"https:\/\/biel.mastermind.ch\/de\/jobangebote\/","og_locale":"de_DE","og_type":"article","og_title":"Jobangebote - Mastermind Escape Room Biel","og_description":"Als f\u00fchrendes Unternehmen im Bereich Escape Rooms suchen wir nach talentierten und begeisterten Mitarbeitern, die unsere Leidenschaft teilen.","og_url":"https:\/\/biel.mastermind.ch\/de\/jobangebote\/","og_site_name":"Mastermind Escape Room Biel - 4 Escape Games","article_publisher":"https:\/\/www.facebook.com\/MastermindEscapeRoomsBiel","article_modified_time":"2024-10-11T16:06:09+00:00","og_image":[{"width":2560,"height":1440,"url":"https:\/\/biel.mastermind.ch\/wp-content\/uploads\/2021\/12\/shutterstock_1767219707-scaled.jpg","type":"image\/jpeg"}],"twitter_card":"summary_large_image","twitter_misc":{"Gesch\u00e4tzte Lesezeit":"2\u00a0Minuten"},"schema":{"@context":"https:\/\/schema.org","@graph":[{"@type":"WebPage","@id":"https:\/\/biel.mastermind.ch\/de\/jobangebote\/","url":"https:\/\/biel.mastermind.ch\/de\/jobangebote\/","name":"Jobangebote - Mastermind Escape Room Biel","isPartOf":{"@id":"https:\/\/biel.mastermind.ch\/de\/#website"},"datePublished":"2023-08-07T13:55:40+00:00","dateModified":"2024-10-11T16:06:09+00:00","description":"Als f\u00fchrendes Unternehmen im Bereich Escape Rooms suchen wir nach talentierten und begeisterten Mitarbeitern, die unsere Leidenschaft teilen.","breadcrumb":{"@id":"https:\/\/biel.mastermind.ch\/de\/jobangebote\/#breadcrumb"},"inLanguage":"de-CH","potentialAction":[{"@type":"ReadAction","target":["https:\/\/biel.mastermind.ch\/de\/jobangebote\/"]}]},{"@type":"BreadcrumbList","@id":"https:\/\/biel.mastermind.ch\/de\/jobangebote\/#breadcrumb","itemListElement":[{"@type":"ListItem","position":1,"name":"Startseite","item":"https:\/\/biel.mastermind.ch\/de\/"},{"@type":"ListItem","position":2,"name":"Jobangebote"}]},{"@type":"WebSite","@id":"https:\/\/biel.mastermind.ch\/de\/#website","url":"https:\/\/biel.mastermind.ch\/de\/","name":"Mastermind Escape Room Biel - 4 Escape Games","description":"Spiele den #1 Escape Room in Biel! Premium Games mit Spass, Adrenalin und Nervenkitzel warten auf dein Team. Der beste Adventure &amp; Escape Room in Biel!","publisher":{"@id":"https:\/\/biel.mastermind.ch\/de\/#organization"},"potentialAction":[{"@type":"SearchAction","target":{"@type":"EntryPoint","urlTemplate":"https:\/\/biel.mastermind.ch\/de\/?s={search_term_string}"},"query-input":{"@type":"PropertyValueSpecification","valueRequired":true,"valueName":"search_term_string"}}],"inLanguage":"de-CH"},{"@type":"Organization","@id":"https:\/\/biel.mastermind.ch\/de\/#organization","name":"Mastermind Event GmbH","url":"https:\/\/biel.mastermind.ch\/de\/","logo":{"@type":"ImageObject","inLanguage":"de-CH","@id":"https:\/\/biel.mastermind.ch\/de\/#\/schema\/logo\/image\/","url":"https:\/\/biel.mastermind.ch\/wp-content\/uploads\/2EBF690D-81FE-41B9-93B5-730792A20F46.png","contentUrl":"https:\/\/biel.mastermind.ch\/wp-content\/uploads\/2EBF690D-81FE-41B9-93B5-730792A20F46.png","width":6500,"height":2020,"caption":"Mastermind Event GmbH"},"image":{"@id":"https:\/\/biel.mastermind.ch\/de\/#\/schema\/logo\/image\/"},"sameAs":["https:\/\/www.facebook.com\/MastermindEscapeRoomsBiel","https:\/\/www.instagram.com\/biel_mastermind\/"]}]}},"_links":{"self":[{"href":"https:\/\/biel.mastermind.ch\/de\/wp-json\/wp\/v2\/pages\/2421","targetHints":{"allow":["GET"]}}],"collection":[{"href":"https:\/\/biel.mastermind.ch\/de\/wp-json\/wp\/v2\/pages"}],"about":[{"href":"https:\/\/biel.mastermind.ch\/de\/wp-json\/wp\/v2\/types\/page"}],"author":[{"embeddable":true,"href":"https:\/\/biel.mastermind.ch\/de\/wp-json\/wp\/v2\/users\/6"}],"replies":[{"embeddable":true,"href":"https:\/\/biel.mastermind.ch\/de\/wp-json\/wp\/v2\/comments?post=2421"}],"version-history":[{"count":11,"href":"https:\/\/biel.mastermind.ch\/de\/wp-json\/wp\/v2\/pages\/2421\/revisions"}],"predecessor-version":[{"id":2733,"href":"https:\/\/biel.mastermind.ch\/de\/wp-json\/wp\/v2\/pages\/2421\/revisions\/2733"}],"wp:attachment":[{"href":"https:\/\/biel.mastermind.ch\/de\/wp-json\/wp\/v2\/media?parent=2421"}],"curies":[{"name":"wp","href":"https:\/\/api.w.org\/{rel}","templated":true}]}}