{"id":1327,"date":"2021-12-29T19:10:24","date_gmt":"2021-12-29T18:10:24","guid":{"rendered":"https:\/\/biel.mastermind.ch\/events\/"},"modified":"2023-05-15T17:20:34","modified_gmt":"2023-05-15T15:20:34","slug":"events","status":"publish","type":"page","link":"https:\/\/biel.mastermind.ch\/fr\/events\/","title":{"rendered":"\u00c9v\u00e9nements"},"content":{"rendered":"\t\t<div data-elementor-type=\"wp-page\" data-elementor-id=\"1327\" class=\"elementor elementor-1327 elementor-529\">\n\t\t\t\t\t\t<section class=\"elementor-section elementor-top-section elementor-element elementor-element-27784934 elementor-section-boxed elementor-section-height-default elementor-section-height-default\" data-id=\"27784934\" data-element_type=\"section\" data-e-type=\"section\">\n\t\t\t\t\t\t<div class=\"elementor-container elementor-column-gap-default\">\n\t\t\t\t\t<div class=\"elementor-column elementor-col-100 elementor-top-column elementor-element elementor-element-18df55fb\" data-id=\"18df55fb\" data-element_type=\"column\" data-e-type=\"column\">\n\t\t\t<div class=\"elementor-widget-wrap elementor-element-populated\">\n\t\t\t\t\t\t<div class=\"elementor-element elementor-element-47996e9b elementor-invisible elementor-widget elementor-widget-escapium-heading-title\" data-id=\"47996e9b\" data-element_type=\"widget\" data-e-type=\"widget\" data-settings=\"{&quot;_animation&quot;:&quot;fadeIn&quot;}\" data-widget_type=\"escapium-heading-title.default\">\n\t\t\t\t<div class=\"elementor-widget-container\">\n\t\t\t\t\t\n\t\t<div class=\"section-heading section-heading--divider-top\">\n\t\t\t<h2 class=\"section-heading__title\">Ton \u00e9v\u00e9nement d&#039;\u00e9quipe chez nous ?<\/h2>\n\t\t\t\t\t<\/div>\n\n\t\t\t\t\t\t<\/div>\n\t\t\t\t<\/div>\n\t\t\t\t\t<\/div>\n\t\t<\/div>\n\t\t\t\t\t<\/div>\n\t\t<\/section>\n\t\t\t\t<section class=\"elementor-section elementor-top-section elementor-element elementor-element-78dc4b94 elementor-section-boxed elementor-section-height-default elementor-section-height-default\" data-id=\"78dc4b94\" data-element_type=\"section\" data-e-type=\"section\">\n\t\t\t\t\t\t<div class=\"elementor-container elementor-column-gap-default\">\n\t\t\t\t\t<div class=\"elementor-column elementor-col-33 elementor-top-column elementor-element elementor-element-1df7bb9d\" data-id=\"1df7bb9d\" data-element_type=\"column\" data-e-type=\"column\">\n\t\t\t<div class=\"elementor-widget-wrap\">\n\t\t\t\t\t\t\t<\/div>\n\t\t<\/div>\n\t\t\t\t<div class=\"elementor-column elementor-col-33 elementor-top-column elementor-element elementor-element-17336f9a\" data-id=\"17336f9a\" data-element_type=\"column\" data-e-type=\"column\">\n\t\t\t<div class=\"elementor-widget-wrap elementor-element-populated\">\n\t\t\t\t\t\t<div class=\"elementor-element elementor-element-25f78887 elementor-widget elementor-widget-text-editor\" data-id=\"25f78887\" data-element_type=\"widget\" data-e-type=\"widget\" data-widget_type=\"text-editor.default\">\n\t\t\t\t<div class=\"elementor-widget-container\">\n\t\t\t\t\t\t\t\t\t<p><span style=\"color: var( --e-global-color-text ); font-family: var( --e-global-typography-text-font-family ), Sans-serif; font-size: var( --e-global-typography-text-font-size ); font-weight: var( --e-global-typography-text-font-weight );\">Vous \u00eates \u00e0 la recherche d\u2019une occasion extraordinaire pour vous et votre groupe ?<\/span><\/p>\n<p><span style=\"color: var( --e-global-color-text ); font-family: var( --e-global-typography-text-font-family ), Sans-serif; font-size: var( --e-global-typography-text-font-size ); font-weight: var( --e-global-typography-text-font-weight );\">Nous sommes guid\u00e9s par vous et vos souhaits. Nous nous ferons un plaisir de concevoir une offre individuelle avec vous.<\/span><\/p>\n<p><span style=\"color: var( --e-global-color-text ); font-family: var( --e-global-typography-text-font-family ), Sans-serif; font-size: var( --e-global-typography-text-font-size ); font-weight: var( --e-global-typography-text-font-weight );\">Jetez maintenant un coup d\u2019\u0153il aux sous-cat\u00e9gories individuelles. Vous y trouverez beaucoup d\u2019informations.<\/span><\/p>\n<h4><a href=\"https:\/\/biel.mastermind.ch\/fr\/events\/evenements-dequipe-sorties-dentreprises\/\">\u00c9v\u00e9nement d\u2019\u00e9quipe \/ sortie d\u2019entreprise<\/a><\/h4>\n<p>\u00ab La sortie d\u2019entreprise inoubliable et passionnante \u00bb<br><br><\/p>\n<h4><a href=\"https:\/\/biel.mastermind.ch\/fr\/events\/excursions-de-classe\/\">Excursions de classe<\/a><\/h4>\n<p>\u00ab L\u2019excursion de classe l\u00e9g\u00e8rement diff\u00e9rente \u00bb<br><br><\/p>\n<h4><a href=\"https:\/\/biel.mastermind.ch\/fr\/events\/enterrement-de-vie-de-garcon-de-jeune-fille-bienne\/\">Enterrement de vie de gar\u00e7on \/ de jeune fille<\/a><\/h4>\n<p>\u00ab Pas de consommation excessive d\u2019alcool d\u00e9g\u00e9n\u00e9rative \u00bb<br><br><\/p>\n<h4><a href=\"https:\/\/biel.mastermind.ch\/fr\/events\/fetes-de-noel-bienne\/\">F\u00eates de No\u00ebl<\/a><\/h4>\n<p>\u00ab la f\u00eate de No\u00ebl d\u2019un genre sp\u00e9cial \u00bb<br><br><\/p>\n<h4><a href=\"https:\/\/biel.mastermind.ch\/fr\/events\/renforcement-dequipe\/\">Renforcement d&rsquo;\u00e9quipe<\/a><\/h4>\n<p>\u00ab Team building d\u2019une mani\u00e8re compl\u00e8tement diff\u00e9rente \u00bb<\/p>\t\t\t\t\t\t\t\t<\/div>\n\t\t\t\t<\/div>\n\t\t\t\t\t<\/div>\n\t\t<\/div>\n\t\t\t\t<div class=\"elementor-column elementor-col-33 elementor-top-column elementor-element elementor-element-56f00cde\" data-id=\"56f00cde\" data-element_type=\"column\" data-e-type=\"column\">\n\t\t\t<div class=\"elementor-widget-wrap\">\n\t\t\t\t\t\t\t<\/div>\n\t\t<\/div>\n\t\t\t\t\t<\/div>\n\t\t<\/section>\n\t\t\t\t<section class=\"elementor-section elementor-top-section elementor-element elementor-element-57848132 elementor-section-boxed elementor-section-height-default elementor-section-height-default\" data-id=\"57848132\" data-element_type=\"section\" data-e-type=\"section\">\n\t\t\t\t\t\t<div class=\"elementor-container elementor-column-gap-default\">\n\t\t\t\t\t<div class=\"elementor-column elementor-col-100 elementor-top-column elementor-element elementor-element-67dd97a9\" data-id=\"67dd97a9\" data-element_type=\"column\" data-e-type=\"column\">\n\t\t\t<div class=\"elementor-widget-wrap elementor-element-populated\">\n\t\t\t\t\t\t<div class=\"elementor-element elementor-element-6062976b elementor-widget elementor-widget-spacer\" data-id=\"6062976b\" data-element_type=\"widget\" data-e-type=\"widget\" data-widget_type=\"spacer.default\">\n\t\t\t\t<div class=\"elementor-widget-container\">\n\t\t\t\t\t\t\t<div class=\"elementor-spacer\">\n\t\t\t<div class=\"elementor-spacer-inner\"><\/div>\n\t\t<\/div>\n\t\t\t\t\t\t<\/div>\n\t\t\t\t<\/div>\n\t\t\t\t<div class=\"elementor-element elementor-element-1833102b elementor-align-center elementor-invisible elementor-widget elementor-widget-esc-button\" data-id=\"1833102b\" data-element_type=\"widget\" data-e-type=\"widget\" data-settings=\"{&quot;_animation&quot;:&quot;fadeInUp&quot;}\" data-widget_type=\"esc-button.default\">\n\t\t\t\t<div class=\"elementor-widget-container\">\n\t\t\t\t\t\n\t\t<a href=\"\/fr\/about\/\" class=\"btn btn-lg btn-primary\" href=\"\/fr\/about\/\"href=\"\/fr\/about\/\">\n\t\t\t\t\t\tAcc\u00e9der au formulaire de contact\t\t<\/a>\n\n\t\t\t\t\t\t<\/div>\n\t\t\t\t<\/div>\n\t\t\t\t<div class=\"elementor-element elementor-element-65a628a2 elementor-widget elementor-widget-spacer\" data-id=\"65a628a2\" data-element_type=\"widget\" data-e-type=\"widget\" data-widget_type=\"spacer.default\">\n\t\t\t\t<div class=\"elementor-widget-container\">\n\t\t\t\t\t\t\t<div class=\"elementor-spacer\">\n\t\t\t<div class=\"elementor-spacer-inner\"><\/div>\n\t\t<\/div>\n\t\t\t\t\t\t<\/div>\n\t\t\t\t<\/div>\n\t\t\t\t\t<\/div>\n\t\t<\/div>\n\t\t\t\t\t<\/div>\n\t\t<\/section>\n\t\t\t\t<\/div>\n\t\t","protected":false},"excerpt":{"rendered":"<p>Vous \u00eates \u00e0 la recherche d\u2019une occasion extraordinaire pour vous et votre groupe ? Nous sommes guid\u00e9s par vous et vos souhaits. Nous nous ferons un plaisir de concevoir une offre individuelle avec vous. Jetez maintenant un coup d\u2019\u0153il aux sous-cat\u00e9gories individuelles. Vous y trouverez beaucoup d\u2019informations. \u00c9v\u00e9nement d\u2019\u00e9quipe \/ sortie d\u2019entreprise \u00ab La sortie [&hellip;]<\/p>\n","protected":false},"author":1,"featured_media":165,"parent":0,"menu_order":0,"comment_status":"closed","ping_status":"closed","template":"elementor_header_footer","meta":{"_acf_changed":false,"footnotes":""},"class_list":["post-1327","page","type-page","status-publish","has-post-thumbnail","hentry"],"acf":[],"yoast_head":"<!-- This site is optimized with the Yoast SEO plugin v27.5 - https:\/\/yoast.com\/product\/yoast-seo-wordpress\/ -->\n<title>R\u00e9server un \u00c9v\u00e9nement | Mastermind Escape Room Bienne<\/title>\n<meta name=\"description\" content=\"Nous offrons la possibilit\u00e9 parfaite pour un \u00e9v\u00e9nement d&#039;entreprise, une sortie de classe, une soir\u00e9e de c\u00e9libataire ou une sortie d&#039;association.\" \/>\n<meta name=\"robots\" content=\"index, follow, max-snippet:-1, max-image-preview:large, max-video-preview:-1\" \/>\n<link rel=\"canonical\" href=\"https:\/\/biel.mastermind.ch\/fr\/events\/\" \/>\n<meta property=\"og:locale\" content=\"fr_FR\" \/>\n<meta property=\"og:type\" content=\"article\" \/>\n<meta property=\"og:title\" content=\"R\u00e9server un \u00c9v\u00e9nement | Mastermind Escape Room Bienne\" \/>\n<meta property=\"og:description\" content=\"Nous offrons la possibilit\u00e9 parfaite pour un \u00e9v\u00e9nement d&#039;entreprise, une sortie de classe, une soir\u00e9e de c\u00e9libataire ou une sortie d&#039;association.\" \/>\n<meta property=\"og:url\" content=\"https:\/\/biel.mastermind.ch\/fr\/events\/\" \/>\n<meta property=\"og:site_name\" content=\"Mastermind Escape Room Biel - 4 Escape Games\" \/>\n<meta property=\"article:publisher\" content=\"https:\/\/www.facebook.com\/MastermindEscapeRoomsBiel\" \/>\n<meta property=\"article:modified_time\" content=\"2023-05-15T15:20:34+00:00\" \/>\n<meta property=\"og:image\" content=\"https:\/\/biel.mastermind.ch\/wp-content\/uploads\/2021\/12\/shutterstock_1767219707-scaled.jpg\" \/>\n\t<meta property=\"og:image:width\" content=\"2560\" \/>\n\t<meta property=\"og:image:height\" content=\"1440\" \/>\n\t<meta property=\"og:image:type\" content=\"image\/jpeg\" \/>\n<meta name=\"twitter:card\" content=\"summary_large_image\" \/>\n<meta name=\"twitter:label1\" content=\"Dur\u00e9e de lecture estim\u00e9e\" \/>\n\t<meta name=\"twitter:data1\" content=\"1 minute\" \/>\n<script type=\"application\/ld+json\" class=\"yoast-schema-graph\">{\"@context\":\"https:\\\/\\\/schema.org\",\"@graph\":[{\"@type\":\"WebPage\",\"@id\":\"https:\\\/\\\/biel.mastermind.ch\\\/fr\\\/events\\\/\",\"url\":\"https:\\\/\\\/biel.mastermind.ch\\\/fr\\\/events\\\/\",\"name\":\"R\u00e9server un \u00c9v\u00e9nement | Mastermind Escape Room Bienne\",\"isPartOf\":{\"@id\":\"https:\\\/\\\/biel.mastermind.ch\\\/fr\\\/#website\"},\"primaryImageOfPage\":{\"@id\":\"https:\\\/\\\/biel.mastermind.ch\\\/fr\\\/events\\\/#primaryimage\"},\"image\":{\"@id\":\"https:\\\/\\\/biel.mastermind.ch\\\/fr\\\/events\\\/#primaryimage\"},\"thumbnailUrl\":\"https:\\\/\\\/biel.mastermind.ch\\\/wp-content\\\/uploads\\\/2021\\\/12\\\/shutterstock_1767219707-scaled.jpg\",\"datePublished\":\"2021-12-29T18:10:24+00:00\",\"dateModified\":\"2023-05-15T15:20:34+00:00\",\"description\":\"Nous offrons la possibilit\u00e9 parfaite pour un \u00e9v\u00e9nement d'entreprise, une sortie de classe, une soir\u00e9e de c\u00e9libataire ou une sortie d'association.\",\"breadcrumb\":{\"@id\":\"https:\\\/\\\/biel.mastermind.ch\\\/fr\\\/events\\\/#breadcrumb\"},\"inLanguage\":\"fr-FR\",\"potentialAction\":[{\"@type\":\"ReadAction\",\"target\":[\"https:\\\/\\\/biel.mastermind.ch\\\/fr\\\/events\\\/\"]}]},{\"@type\":\"ImageObject\",\"inLanguage\":\"fr-FR\",\"@id\":\"https:\\\/\\\/biel.mastermind.ch\\\/fr\\\/events\\\/#primaryimage\",\"url\":\"https:\\\/\\\/biel.mastermind.ch\\\/wp-content\\\/uploads\\\/2021\\\/12\\\/shutterstock_1767219707-scaled.jpg\",\"contentUrl\":\"https:\\\/\\\/biel.mastermind.ch\\\/wp-content\\\/uploads\\\/2021\\\/12\\\/shutterstock_1767219707-scaled.jpg\",\"width\":2560,\"height\":1440,\"caption\":\"Schloss\"},{\"@type\":\"BreadcrumbList\",\"@id\":\"https:\\\/\\\/biel.mastermind.ch\\\/fr\\\/events\\\/#breadcrumb\",\"itemListElement\":[{\"@type\":\"ListItem\",\"position\":1,\"name\":\"Startseite\",\"item\":\"https:\\\/\\\/biel.mastermind.ch\\\/fr\\\/\"},{\"@type\":\"ListItem\",\"position\":2,\"name\":\"\u00c9v\u00e9nements\"}]},{\"@type\":\"WebSite\",\"@id\":\"https:\\\/\\\/biel.mastermind.ch\\\/fr\\\/#website\",\"url\":\"https:\\\/\\\/biel.mastermind.ch\\\/fr\\\/\",\"name\":\"Mastermind Escape Room Biel - 4 Escape Games\",\"description\":\"Spiele den #1 Escaperoom in Biel! Premium Games mit Spass, Adrenalin und Nervenkitzel warten auf dein Team. Der beste Adventure &amp; Escape Room in Biel!\",\"publisher\":{\"@id\":\"https:\\\/\\\/biel.mastermind.ch\\\/fr\\\/#organization\"},\"potentialAction\":[{\"@type\":\"SearchAction\",\"target\":{\"@type\":\"EntryPoint\",\"urlTemplate\":\"https:\\\/\\\/biel.mastermind.ch\\\/fr\\\/?s={search_term_string}\"},\"query-input\":{\"@type\":\"PropertyValueSpecification\",\"valueRequired\":true,\"valueName\":\"search_term_string\"}}],\"inLanguage\":\"fr-FR\"},{\"@type\":\"Organization\",\"@id\":\"https:\\\/\\\/biel.mastermind.ch\\\/fr\\\/#organization\",\"name\":\"Mastermind Event GmbH\",\"url\":\"https:\\\/\\\/biel.mastermind.ch\\\/fr\\\/\",\"logo\":{\"@type\":\"ImageObject\",\"inLanguage\":\"fr-FR\",\"@id\":\"https:\\\/\\\/biel.mastermind.ch\\\/fr\\\/#\\\/schema\\\/logo\\\/image\\\/\",\"url\":\"https:\\\/\\\/biel.mastermind.ch\\\/wp-content\\\/uploads\\\/2EBF690D-81FE-41B9-93B5-730792A20F46.png\",\"contentUrl\":\"https:\\\/\\\/biel.mastermind.ch\\\/wp-content\\\/uploads\\\/2EBF690D-81FE-41B9-93B5-730792A20F46.png\",\"width\":6500,\"height\":2020,\"caption\":\"Mastermind Event GmbH\"},\"image\":{\"@id\":\"https:\\\/\\\/biel.mastermind.ch\\\/fr\\\/#\\\/schema\\\/logo\\\/image\\\/\"},\"sameAs\":[\"https:\\\/\\\/www.facebook.com\\\/MastermindEscapeRoomsBiel\",\"https:\\\/\\\/www.instagram.com\\\/biel_mastermind\\\/\"]}]}<\/script>\n<!-- \/ Yoast SEO plugin. -->","yoast_head_json":{"title":"R\u00e9server un \u00c9v\u00e9nement | Mastermind Escape Room Bienne","description":"Nous offrons la possibilit\u00e9 parfaite pour un \u00e9v\u00e9nement d'entreprise, une sortie de classe, une soir\u00e9e de c\u00e9libataire ou une sortie d'association.","robots":{"index":"index","follow":"follow","max-snippet":"max-snippet:-1","max-image-preview":"max-image-preview:large","max-video-preview":"max-video-preview:-1"},"canonical":"https:\/\/biel.mastermind.ch\/fr\/events\/","og_locale":"fr_FR","og_type":"article","og_title":"R\u00e9server un \u00c9v\u00e9nement | Mastermind Escape Room Bienne","og_description":"Nous offrons la possibilit\u00e9 parfaite pour un \u00e9v\u00e9nement d'entreprise, une sortie de classe, une soir\u00e9e de c\u00e9libataire ou une sortie d'association.","og_url":"https:\/\/biel.mastermind.ch\/fr\/events\/","og_site_name":"Mastermind Escape Room Biel - 4 Escape Games","article_publisher":"https:\/\/www.facebook.com\/MastermindEscapeRoomsBiel","article_modified_time":"2023-05-15T15:20:34+00:00","og_image":[{"width":2560,"height":1440,"url":"https:\/\/biel.mastermind.ch\/wp-content\/uploads\/2021\/12\/shutterstock_1767219707-scaled.jpg","type":"image\/jpeg"}],"twitter_card":"summary_large_image","twitter_misc":{"Dur\u00e9e de lecture estim\u00e9e":"1 minute"},"schema":{"@context":"https:\/\/schema.org","@graph":[{"@type":"WebPage","@id":"https:\/\/biel.mastermind.ch\/fr\/events\/","url":"https:\/\/biel.mastermind.ch\/fr\/events\/","name":"R\u00e9server un \u00c9v\u00e9nement | Mastermind Escape Room Bienne","isPartOf":{"@id":"https:\/\/biel.mastermind.ch\/fr\/#website"},"primaryImageOfPage":{"@id":"https:\/\/biel.mastermind.ch\/fr\/events\/#primaryimage"},"image":{"@id":"https:\/\/biel.mastermind.ch\/fr\/events\/#primaryimage"},"thumbnailUrl":"https:\/\/biel.mastermind.ch\/wp-content\/uploads\/2021\/12\/shutterstock_1767219707-scaled.jpg","datePublished":"2021-12-29T18:10:24+00:00","dateModified":"2023-05-15T15:20:34+00:00","description":"Nous offrons la possibilit\u00e9 parfaite pour un \u00e9v\u00e9nement d'entreprise, une sortie de classe, une soir\u00e9e de c\u00e9libataire ou une sortie d'association.","breadcrumb":{"@id":"https:\/\/biel.mastermind.ch\/fr\/events\/#breadcrumb"},"inLanguage":"fr-FR","potentialAction":[{"@type":"ReadAction","target":["https:\/\/biel.mastermind.ch\/fr\/events\/"]}]},{"@type":"ImageObject","inLanguage":"fr-FR","@id":"https:\/\/biel.mastermind.ch\/fr\/events\/#primaryimage","url":"https:\/\/biel.mastermind.ch\/wp-content\/uploads\/2021\/12\/shutterstock_1767219707-scaled.jpg","contentUrl":"https:\/\/biel.mastermind.ch\/wp-content\/uploads\/2021\/12\/shutterstock_1767219707-scaled.jpg","width":2560,"height":1440,"caption":"Schloss"},{"@type":"BreadcrumbList","@id":"https:\/\/biel.mastermind.ch\/fr\/events\/#breadcrumb","itemListElement":[{"@type":"ListItem","position":1,"name":"Startseite","item":"https:\/\/biel.mastermind.ch\/fr\/"},{"@type":"ListItem","position":2,"name":"\u00c9v\u00e9nements"}]},{"@type":"WebSite","@id":"https:\/\/biel.mastermind.ch\/fr\/#website","url":"https:\/\/biel.mastermind.ch\/fr\/","name":"Mastermind Escape Room Biel - 4 Escape Games","description":"Spiele den #1 Escaperoom in Biel! Premium Games mit Spass, Adrenalin und Nervenkitzel warten auf dein Team. Der beste Adventure &amp; Escape Room in Biel!","publisher":{"@id":"https:\/\/biel.mastermind.ch\/fr\/#organization"},"potentialAction":[{"@type":"SearchAction","target":{"@type":"EntryPoint","urlTemplate":"https:\/\/biel.mastermind.ch\/fr\/?s={search_term_string}"},"query-input":{"@type":"PropertyValueSpecification","valueRequired":true,"valueName":"search_term_string"}}],"inLanguage":"fr-FR"},{"@type":"Organization","@id":"https:\/\/biel.mastermind.ch\/fr\/#organization","name":"Mastermind Event GmbH","url":"https:\/\/biel.mastermind.ch\/fr\/","logo":{"@type":"ImageObject","inLanguage":"fr-FR","@id":"https:\/\/biel.mastermind.ch\/fr\/#\/schema\/logo\/image\/","url":"https:\/\/biel.mastermind.ch\/wp-content\/uploads\/2EBF690D-81FE-41B9-93B5-730792A20F46.png","contentUrl":"https:\/\/biel.mastermind.ch\/wp-content\/uploads\/2EBF690D-81FE-41B9-93B5-730792A20F46.png","width":6500,"height":2020,"caption":"Mastermind Event GmbH"},"image":{"@id":"https:\/\/biel.mastermind.ch\/fr\/#\/schema\/logo\/image\/"},"sameAs":["https:\/\/www.facebook.com\/MastermindEscapeRoomsBiel","https:\/\/www.instagram.com\/biel_mastermind\/"]}]}},"_links":{"self":[{"href":"https:\/\/biel.mastermind.ch\/fr\/wp-json\/wp\/v2\/pages\/1327","targetHints":{"allow":["GET"]}}],"collection":[{"href":"https:\/\/biel.mastermind.ch\/fr\/wp-json\/wp\/v2\/pages"}],"about":[{"href":"https:\/\/biel.mastermind.ch\/fr\/wp-json\/wp\/v2\/types\/page"}],"author":[{"embeddable":true,"href":"https:\/\/biel.mastermind.ch\/fr\/wp-json\/wp\/v2\/users\/1"}],"replies":[{"embeddable":true,"href":"https:\/\/biel.mastermind.ch\/fr\/wp-json\/wp\/v2\/comments?post=1327"}],"version-history":[{"count":20,"href":"https:\/\/biel.mastermind.ch\/fr\/wp-json\/wp\/v2\/pages\/1327\/revisions"}],"predecessor-version":[{"id":1974,"href":"https:\/\/biel.mastermind.ch\/fr\/wp-json\/wp\/v2\/pages\/1327\/revisions\/1974"}],"wp:featuredmedia":[{"embeddable":true,"href":"https:\/\/biel.mastermind.ch\/fr\/wp-json\/wp\/v2\/media\/165"}],"wp:attachment":[{"href":"https:\/\/biel.mastermind.ch\/fr\/wp-json\/wp\/v2\/media?parent=1327"}],"curies":[{"name":"wp","href":"https:\/\/api.w.org\/{rel}","templated":true}]}}