{"id":1390,"date":"2021-12-14T19:27:58","date_gmt":"2021-12-14T18:27:58","guid":{"rendered":"https:\/\/biel.mastermind.ch\/buchen\/"},"modified":"2023-02-17T16:51:35","modified_gmt":"2023-02-17T15:51:35","slug":"reserver","status":"publish","type":"page","link":"https:\/\/biel.mastermind.ch\/fr\/reserver\/","title":{"rendered":"R\u00e9server"},"content":{"rendered":"\t\t<div data-elementor-type=\"wp-page\" data-elementor-id=\"1390\" class=\"elementor elementor-1390 elementor-219\">\n\t\t\t\t\t\t<section class=\"elementor-section elementor-top-section elementor-element elementor-element-acbb8b4 elementor-section-boxed elementor-section-height-default elementor-section-height-default\" data-id=\"acbb8b4\" data-element_type=\"section\" data-e-type=\"section\">\n\t\t\t\t\t\t<div class=\"elementor-container elementor-column-gap-default\">\n\t\t\t\t\t<div class=\"elementor-column elementor-col-100 elementor-top-column elementor-element elementor-element-6c3ab26\" data-id=\"6c3ab26\" data-element_type=\"column\" data-e-type=\"column\">\n\t\t\t<div class=\"elementor-widget-wrap elementor-element-populated\">\n\t\t\t\t\t\t<div class=\"elementor-element elementor-element-2ab0952 elementor-widget elementor-widget-html\" data-id=\"2ab0952\" data-element_type=\"widget\" data-e-type=\"widget\" data-widget_type=\"html.default\">\n\t\t\t\t<div class=\"elementor-widget-container\">\n\t\t\t\t\t<script src=\"https:\/\/cdn.quinbook.com\/shop.js\" data-shopid=\"103303dd56a731e377d01f6a37badae3\"><\/script>\t\t\t\t<\/div>\n\t\t\t\t<\/div>\n\t\t\t\t\t<\/div>\n\t\t<\/div>\n\t\t\t\t\t<\/div>\n\t\t<\/section>\n\t\t\t\t<\/div>\n\t\t","protected":false},"excerpt":{"rendered":"","protected":false},"author":1,"featured_media":165,"parent":0,"menu_order":0,"comment_status":"closed","ping_status":"closed","template":"elementor_header_footer","meta":{"_acf_changed":false,"footnotes":""},"class_list":["post-1390","page","type-page","status-publish","has-post-thumbnail","hentry"],"acf":[],"yoast_head":"<!-- This site is optimized with the Yoast SEO plugin v27.5 - https:\/\/yoast.com\/product\/yoast-seo-wordpress\/ -->\n<title>R\u00e9serve Maintenant - Mastermind Escape Room Biel<\/title>\n<meta name=\"description\" content=\"R\u00e9serve maintenant ton exp\u00e9rience d&#039;escape room chez Mastermind Escape Room \u00e0 Bienne. - R\u00e9servez votre aventure d\u00e8s maintenant.\" \/>\n<meta name=\"robots\" content=\"index, follow, max-snippet:-1, max-image-preview:large, max-video-preview:-1\" \/>\n<link rel=\"canonical\" href=\"https:\/\/biel.mastermind.ch\/fr\/reserver\/\" \/>\n<meta property=\"og:locale\" content=\"fr_FR\" \/>\n<meta property=\"og:type\" content=\"article\" \/>\n<meta property=\"og:title\" content=\"R\u00e9serve Maintenant - Mastermind Escape Room Biel\" \/>\n<meta property=\"og:description\" content=\"R\u00e9serve maintenant ton exp\u00e9rience d&#039;escape room chez Mastermind Escape Room \u00e0 Bienne. - R\u00e9servez votre aventure d\u00e8s maintenant.\" \/>\n<meta property=\"og:url\" content=\"https:\/\/biel.mastermind.ch\/fr\/reserver\/\" \/>\n<meta property=\"og:site_name\" content=\"Mastermind Escape Room Biel - 4 Escape Games\" \/>\n<meta property=\"article:publisher\" content=\"https:\/\/www.facebook.com\/MastermindEscapeRoomsBiel\" \/>\n<meta property=\"article:modified_time\" content=\"2023-02-17T15:51:35+00:00\" \/>\n<meta property=\"og:image\" content=\"https:\/\/biel.mastermind.ch\/wp-content\/uploads\/2021\/12\/shutterstock_1767219707-scaled.jpg\" \/>\n\t<meta property=\"og:image:width\" content=\"2560\" \/>\n\t<meta property=\"og:image:height\" content=\"1440\" \/>\n\t<meta property=\"og:image:type\" content=\"image\/jpeg\" \/>\n<meta name=\"twitter:card\" content=\"summary_large_image\" \/>\n<script type=\"application\/ld+json\" class=\"yoast-schema-graph\">{\"@context\":\"https:\\\/\\\/schema.org\",\"@graph\":[{\"@type\":\"WebPage\",\"@id\":\"https:\\\/\\\/biel.mastermind.ch\\\/fr\\\/reserver\\\/\",\"url\":\"https:\\\/\\\/biel.mastermind.ch\\\/fr\\\/reserver\\\/\",\"name\":\"R\u00e9serve Maintenant - Mastermind Escape Room Biel\",\"isPartOf\":{\"@id\":\"https:\\\/\\\/biel.mastermind.ch\\\/fr\\\/#website\"},\"primaryImageOfPage\":{\"@id\":\"https:\\\/\\\/biel.mastermind.ch\\\/fr\\\/reserver\\\/#primaryimage\"},\"image\":{\"@id\":\"https:\\\/\\\/biel.mastermind.ch\\\/fr\\\/reserver\\\/#primaryimage\"},\"thumbnailUrl\":\"https:\\\/\\\/biel.mastermind.ch\\\/wp-content\\\/uploads\\\/2021\\\/12\\\/shutterstock_1767219707-scaled.jpg\",\"datePublished\":\"2021-12-14T18:27:58+00:00\",\"dateModified\":\"2023-02-17T15:51:35+00:00\",\"description\":\"R\u00e9serve maintenant ton exp\u00e9rience d'escape room chez Mastermind Escape Room \u00e0 Bienne. - R\u00e9servez votre aventure d\u00e8s maintenant.\",\"breadcrumb\":{\"@id\":\"https:\\\/\\\/biel.mastermind.ch\\\/fr\\\/reserver\\\/#breadcrumb\"},\"inLanguage\":\"fr-FR\",\"potentialAction\":[{\"@type\":\"ReadAction\",\"target\":[\"https:\\\/\\\/biel.mastermind.ch\\\/fr\\\/reserver\\\/\"]}]},{\"@type\":\"ImageObject\",\"inLanguage\":\"fr-FR\",\"@id\":\"https:\\\/\\\/biel.mastermind.ch\\\/fr\\\/reserver\\\/#primaryimage\",\"url\":\"https:\\\/\\\/biel.mastermind.ch\\\/wp-content\\\/uploads\\\/2021\\\/12\\\/shutterstock_1767219707-scaled.jpg\",\"contentUrl\":\"https:\\\/\\\/biel.mastermind.ch\\\/wp-content\\\/uploads\\\/2021\\\/12\\\/shutterstock_1767219707-scaled.jpg\",\"width\":2560,\"height\":1440,\"caption\":\"Schloss\"},{\"@type\":\"BreadcrumbList\",\"@id\":\"https:\\\/\\\/biel.mastermind.ch\\\/fr\\\/reserver\\\/#breadcrumb\",\"itemListElement\":[{\"@type\":\"ListItem\",\"position\":1,\"name\":\"Startseite\",\"item\":\"https:\\\/\\\/biel.mastermind.ch\\\/fr\\\/\"},{\"@type\":\"ListItem\",\"position\":2,\"name\":\"R\u00e9server\"}]},{\"@type\":\"WebSite\",\"@id\":\"https:\\\/\\\/biel.mastermind.ch\\\/fr\\\/#website\",\"url\":\"https:\\\/\\\/biel.mastermind.ch\\\/fr\\\/\",\"name\":\"Mastermind Escape Room Biel - 4 Escape Games\",\"description\":\"Spiele den #1 Escaperoom in Biel! Premium Games mit Spass, Adrenalin und Nervenkitzel warten auf dein Team. Der beste Adventure &amp; Escape Room in Biel!\",\"publisher\":{\"@id\":\"https:\\\/\\\/biel.mastermind.ch\\\/fr\\\/#organization\"},\"potentialAction\":[{\"@type\":\"SearchAction\",\"target\":{\"@type\":\"EntryPoint\",\"urlTemplate\":\"https:\\\/\\\/biel.mastermind.ch\\\/fr\\\/?s={search_term_string}\"},\"query-input\":{\"@type\":\"PropertyValueSpecification\",\"valueRequired\":true,\"valueName\":\"search_term_string\"}}],\"inLanguage\":\"fr-FR\"},{\"@type\":\"Organization\",\"@id\":\"https:\\\/\\\/biel.mastermind.ch\\\/fr\\\/#organization\",\"name\":\"Mastermind Event GmbH\",\"url\":\"https:\\\/\\\/biel.mastermind.ch\\\/fr\\\/\",\"logo\":{\"@type\":\"ImageObject\",\"inLanguage\":\"fr-FR\",\"@id\":\"https:\\\/\\\/biel.mastermind.ch\\\/fr\\\/#\\\/schema\\\/logo\\\/image\\\/\",\"url\":\"https:\\\/\\\/biel.mastermind.ch\\\/wp-content\\\/uploads\\\/2EBF690D-81FE-41B9-93B5-730792A20F46.png\",\"contentUrl\":\"https:\\\/\\\/biel.mastermind.ch\\\/wp-content\\\/uploads\\\/2EBF690D-81FE-41B9-93B5-730792A20F46.png\",\"width\":6500,\"height\":2020,\"caption\":\"Mastermind Event GmbH\"},\"image\":{\"@id\":\"https:\\\/\\\/biel.mastermind.ch\\\/fr\\\/#\\\/schema\\\/logo\\\/image\\\/\"},\"sameAs\":[\"https:\\\/\\\/www.facebook.com\\\/MastermindEscapeRoomsBiel\",\"https:\\\/\\\/www.instagram.com\\\/biel_mastermind\\\/\"]}]}<\/script>\n<!-- \/ Yoast SEO plugin. -->","yoast_head_json":{"title":"R\u00e9serve Maintenant - Mastermind Escape Room Biel","description":"R\u00e9serve maintenant ton exp\u00e9rience d'escape room chez Mastermind Escape Room \u00e0 Bienne. - R\u00e9servez votre aventure d\u00e8s maintenant.","robots":{"index":"index","follow":"follow","max-snippet":"max-snippet:-1","max-image-preview":"max-image-preview:large","max-video-preview":"max-video-preview:-1"},"canonical":"https:\/\/biel.mastermind.ch\/fr\/reserver\/","og_locale":"fr_FR","og_type":"article","og_title":"R\u00e9serve Maintenant - Mastermind Escape Room Biel","og_description":"R\u00e9serve maintenant ton exp\u00e9rience d'escape room chez Mastermind Escape Room \u00e0 Bienne. - R\u00e9servez votre aventure d\u00e8s maintenant.","og_url":"https:\/\/biel.mastermind.ch\/fr\/reserver\/","og_site_name":"Mastermind Escape Room Biel - 4 Escape Games","article_publisher":"https:\/\/www.facebook.com\/MastermindEscapeRoomsBiel","article_modified_time":"2023-02-17T15:51:35+00:00","og_image":[{"width":2560,"height":1440,"url":"https:\/\/biel.mastermind.ch\/wp-content\/uploads\/2021\/12\/shutterstock_1767219707-scaled.jpg","type":"image\/jpeg"}],"twitter_card":"summary_large_image","schema":{"@context":"https:\/\/schema.org","@graph":[{"@type":"WebPage","@id":"https:\/\/biel.mastermind.ch\/fr\/reserver\/","url":"https:\/\/biel.mastermind.ch\/fr\/reserver\/","name":"R\u00e9serve Maintenant - Mastermind Escape Room Biel","isPartOf":{"@id":"https:\/\/biel.mastermind.ch\/fr\/#website"},"primaryImageOfPage":{"@id":"https:\/\/biel.mastermind.ch\/fr\/reserver\/#primaryimage"},"image":{"@id":"https:\/\/biel.mastermind.ch\/fr\/reserver\/#primaryimage"},"thumbnailUrl":"https:\/\/biel.mastermind.ch\/wp-content\/uploads\/2021\/12\/shutterstock_1767219707-scaled.jpg","datePublished":"2021-12-14T18:27:58+00:00","dateModified":"2023-02-17T15:51:35+00:00","description":"R\u00e9serve maintenant ton exp\u00e9rience d'escape room chez Mastermind Escape Room \u00e0 Bienne. - R\u00e9servez votre aventure d\u00e8s maintenant.","breadcrumb":{"@id":"https:\/\/biel.mastermind.ch\/fr\/reserver\/#breadcrumb"},"inLanguage":"fr-FR","potentialAction":[{"@type":"ReadAction","target":["https:\/\/biel.mastermind.ch\/fr\/reserver\/"]}]},{"@type":"ImageObject","inLanguage":"fr-FR","@id":"https:\/\/biel.mastermind.ch\/fr\/reserver\/#primaryimage","url":"https:\/\/biel.mastermind.ch\/wp-content\/uploads\/2021\/12\/shutterstock_1767219707-scaled.jpg","contentUrl":"https:\/\/biel.mastermind.ch\/wp-content\/uploads\/2021\/12\/shutterstock_1767219707-scaled.jpg","width":2560,"height":1440,"caption":"Schloss"},{"@type":"BreadcrumbList","@id":"https:\/\/biel.mastermind.ch\/fr\/reserver\/#breadcrumb","itemListElement":[{"@type":"ListItem","position":1,"name":"Startseite","item":"https:\/\/biel.mastermind.ch\/fr\/"},{"@type":"ListItem","position":2,"name":"R\u00e9server"}]},{"@type":"WebSite","@id":"https:\/\/biel.mastermind.ch\/fr\/#website","url":"https:\/\/biel.mastermind.ch\/fr\/","name":"Mastermind Escape Room Biel - 4 Escape Games","description":"Spiele den #1 Escaperoom in Biel! Premium Games mit Spass, Adrenalin und Nervenkitzel warten auf dein Team. Der beste Adventure &amp; Escape Room in Biel!","publisher":{"@id":"https:\/\/biel.mastermind.ch\/fr\/#organization"},"potentialAction":[{"@type":"SearchAction","target":{"@type":"EntryPoint","urlTemplate":"https:\/\/biel.mastermind.ch\/fr\/?s={search_term_string}"},"query-input":{"@type":"PropertyValueSpecification","valueRequired":true,"valueName":"search_term_string"}}],"inLanguage":"fr-FR"},{"@type":"Organization","@id":"https:\/\/biel.mastermind.ch\/fr\/#organization","name":"Mastermind Event GmbH","url":"https:\/\/biel.mastermind.ch\/fr\/","logo":{"@type":"ImageObject","inLanguage":"fr-FR","@id":"https:\/\/biel.mastermind.ch\/fr\/#\/schema\/logo\/image\/","url":"https:\/\/biel.mastermind.ch\/wp-content\/uploads\/2EBF690D-81FE-41B9-93B5-730792A20F46.png","contentUrl":"https:\/\/biel.mastermind.ch\/wp-content\/uploads\/2EBF690D-81FE-41B9-93B5-730792A20F46.png","width":6500,"height":2020,"caption":"Mastermind Event GmbH"},"image":{"@id":"https:\/\/biel.mastermind.ch\/fr\/#\/schema\/logo\/image\/"},"sameAs":["https:\/\/www.facebook.com\/MastermindEscapeRoomsBiel","https:\/\/www.instagram.com\/biel_mastermind\/"]}]}},"_links":{"self":[{"href":"https:\/\/biel.mastermind.ch\/fr\/wp-json\/wp\/v2\/pages\/1390","targetHints":{"allow":["GET"]}}],"collection":[{"href":"https:\/\/biel.mastermind.ch\/fr\/wp-json\/wp\/v2\/pages"}],"about":[{"href":"https:\/\/biel.mastermind.ch\/fr\/wp-json\/wp\/v2\/types\/page"}],"author":[{"embeddable":true,"href":"https:\/\/biel.mastermind.ch\/fr\/wp-json\/wp\/v2\/users\/1"}],"replies":[{"embeddable":true,"href":"https:\/\/biel.mastermind.ch\/fr\/wp-json\/wp\/v2\/comments?post=1390"}],"version-history":[{"count":1,"href":"https:\/\/biel.mastermind.ch\/fr\/wp-json\/wp\/v2\/pages\/1390\/revisions"}],"predecessor-version":[{"id":1391,"href":"https:\/\/biel.mastermind.ch\/fr\/wp-json\/wp\/v2\/pages\/1390\/revisions\/1391"}],"wp:featuredmedia":[{"embeddable":true,"href":"https:\/\/biel.mastermind.ch\/fr\/wp-json\/wp\/v2\/media\/165"}],"wp:attachment":[{"href":"https:\/\/biel.mastermind.ch\/fr\/wp-json\/wp\/v2\/media?parent=1390"}],"curies":[{"name":"wp","href":"https:\/\/api.w.org\/{rel}","templated":true}]}}