{"id":1616,"date":"2023-05-05T19:32:08","date_gmt":"2023-05-05T17:32:08","guid":{"rendered":"https:\/\/biel.mastermind.ch\/?page_id=1616"},"modified":"2024-03-26T12:35:27","modified_gmt":"2024-03-26T11:35:27","slug":"evenements-dequipe-sorties-dentreprises","status":"publish","type":"page","link":"https:\/\/biel.mastermind.ch\/fr\/events\/evenements-dequipe-sorties-dentreprises\/","title":{"rendered":"\u00c9v\u00e8nements d\u2019\u00e9quipe \/ Sorties d\u2019entreprises"},"content":{"rendered":"\t\t<div data-elementor-type=\"wp-page\" data-elementor-id=\"1616\" class=\"elementor elementor-1616 elementor-1561\">\n\t\t\t\t\t\t<section class=\"elementor-section elementor-top-section elementor-element elementor-element-9c5c842 elementor-section-boxed elementor-section-height-default elementor-section-height-default\" data-id=\"9c5c842\" data-element_type=\"section\" data-e-type=\"section\">\n\t\t\t\t\t\t<div class=\"elementor-container elementor-column-gap-default\">\n\t\t\t\t\t<div class=\"elementor-column elementor-col-100 elementor-top-column elementor-element elementor-element-13f965c\" data-id=\"13f965c\" data-element_type=\"column\" data-e-type=\"column\">\n\t\t\t<div class=\"elementor-widget-wrap elementor-element-populated\">\n\t\t\t\t\t\t<div class=\"elementor-element elementor-element-e1a440d elementor-widget elementor-widget-image\" data-id=\"e1a440d\" data-element_type=\"widget\" data-e-type=\"widget\" data-widget_type=\"image.default\">\n\t\t\t\t<div class=\"elementor-widget-container\">\n\t\t\t\t\t\t\t\t\t\t\t\t\t\t\t<img fetchpriority=\"high\" decoding=\"async\" width=\"640\" height=\"453\" src=\"https:\/\/biel.mastermind.ch\/wp-content\/uploads\/Mastermind_Betriebsausflug_2023_FR-1024x724.png\" class=\"attachment-large size-large wp-image-2309\" alt=\"\" srcset=\"https:\/\/biel.mastermind.ch\/wp-content\/uploads\/Mastermind_Betriebsausflug_2023_FR-1024x724.png 1024w, https:\/\/biel.mastermind.ch\/wp-content\/uploads\/Mastermind_Betriebsausflug_2023_FR-300x212.png 300w, https:\/\/biel.mastermind.ch\/wp-content\/uploads\/Mastermind_Betriebsausflug_2023_FR-768x543.png 768w, https:\/\/biel.mastermind.ch\/wp-content\/uploads\/Mastermind_Betriebsausflug_2023_FR-1536x1086.png 1536w, https:\/\/biel.mastermind.ch\/wp-content\/uploads\/Mastermind_Betriebsausflug_2023_FR.png 1750w\" sizes=\"(max-width: 640px) 100vw, 640px\" \/>\t\t\t\t\t\t\t\t\t\t\t\t\t\t\t<\/div>\n\t\t\t\t<\/div>\n\t\t\t\t<div class=\"elementor-element elementor-element-81eb80e elementor-widget elementor-widget-escapium-heading-title\" data-id=\"81eb80e\" data-element_type=\"widget\" data-e-type=\"widget\" data-widget_type=\"escapium-heading-title.default\">\n\t\t\t\t<div class=\"elementor-widget-container\">\n\t\t\t\t\t\n\t\t<div class=\"section-heading section-heading--divider-top\">\n\t\t\t<h2 class=\"section-heading__title\">Tu es \u00e0 la recherche d\u2019une sortie d\u2019entreprise parfaite ?<\/h2>\n\t\t\t\t\t<\/div>\n\n\t\t\t\t\t\t<\/div>\n\t\t\t\t<\/div>\n\t\t\t\t<div class=\"elementor-element elementor-element-ea7ef51 elementor-widget elementor-widget-text-editor\" data-id=\"ea7ef51\" data-element_type=\"widget\" data-e-type=\"widget\" data-widget_type=\"text-editor.default\">\n\t\t\t\t<div class=\"elementor-widget-container\">\n\t\t\t\t\t\t\t\t\t<p>Un \u00e9v\u00e9nement d&rsquo;\u00e9quipe peut \u00eatre le moyen id\u00e9al d&rsquo;augmenter l&rsquo;engagement et la productivit\u00e9 de ton \u00e9quipe, de renforcer la collaboration et l&rsquo;esprit d&rsquo;\u00e9quipe et d&rsquo;am\u00e9liorer l&rsquo;ambiance de travail.<\/p><p>Voici d&rsquo;autres raisons pour lesquelles tu devrais planifier r\u00e9guli\u00e8rement un \u00e9v\u00e9nement d&rsquo;\u00e9quipe :<\/p><ol><li>Renforcer l&rsquo;esprit d&rsquo;\u00e9quipe : un \u00e9v\u00e9nement d&rsquo;\u00e9quipe est une excellente occasion de renforcer l&rsquo;esprit d&rsquo;\u00e9quipe et d&rsquo;am\u00e9liorer les relations entre les membres de l&rsquo;\u00e9quipe. Cela peut avoir un effet positif sur les relations de travail et accro\u00eetre la coop\u00e9ration au sein de l&rsquo;\u00e9quipe.<\/li><li>Am\u00e9liorer le moral de l&rsquo;\u00e9quipe : un \u00e9v\u00e9nement d&rsquo;\u00e9quipe peut am\u00e9liorer le moral et la motivation de l&rsquo;\u00e9quipe. Lorsque les collaborateurs se sentent valoris\u00e9s et soutenus, ils sont plus enclins \u00e0 donner le meilleur d&rsquo;eux-m\u00eames et \u00e0 travailler dur pour atteindre des objectifs communs.<\/li><li>Augmentation de la productivit\u00e9 : un \u00e9v\u00e9nement d&rsquo;\u00e9quipe peut \u00e9galement augmenter la productivit\u00e9, car il motive les membres de l&rsquo;\u00e9quipe \u00e0 \u00eatre plus efficaces et \u00e0 mieux travailler ensemble. En partageant leurs exp\u00e9riences et leurs comp\u00e9tences, les collaborateurs peuvent \u00e9galement trouver de nouvelles fa\u00e7ons d&rsquo;am\u00e9liorer leur travail et d&rsquo;\u00eatre plus innovants.<\/li><li>Encourager la cr\u00e9ativit\u00e9 et l&rsquo;innovation : un \u00e9v\u00e9nement d&rsquo;\u00e9quipe peut \u00e9galement contribuer \u00e0 am\u00e9liorer la cr\u00e9ativit\u00e9 et la capacit\u00e9 d&rsquo;innovation de l&rsquo;\u00e9quipe. En r\u00e9solvant des t\u00e2ches et en surmontant des d\u00e9fis, les collaborateurs peuvent d\u00e9velopper leurs comp\u00e9tences et leurs talents et trouver de nouvelles id\u00e9es et solutions.<\/li><li>Am\u00e9lioration du climat de travail : un \u00e9v\u00e9nement d&rsquo;\u00e9quipe peut \u00e9galement contribuer \u00e0 am\u00e9liorer le climat de travail et \u00e0 cr\u00e9er un environnement de travail positif. L&rsquo;\u00e9change d&rsquo;exp\u00e9riences et le partage d&rsquo;exp\u00e9riences r\u00e9ussies peuvent renforcer et motiver les collaborateurs, ce qui a un effet positif sur leurs performances professionnelles.<\/li><\/ol><p>En bref, un \u00e9v\u00e9nement d&rsquo;\u00e9quipe est un outil formidable pour am\u00e9liorer l&rsquo;engagement, la collaboration et le moral au sein de l&rsquo;\u00e9quipe et pour cr\u00e9er un environnement de travail positif. En participant \u00e0 des \u00e9v\u00e9nements d&rsquo;\u00e9quipe, les membres de l&rsquo;\u00e9quipe peuvent d\u00e9velopper un sentiment d&rsquo;appartenance et d&rsquo;attachement \u00e0 leur \u00e9quipe et \u00e0 leur organisation. Cela peut contribuer \u00e0 accro\u00eetre la motivation et l&rsquo;engagement des collaborateurs, car ils ont le sentiment de faire partie d&rsquo;un objectif plus vaste.<\/p><p>Planifie d\u00e8s maintenant un \u00e9v\u00e9nement d&rsquo;\u00e9quipe et tu verras comment l&rsquo;efficacit\u00e9 et le bien-\u00eatre de ton \u00e9quipe augmenteront !<\/p>\t\t\t\t\t\t\t\t<\/div>\n\t\t\t\t<\/div>\n\t\t\t\t\t<\/div>\n\t\t<\/div>\n\t\t\t\t\t<\/div>\n\t\t<\/section>\n\t\t\t\t<section class=\"elementor-section elementor-top-section elementor-element elementor-element-95d7898 elementor-section-boxed elementor-section-height-default elementor-section-height-default\" data-id=\"95d7898\" data-element_type=\"section\" data-e-type=\"section\">\n\t\t\t\t\t\t<div class=\"elementor-container elementor-column-gap-default\">\n\t\t\t\t\t<div class=\"elementor-column elementor-col-100 elementor-top-column elementor-element elementor-element-a6d3c51\" data-id=\"a6d3c51\" data-element_type=\"column\" data-e-type=\"column\">\n\t\t\t<div class=\"elementor-widget-wrap elementor-element-populated\">\n\t\t\t\t\t\t<div class=\"elementor-element elementor-element-4f50aef elementor-widget elementor-widget-escapium-heading-title\" data-id=\"4f50aef\" data-element_type=\"widget\" data-e-type=\"widget\" data-widget_type=\"escapium-heading-title.default\">\n\t\t\t\t<div class=\"elementor-widget-container\">\n\t\t\t\t\t\n\t\t<div class=\"section-heading section-heading--divider-top\">\n\t\t\t<h2 class=\"section-heading__title\">Ce qu\u2019il faut savoir<\/h2>\n\t\t\t\t\t<\/div>\n\n\t\t\t\t\t\t<\/div>\n\t\t\t\t<\/div>\n\t\t\t\t<div class=\"elementor-element elementor-element-1a79e3e elementor-widget elementor-widget-text-editor\" data-id=\"1a79e3e\" data-element_type=\"widget\" data-e-type=\"widget\" data-widget_type=\"text-editor.default\">\n\t\t\t\t<div class=\"elementor-widget-container\">\n\t\t\t\t\t\t\t\t\t<h3 style=\"text-align: center;\">Taille des groupes et dur\u00e9e<\/h3><p style=\"text-align: center;\">12 &#8211; 26 personnes \/ env. 1h45<\/p><p style=\"text-align: center;\">27 &#8211; 52 personnes \/ env. 2h45<\/p><p>\u00a0<\/p><h3 style=\"text-align: center;\">Prix et conditions<\/h3><p style=\"text-align: center;\">Les prix varient en fonction de la taille du groupe.<\/p><p>\u00a0<\/p><h3 style=\"text-align: center;\">Planification et contact<\/h3><p style=\"text-align: center;\">Afin de planifier parfaitement ton excursion, nous te prions de prendre contact avec nous par mail. Nous pourrons ainsi te faire une offre sans engagement.<\/p><p style=\"text-align: center;\">Des heures d&rsquo;ouverture sp\u00e9ciales peuvent \u00eatre demand\u00e9es par mail.<\/p><p>\u00a0<\/p><h3 style=\"text-align: center;\">Transports publics, Parking, acc\u00e8s<\/h3><p style=\"text-align: center;\">Depuis la gare centrale de Bienne, il est possible de se rendre directement \u00e0 Mastermind avec le bus 2 places. L&rsquo;arr\u00eat Schl\u00f6sslifeld\/Cha se trouve \u00e0 seulement 3 minutes \u00e0 pied de Mastermind Bienne.<\/p><p style=\"text-align: center;\">Si tu viens en voiture, tu peux te garer sur les places n\u00b0 53 et 54. Il y a aussi des zones de stationnement bleues \u00e0 proximit\u00e9. Pour les groupes plus importants, nous recommandons le covoiturage.<\/p><p style=\"text-align: center;\">Adresse Mastermind: Mastermind Escape Rooms, Eckweg 8 B, 2504 Bienne.<\/p><p style=\"text-align: center;\">Acc\u00e8s par Google Maps: <a href=\"https:\/\/goo.gl\/maps\/zHq5FSpdz8zkgv4x9\">https:\/\/goo.gl\/maps\/zHq5FSpdz8zkgv4x9<\/a><\/p><p>\u00a0<\/p><h3 style=\"text-align: center;\">Remarques<\/h3><p style=\"text-align: center;\">Avec les Escape Rooms, nous avons beaucoup de possibilit\u00e9s et pouvons organiser des \u00e9v\u00e9nements d&rsquo;\u00e9quipe relativement personnalis\u00e9s. N&rsquo;h\u00e9site pas \u00e0 nous envoyer ta demande par e-mail et, si possible, nous pourrons r\u00e9pondre \u00e0 ton souhait.<\/p>\t\t\t\t\t\t\t\t<\/div>\n\t\t\t\t<\/div>\n\t\t\t\t<div class=\"elementor-element elementor-element-896e7fb elementor-align-center elementor-widget elementor-widget-esc-button\" data-id=\"896e7fb\" data-element_type=\"widget\" data-e-type=\"widget\" data-widget_type=\"esc-button.default\">\n\t\t\t\t<div class=\"elementor-widget-container\">\n\t\t\t\t\t\n\t\t<a href=\"\/fr\/about\/\" class=\"btn btn-lg btn-primary\" href=\"\/fr\/about\/\"href=\"\/fr\/about\/\">\n\t\t\t\t\t\t\t<i class=\"ion-email\"><\/i>\n\t\t\t\t\t\tAcc\u00e9der au formulaire de contact\t\t<\/a>\n\n\t\t\t\t\t\t<\/div>\n\t\t\t\t<\/div>\n\t\t\t\t\t<\/div>\n\t\t<\/div>\n\t\t\t\t\t<\/div>\n\t\t<\/section>\n\t\t\t\t<\/div>\n\t\t","protected":false},"excerpt":{"rendered":"<p>Un \u00e9v\u00e9nement d&rsquo;\u00e9quipe peut \u00eatre le moyen id\u00e9al d&rsquo;augmenter l&rsquo;engagement et la productivit\u00e9 de ton \u00e9quipe, de renforcer la collaboration et l&rsquo;esprit d&rsquo;\u00e9quipe et d&rsquo;am\u00e9liorer l&rsquo;ambiance de travail. Voici d&rsquo;autres raisons pour lesquelles tu devrais planifier r\u00e9guli\u00e8rement un \u00e9v\u00e9nement d&rsquo;\u00e9quipe : Renforcer l&rsquo;esprit d&rsquo;\u00e9quipe : un \u00e9v\u00e9nement d&rsquo;\u00e9quipe est une excellente occasion de renforcer l&rsquo;esprit [&hellip;]<\/p>\n","protected":false},"author":6,"featured_media":0,"parent":1327,"menu_order":0,"comment_status":"closed","ping_status":"closed","template":"","meta":{"_acf_changed":false,"footnotes":""},"class_list":["post-1616","page","type-page","status-publish","hentry"],"acf":[],"yoast_head":"<!-- This site is optimized with the Yoast SEO plugin v27.5 - https:\/\/yoast.com\/product\/yoast-seo-wordpress\/ -->\n<title>\u00c9v\u00e8nements d\u2019\u00e9quipe \/ Sorties d\u2019entreprises - Bienne<\/title>\n<meta name=\"description\" content=\"Tu es \u00e0 la recherche d&#039;une sortie d&#039;entreprise parfaite ? Chez Mastermind Escape Rooms Bienne, nous te proposons le lieu id\u00e9al.\" \/>\n<meta name=\"robots\" content=\"index, follow, max-snippet:-1, max-image-preview:large, max-video-preview:-1\" \/>\n<link rel=\"canonical\" href=\"https:\/\/biel.mastermind.ch\/fr\/events\/evenements-dequipe-sorties-dentreprises\/\" \/>\n<meta property=\"og:locale\" content=\"fr_FR\" \/>\n<meta property=\"og:type\" content=\"article\" \/>\n<meta property=\"og:title\" content=\"\u00c9v\u00e8nements d\u2019\u00e9quipe \/ Sorties d\u2019entreprises - Bienne\" \/>\n<meta property=\"og:description\" content=\"Tu es \u00e0 la recherche d&#039;une sortie d&#039;entreprise parfaite ? Chez Mastermind Escape Rooms Bienne, nous te proposons le lieu id\u00e9al.\" \/>\n<meta property=\"og:url\" content=\"https:\/\/biel.mastermind.ch\/fr\/events\/evenements-dequipe-sorties-dentreprises\/\" \/>\n<meta property=\"og:site_name\" content=\"Mastermind Escape Room Biel - 4 Escape Games\" \/>\n<meta property=\"article:publisher\" content=\"https:\/\/www.facebook.com\/MastermindEscapeRoomsBiel\" \/>\n<meta property=\"article:modified_time\" content=\"2024-03-26T11:35:27+00:00\" \/>\n<meta property=\"og:image\" content=\"https:\/\/biel.mastermind.ch\/wp-content\/uploads\/Mastermind_Betriebsausflug_2023_FR-1024x724.png\" \/>\n<meta name=\"twitter:card\" content=\"summary_large_image\" \/>\n<meta name=\"twitter:label1\" content=\"Dur\u00e9e de lecture estim\u00e9e\" \/>\n\t<meta name=\"twitter:data1\" content=\"4 minutes\" \/>\n<script type=\"application\/ld+json\" class=\"yoast-schema-graph\">{\"@context\":\"https:\\\/\\\/schema.org\",\"@graph\":[{\"@type\":\"WebPage\",\"@id\":\"https:\\\/\\\/biel.mastermind.ch\\\/fr\\\/events\\\/evenements-dequipe-sorties-dentreprises\\\/\",\"url\":\"https:\\\/\\\/biel.mastermind.ch\\\/fr\\\/events\\\/evenements-dequipe-sorties-dentreprises\\\/\",\"name\":\"\u00c9v\u00e8nements d\u2019\u00e9quipe \\\/ Sorties d\u2019entreprises - Bienne\",\"isPartOf\":{\"@id\":\"https:\\\/\\\/biel.mastermind.ch\\\/fr\\\/#website\"},\"primaryImageOfPage\":{\"@id\":\"https:\\\/\\\/biel.mastermind.ch\\\/fr\\\/events\\\/evenements-dequipe-sorties-dentreprises\\\/#primaryimage\"},\"image\":{\"@id\":\"https:\\\/\\\/biel.mastermind.ch\\\/fr\\\/events\\\/evenements-dequipe-sorties-dentreprises\\\/#primaryimage\"},\"thumbnailUrl\":\"https:\\\/\\\/biel.mastermind.ch\\\/wp-content\\\/uploads\\\/Mastermind_Betriebsausflug_2023_FR-1024x724.png\",\"datePublished\":\"2023-05-05T17:32:08+00:00\",\"dateModified\":\"2024-03-26T11:35:27+00:00\",\"description\":\"Tu es \u00e0 la recherche d'une sortie d'entreprise parfaite ? Chez Mastermind Escape Rooms Bienne, nous te proposons le lieu id\u00e9al.\",\"breadcrumb\":{\"@id\":\"https:\\\/\\\/biel.mastermind.ch\\\/fr\\\/events\\\/evenements-dequipe-sorties-dentreprises\\\/#breadcrumb\"},\"inLanguage\":\"fr-FR\",\"potentialAction\":[{\"@type\":\"ReadAction\",\"target\":[\"https:\\\/\\\/biel.mastermind.ch\\\/fr\\\/events\\\/evenements-dequipe-sorties-dentreprises\\\/\"]}]},{\"@type\":\"ImageObject\",\"inLanguage\":\"fr-FR\",\"@id\":\"https:\\\/\\\/biel.mastermind.ch\\\/fr\\\/events\\\/evenements-dequipe-sorties-dentreprises\\\/#primaryimage\",\"url\":\"https:\\\/\\\/biel.mastermind.ch\\\/wp-content\\\/uploads\\\/Mastermind_Betriebsausflug_2023_FR-1024x724.png\",\"contentUrl\":\"https:\\\/\\\/biel.mastermind.ch\\\/wp-content\\\/uploads\\\/Mastermind_Betriebsausflug_2023_FR-1024x724.png\"},{\"@type\":\"BreadcrumbList\",\"@id\":\"https:\\\/\\\/biel.mastermind.ch\\\/fr\\\/events\\\/evenements-dequipe-sorties-dentreprises\\\/#breadcrumb\",\"itemListElement\":[{\"@type\":\"ListItem\",\"position\":1,\"name\":\"Startseite\",\"item\":\"https:\\\/\\\/biel.mastermind.ch\\\/fr\\\/\"},{\"@type\":\"ListItem\",\"position\":2,\"name\":\"\u00c9v\u00e9nements\",\"item\":\"https:\\\/\\\/biel.mastermind.ch\\\/fr\\\/events\\\/\"},{\"@type\":\"ListItem\",\"position\":3,\"name\":\"\u00c9v\u00e8nements d\u2019\u00e9quipe \\\/ Sorties d\u2019entreprises\"}]},{\"@type\":\"WebSite\",\"@id\":\"https:\\\/\\\/biel.mastermind.ch\\\/fr\\\/#website\",\"url\":\"https:\\\/\\\/biel.mastermind.ch\\\/fr\\\/\",\"name\":\"Mastermind Escape Room Biel - 4 Escape Games\",\"description\":\"Spiele den #1 Escaperoom in Biel! Premium Games mit Spass, Adrenalin und Nervenkitzel warten auf dein Team. Der beste Adventure &amp; Escape Room in Biel!\",\"publisher\":{\"@id\":\"https:\\\/\\\/biel.mastermind.ch\\\/fr\\\/#organization\"},\"potentialAction\":[{\"@type\":\"SearchAction\",\"target\":{\"@type\":\"EntryPoint\",\"urlTemplate\":\"https:\\\/\\\/biel.mastermind.ch\\\/fr\\\/?s={search_term_string}\"},\"query-input\":{\"@type\":\"PropertyValueSpecification\",\"valueRequired\":true,\"valueName\":\"search_term_string\"}}],\"inLanguage\":\"fr-FR\"},{\"@type\":\"Organization\",\"@id\":\"https:\\\/\\\/biel.mastermind.ch\\\/fr\\\/#organization\",\"name\":\"Mastermind Event GmbH\",\"url\":\"https:\\\/\\\/biel.mastermind.ch\\\/fr\\\/\",\"logo\":{\"@type\":\"ImageObject\",\"inLanguage\":\"fr-FR\",\"@id\":\"https:\\\/\\\/biel.mastermind.ch\\\/fr\\\/#\\\/schema\\\/logo\\\/image\\\/\",\"url\":\"https:\\\/\\\/biel.mastermind.ch\\\/wp-content\\\/uploads\\\/2EBF690D-81FE-41B9-93B5-730792A20F46.png\",\"contentUrl\":\"https:\\\/\\\/biel.mastermind.ch\\\/wp-content\\\/uploads\\\/2EBF690D-81FE-41B9-93B5-730792A20F46.png\",\"width\":6500,\"height\":2020,\"caption\":\"Mastermind Event GmbH\"},\"image\":{\"@id\":\"https:\\\/\\\/biel.mastermind.ch\\\/fr\\\/#\\\/schema\\\/logo\\\/image\\\/\"},\"sameAs\":[\"https:\\\/\\\/www.facebook.com\\\/MastermindEscapeRoomsBiel\",\"https:\\\/\\\/www.instagram.com\\\/biel_mastermind\\\/\"]}]}<\/script>\n<!-- \/ Yoast SEO plugin. -->","yoast_head_json":{"title":"\u00c9v\u00e8nements d\u2019\u00e9quipe \/ Sorties d\u2019entreprises - Bienne","description":"Tu es \u00e0 la recherche d'une sortie d'entreprise parfaite ? Chez Mastermind Escape Rooms Bienne, nous te proposons le lieu id\u00e9al.","robots":{"index":"index","follow":"follow","max-snippet":"max-snippet:-1","max-image-preview":"max-image-preview:large","max-video-preview":"max-video-preview:-1"},"canonical":"https:\/\/biel.mastermind.ch\/fr\/events\/evenements-dequipe-sorties-dentreprises\/","og_locale":"fr_FR","og_type":"article","og_title":"\u00c9v\u00e8nements d\u2019\u00e9quipe \/ Sorties d\u2019entreprises - Bienne","og_description":"Tu es \u00e0 la recherche d'une sortie d'entreprise parfaite ? Chez Mastermind Escape Rooms Bienne, nous te proposons le lieu id\u00e9al.","og_url":"https:\/\/biel.mastermind.ch\/fr\/events\/evenements-dequipe-sorties-dentreprises\/","og_site_name":"Mastermind Escape Room Biel - 4 Escape Games","article_publisher":"https:\/\/www.facebook.com\/MastermindEscapeRoomsBiel","article_modified_time":"2024-03-26T11:35:27+00:00","og_image":[{"url":"https:\/\/biel.mastermind.ch\/wp-content\/uploads\/Mastermind_Betriebsausflug_2023_FR-1024x724.png","type":"","width":"","height":""}],"twitter_card":"summary_large_image","twitter_misc":{"Dur\u00e9e de lecture estim\u00e9e":"4 minutes"},"schema":{"@context":"https:\/\/schema.org","@graph":[{"@type":"WebPage","@id":"https:\/\/biel.mastermind.ch\/fr\/events\/evenements-dequipe-sorties-dentreprises\/","url":"https:\/\/biel.mastermind.ch\/fr\/events\/evenements-dequipe-sorties-dentreprises\/","name":"\u00c9v\u00e8nements d\u2019\u00e9quipe \/ Sorties d\u2019entreprises - Bienne","isPartOf":{"@id":"https:\/\/biel.mastermind.ch\/fr\/#website"},"primaryImageOfPage":{"@id":"https:\/\/biel.mastermind.ch\/fr\/events\/evenements-dequipe-sorties-dentreprises\/#primaryimage"},"image":{"@id":"https:\/\/biel.mastermind.ch\/fr\/events\/evenements-dequipe-sorties-dentreprises\/#primaryimage"},"thumbnailUrl":"https:\/\/biel.mastermind.ch\/wp-content\/uploads\/Mastermind_Betriebsausflug_2023_FR-1024x724.png","datePublished":"2023-05-05T17:32:08+00:00","dateModified":"2024-03-26T11:35:27+00:00","description":"Tu es \u00e0 la recherche d'une sortie d'entreprise parfaite ? Chez Mastermind Escape Rooms Bienne, nous te proposons le lieu id\u00e9al.","breadcrumb":{"@id":"https:\/\/biel.mastermind.ch\/fr\/events\/evenements-dequipe-sorties-dentreprises\/#breadcrumb"},"inLanguage":"fr-FR","potentialAction":[{"@type":"ReadAction","target":["https:\/\/biel.mastermind.ch\/fr\/events\/evenements-dequipe-sorties-dentreprises\/"]}]},{"@type":"ImageObject","inLanguage":"fr-FR","@id":"https:\/\/biel.mastermind.ch\/fr\/events\/evenements-dequipe-sorties-dentreprises\/#primaryimage","url":"https:\/\/biel.mastermind.ch\/wp-content\/uploads\/Mastermind_Betriebsausflug_2023_FR-1024x724.png","contentUrl":"https:\/\/biel.mastermind.ch\/wp-content\/uploads\/Mastermind_Betriebsausflug_2023_FR-1024x724.png"},{"@type":"BreadcrumbList","@id":"https:\/\/biel.mastermind.ch\/fr\/events\/evenements-dequipe-sorties-dentreprises\/#breadcrumb","itemListElement":[{"@type":"ListItem","position":1,"name":"Startseite","item":"https:\/\/biel.mastermind.ch\/fr\/"},{"@type":"ListItem","position":2,"name":"\u00c9v\u00e9nements","item":"https:\/\/biel.mastermind.ch\/fr\/events\/"},{"@type":"ListItem","position":3,"name":"\u00c9v\u00e8nements d\u2019\u00e9quipe \/ Sorties d\u2019entreprises"}]},{"@type":"WebSite","@id":"https:\/\/biel.mastermind.ch\/fr\/#website","url":"https:\/\/biel.mastermind.ch\/fr\/","name":"Mastermind Escape Room Biel - 4 Escape Games","description":"Spiele den #1 Escaperoom in Biel! Premium Games mit Spass, Adrenalin und Nervenkitzel warten auf dein Team. Der beste Adventure &amp; Escape Room in Biel!","publisher":{"@id":"https:\/\/biel.mastermind.ch\/fr\/#organization"},"potentialAction":[{"@type":"SearchAction","target":{"@type":"EntryPoint","urlTemplate":"https:\/\/biel.mastermind.ch\/fr\/?s={search_term_string}"},"query-input":{"@type":"PropertyValueSpecification","valueRequired":true,"valueName":"search_term_string"}}],"inLanguage":"fr-FR"},{"@type":"Organization","@id":"https:\/\/biel.mastermind.ch\/fr\/#organization","name":"Mastermind Event GmbH","url":"https:\/\/biel.mastermind.ch\/fr\/","logo":{"@type":"ImageObject","inLanguage":"fr-FR","@id":"https:\/\/biel.mastermind.ch\/fr\/#\/schema\/logo\/image\/","url":"https:\/\/biel.mastermind.ch\/wp-content\/uploads\/2EBF690D-81FE-41B9-93B5-730792A20F46.png","contentUrl":"https:\/\/biel.mastermind.ch\/wp-content\/uploads\/2EBF690D-81FE-41B9-93B5-730792A20F46.png","width":6500,"height":2020,"caption":"Mastermind Event GmbH"},"image":{"@id":"https:\/\/biel.mastermind.ch\/fr\/#\/schema\/logo\/image\/"},"sameAs":["https:\/\/www.facebook.com\/MastermindEscapeRoomsBiel","https:\/\/www.instagram.com\/biel_mastermind\/"]}]}},"_links":{"self":[{"href":"https:\/\/biel.mastermind.ch\/fr\/wp-json\/wp\/v2\/pages\/1616","targetHints":{"allow":["GET"]}}],"collection":[{"href":"https:\/\/biel.mastermind.ch\/fr\/wp-json\/wp\/v2\/pages"}],"about":[{"href":"https:\/\/biel.mastermind.ch\/fr\/wp-json\/wp\/v2\/types\/page"}],"author":[{"embeddable":true,"href":"https:\/\/biel.mastermind.ch\/fr\/wp-json\/wp\/v2\/users\/6"}],"replies":[{"embeddable":true,"href":"https:\/\/biel.mastermind.ch\/fr\/wp-json\/wp\/v2\/comments?post=1616"}],"version-history":[{"count":28,"href":"https:\/\/biel.mastermind.ch\/fr\/wp-json\/wp\/v2\/pages\/1616\/revisions"}],"predecessor-version":[{"id":2520,"href":"https:\/\/biel.mastermind.ch\/fr\/wp-json\/wp\/v2\/pages\/1616\/revisions\/2520"}],"up":[{"embeddable":true,"href":"https:\/\/biel.mastermind.ch\/fr\/wp-json\/wp\/v2\/pages\/1327"}],"wp:attachment":[{"href":"https:\/\/biel.mastermind.ch\/fr\/wp-json\/wp\/v2\/media?parent=1616"}],"curies":[{"name":"wp","href":"https:\/\/api.w.org\/{rel}","templated":true}]}}