{"id":1622,"date":"2023-05-05T19:36:36","date_gmt":"2023-05-05T17:36:36","guid":{"rendered":"https:\/\/biel.mastermind.ch\/?page_id=1622"},"modified":"2023-07-14T21:03:29","modified_gmt":"2023-07-14T19:03:29","slug":"excursions-de-classe","status":"publish","type":"page","link":"https:\/\/biel.mastermind.ch\/fr\/events\/excursions-de-classe\/","title":{"rendered":"Excursions de classe"},"content":{"rendered":"\t\t<div data-elementor-type=\"wp-page\" data-elementor-id=\"1622\" class=\"elementor elementor-1622 elementor-1583\">\n\t\t\t\t\t\t<section class=\"elementor-section elementor-top-section elementor-element elementor-element-6d257d0 elementor-section-boxed elementor-section-height-default elementor-section-height-default\" data-id=\"6d257d0\" data-element_type=\"section\" data-e-type=\"section\">\n\t\t\t\t\t\t<div class=\"elementor-container elementor-column-gap-default\">\n\t\t\t\t\t<div class=\"elementor-column elementor-col-100 elementor-top-column elementor-element elementor-element-2d07408\" data-id=\"2d07408\" data-element_type=\"column\" data-e-type=\"column\">\n\t\t\t<div class=\"elementor-widget-wrap elementor-element-populated\">\n\t\t\t\t\t\t<div class=\"elementor-element elementor-element-ba193df elementor-widget elementor-widget-image\" data-id=\"ba193df\" data-element_type=\"widget\" data-e-type=\"widget\" data-widget_type=\"image.default\">\n\t\t\t\t<div class=\"elementor-widget-container\">\n\t\t\t\t\t\t\t\t\t\t\t\t\t\t\t<img fetchpriority=\"high\" decoding=\"async\" width=\"640\" height=\"453\" src=\"https:\/\/biel.mastermind.ch\/wp-content\/uploads\/Mastermind_Klassenfahrt_2023_FR-1024x724.png\" class=\"attachment-large size-large wp-image-2321\" alt=\"\" srcset=\"https:\/\/biel.mastermind.ch\/wp-content\/uploads\/Mastermind_Klassenfahrt_2023_FR-1024x724.png 1024w, https:\/\/biel.mastermind.ch\/wp-content\/uploads\/Mastermind_Klassenfahrt_2023_FR-300x212.png 300w, https:\/\/biel.mastermind.ch\/wp-content\/uploads\/Mastermind_Klassenfahrt_2023_FR-768x543.png 768w, https:\/\/biel.mastermind.ch\/wp-content\/uploads\/Mastermind_Klassenfahrt_2023_FR-1536x1086.png 1536w, https:\/\/biel.mastermind.ch\/wp-content\/uploads\/Mastermind_Klassenfahrt_2023_FR.png 1750w\" sizes=\"(max-width: 640px) 100vw, 640px\" \/>\t\t\t\t\t\t\t\t\t\t\t\t\t\t\t<\/div>\n\t\t\t\t<\/div>\n\t\t\t\t<div class=\"elementor-element elementor-element-90d2e60 elementor-widget elementor-widget-escapium-heading-title\" data-id=\"90d2e60\" data-element_type=\"widget\" data-e-type=\"widget\" data-widget_type=\"escapium-heading-title.default\">\n\t\t\t\t<div class=\"elementor-widget-container\">\n\t\t\t\t\t\n\t\t<div class=\"section-heading section-heading--divider-top\">\n\t\t\t<h2 class=\"section-heading__title\">Les Escape Rooms sont-ils adapt\u00e9s aux enfants ?<\/h2>\n\t\t\t\t\t<\/div>\n\n\t\t\t\t\t\t<\/div>\n\t\t\t\t<\/div>\n\t\t\t\t<div class=\"elementor-element elementor-element-0a644c4 elementor-widget elementor-widget-text-editor\" data-id=\"0a644c4\" data-element_type=\"widget\" data-e-type=\"widget\" data-widget_type=\"text-editor.default\">\n\t\t\t\t<div class=\"elementor-widget-container\">\n\t\t\t\t\t\t\t\t\t<p style=\"text-align: justify;\">Oui, les Escape Rooms peuvent aussi \u00eatre une excellente activit\u00e9 pour les enfants, \u00e0 condition qu&rsquo;ils soient adapt\u00e9s \u00e0 leur \u00e2ge et s\u00fbrs pour les participants. Chez nous, les Escape Rooms sont \u00e9galement con\u00e7us pour les enfants de 6 \u00e0 12 ans. Nos collaborateurs sont sp\u00e9cialement form\u00e9s et donnent les conseils n\u00e9cessaires en cas de besoin. Cette exp\u00e9rience est \u00e0 la fois amusante et stimulante et permet aux enfants d&rsquo;am\u00e9liorer leur d\u00e9veloppement cognitif, cr\u00e9atif et social.<\/p>\n<p style=\"text-align: justify;\">Les Escape Rooms peuvent \u00eatre un excellent moyen d&rsquo;\u00e9loigner les enfants des \u00e9crans et de leur donner l&rsquo;occasion d&rsquo;utiliser leur cerveau de mani\u00e8re amusante et cr\u00e9ative. Il est toutefois important de s&rsquo;assurer que les enfants sont toujours surveill\u00e9s par des adultes et qu&rsquo;ils se trouvent dans un environnement s\u00fbr et adapt\u00e9 \u00e0 eux.<\/p>\n<p style=\"text-align: justify;\">Les excursions scolaires sont donc un excellent moyen pour les \u00e9l\u00e8ves d&rsquo;apprendre et de vivre de nouvelles exp\u00e9riences en dehors de la salle de classe. Ces sorties peuvent aller d&rsquo;excursions d&rsquo;une journ\u00e9e \u00e0 proximit\u00e9 de l&rsquo;\u00e9cole \u00e0 des voyages de plusieurs jours dans des endroits \u00e9loign\u00e9s.<\/p>\n<p style=\"text-align: justify;\">Les excursions d&rsquo;une journ\u00e9e peuvent par exemple \u00eatre des activit\u00e9s en salle ou en plein air. Ces excursions peuvent \u00e9galement \u00eatre utilis\u00e9es pour sensibiliser les \u00e9l\u00e8ves, par exemple en leur demandant de r\u00e9soudre certaines missions et \u00e9nigmes en groupe. Ce type d&rsquo;excursion peut \u00e9galement \u00eatre utilis\u00e9 pour renforcer la communaut\u00e9 de classe en permettant aux \u00e9l\u00e8ves de relever des d\u00e9fis ensemble et de cr\u00e9er des souvenirs inoubliables.<\/p>\n<p style=\"text-align: justify;\">Quel que soit le type d&rsquo;excursion, les sorties scolaires peuvent avoir un impact important sur les \u00e9l\u00e8ves. Elles leur permettent d&rsquo;apprendre de nouvelles choses, d&rsquo;am\u00e9liorer leurs comp\u00e9tences sociales et d&rsquo;\u00e9largir leurs horizons. Ces sorties encouragent \u00e9galement l&rsquo;engagement des \u00e9l\u00e8ves dans leur \u00e9ducation et peuvent contribuer \u00e0 am\u00e9liorer leur motivation et leurs performances en classe.<\/p>\n<p style=\"text-align: justify;\">Il est toutefois important de noter que les sorties scolaires peuvent pr\u00e9senter des d\u00e9fis. Les organisateurs doivent s&rsquo;assurer qu&rsquo;ils prennent toutes les mesures de s\u00e9curit\u00e9 n\u00e9cessaires et qu&rsquo;ils maintiennent une communication claire avec les parents et les enseignants. Le financement des excursions peut \u00e9galement \u00eatre un obstacle, car elles peuvent \u00eatre trop ch\u00e8res pour certaines familles. Nous avons toutefois un programme sp\u00e9cial pour les \u00e9l\u00e8ves.<\/p>\n<p style=\"text-align: justify;\">Dans l&rsquo;ensemble, les excursions scolaires sont un compl\u00e9ment pr\u00e9cieux \u00e0 la vie quotidienne de l&rsquo;\u00e9cole et peuvent offrir aux \u00e9l\u00e8ves des possibilit\u00e9s d&rsquo;apprentissage uniques. Gr\u00e2ce \u00e0 une planification et une pr\u00e9paration minutieuses, ces excursions peuvent devenir des exp\u00e9riences inoubliables pour tous les participants.<\/p>\t\t\t\t\t\t\t\t<\/div>\n\t\t\t\t<\/div>\n\t\t\t\t\t<\/div>\n\t\t<\/div>\n\t\t\t\t\t<\/div>\n\t\t<\/section>\n\t\t\t\t<section class=\"elementor-section elementor-top-section elementor-element elementor-element-48bf00c elementor-section-boxed elementor-section-height-default elementor-section-height-default\" data-id=\"48bf00c\" data-element_type=\"section\" data-e-type=\"section\">\n\t\t\t\t\t\t<div class=\"elementor-container elementor-column-gap-default\">\n\t\t\t\t\t<div class=\"elementor-column elementor-col-100 elementor-top-column elementor-element elementor-element-38cd64a\" data-id=\"38cd64a\" data-element_type=\"column\" data-e-type=\"column\">\n\t\t\t<div class=\"elementor-widget-wrap elementor-element-populated\">\n\t\t\t\t\t\t<div class=\"elementor-element elementor-element-95e32dc elementor-widget elementor-widget-escapium-heading-title\" data-id=\"95e32dc\" data-element_type=\"widget\" data-e-type=\"widget\" data-widget_type=\"escapium-heading-title.default\">\n\t\t\t\t<div class=\"elementor-widget-container\">\n\t\t\t\t\t\n\t\t<div class=\"section-heading section-heading--divider-top\">\n\t\t\t<h2 class=\"section-heading__title\">Ce qu\u2019il faut savoir<\/h2>\n\t\t\t\t\t<\/div>\n\n\t\t\t\t\t\t<\/div>\n\t\t\t\t<\/div>\n\t\t\t\t<div class=\"elementor-element elementor-element-c91b54c elementor-widget elementor-widget-text-editor\" data-id=\"c91b54c\" data-element_type=\"widget\" data-e-type=\"widget\" data-widget_type=\"text-editor.default\">\n\t\t\t\t<div class=\"elementor-widget-container\">\n\t\t\t\t\t\t\t\t\t<h3 style=\"text-align: center;\">Taille des groupes et dur\u00e9e<\/h3><p style=\"text-align: center;\">10 &#8211; 26 personnes \/ env. 1h45<\/p><h3 style=\"text-align: center;\">Prix et conditions<\/h3><p style=\"text-align: center;\">Par \u00e9l\u00e8ve : 25 CHF (valable du lundi au jeudi)<\/p><p style=\"text-align: center;\">Lors d&rsquo;un voyage scolaire, les \u00e9l\u00e8ves et les enseignants ont le m\u00eame tarif.<\/p><p style=\"text-align: center;\">Les \u00e9l\u00e8ves doivent \u00eatre \u00e2g\u00e9s d&rsquo;au moins 8 ans. Pour les groupes de 15 \u00e9l\u00e8ves ou plus, au moins deux enseignants doivent \u00eatre pr\u00e9sents.<\/p><h3 style=\"text-align: center;\">Planification et contact<\/h3><p style=\"text-align: center;\">Afin de planifier parfaitement l&rsquo;excursion, nous te prions de prendre contact avec nous par e-mail afin que nous puissions te faire une offre sans engagement.<\/p><p style=\"text-align: center;\">Des heures d&rsquo;ouverture sp\u00e9ciales peuvent \u00eatre demand\u00e9es par e-mail.<\/p><h3 style=\"text-align: center;\">Transports publics, Parking, acc\u00e8s<\/h3><p style=\"text-align: center;\">Depuis la gare centrale de Bienne, il est possible de se rendre directement \u00e0 Mastermind avec le bus 2 places. L&rsquo;arr\u00eat Schl\u00f6sslifeld\/Cha se trouve \u00e0 seulement 3 minutes \u00e0 pied de Mastermind Bienne.<\/p><p style=\"text-align: center;\">Si tu viens en voiture, tu peux te garer sur les places n\u00b0 53 et 54. Il y a aussi des zones de stationnement bleues \u00e0 proximit\u00e9. Pour les groupes plus importants, nous recommandons le covoiturage.<\/p><p style=\"text-align: center;\">Adresse Mastermind: Mastermind Escape Rooms, Eckweg 8 B, 2504 Bienne.<\/p><p style=\"text-align: center;\">Acc\u00e8s par Google Maps: https:\/\/goo.gl\/maps\/zHq5FSpdz8zkgv4x9<\/p><h3 style=\"text-align: center;\">Remarques<\/h3><p style=\"text-align: center;\">Il est important de savoir que beaucoup de c\u0153ur a \u00e9t\u00e9 investi dans nos Escape rooms. Nous demandons poliment aux personnes charg\u00e9es de la surveillance de sensibiliser les enfants afin que les objets utilis\u00e9s dans les jeux soient manipul\u00e9s avec soin.<\/p>\t\t\t\t\t\t\t\t<\/div>\n\t\t\t\t<\/div>\n\t\t\t\t<div class=\"elementor-element elementor-element-5252141 elementor-align-center elementor-widget elementor-widget-esc-button\" data-id=\"5252141\" data-element_type=\"widget\" data-e-type=\"widget\" data-widget_type=\"esc-button.default\">\n\t\t\t\t<div class=\"elementor-widget-container\">\n\t\t\t\t\t\n\t\t<a href=\"\/fr\/about\/\" class=\"btn btn-lg btn-primary\" href=\"\/fr\/about\/\"href=\"\/fr\/about\/\">\n\t\t\t\t\t\t\t<i class=\"ion-email\"><\/i>\n\t\t\t\t\t\tAcc\u00e9der au formulaire de contact\t\t<\/a>\n\n\t\t\t\t\t\t<\/div>\n\t\t\t\t<\/div>\n\t\t\t\t\t<\/div>\n\t\t<\/div>\n\t\t\t\t\t<\/div>\n\t\t<\/section>\n\t\t\t\t<\/div>\n\t\t","protected":false},"excerpt":{"rendered":"<p>Oui, les Escape Rooms peuvent aussi \u00eatre une excellente activit\u00e9 pour les enfants, \u00e0 condition qu&rsquo;ils soient adapt\u00e9s \u00e0 leur \u00e2ge et s\u00fbrs pour les participants. Chez nous, les Escape Rooms sont \u00e9galement con\u00e7us pour les enfants de 6 \u00e0 12 ans. Nos collaborateurs sont sp\u00e9cialement form\u00e9s et donnent les conseils n\u00e9cessaires en cas de [&hellip;]<\/p>\n","protected":false},"author":6,"featured_media":0,"parent":1327,"menu_order":0,"comment_status":"closed","ping_status":"closed","template":"","meta":{"_acf_changed":false,"footnotes":""},"class_list":["post-1622","page","type-page","status-publish","hentry"],"acf":[],"yoast_head":"<!-- This site is optimized with the Yoast SEO plugin v27.5 - https:\/\/yoast.com\/product\/yoast-seo-wordpress\/ -->\n<title>Excursions de classe - Mastermind Escape Room Biel<\/title>\n<meta name=\"description\" content=\"Vous pr\u00e9voyez une Excursions de classe? Les escape rooms sont id\u00e9ales comme sortie scolaire pour les enfants \u00e0 partir de 6 ans.\" \/>\n<meta name=\"robots\" content=\"index, follow, max-snippet:-1, max-image-preview:large, max-video-preview:-1\" \/>\n<link rel=\"canonical\" href=\"https:\/\/biel.mastermind.ch\/fr\/events\/excursions-de-classe\/\" \/>\n<meta property=\"og:locale\" content=\"fr_FR\" \/>\n<meta property=\"og:type\" content=\"article\" \/>\n<meta property=\"og:title\" content=\"Excursions de classe - Mastermind Escape Room Biel\" \/>\n<meta property=\"og:description\" content=\"Vous pr\u00e9voyez une Excursions de classe? Les escape rooms sont id\u00e9ales comme sortie scolaire pour les enfants \u00e0 partir de 6 ans.\" \/>\n<meta property=\"og:url\" content=\"https:\/\/biel.mastermind.ch\/fr\/events\/excursions-de-classe\/\" \/>\n<meta property=\"og:site_name\" content=\"Mastermind Escape Room Biel - 4 Escape Games\" \/>\n<meta property=\"article:publisher\" content=\"https:\/\/www.facebook.com\/MastermindEscapeRoomsBiel\" \/>\n<meta property=\"article:modified_time\" content=\"2023-07-14T19:03:29+00:00\" \/>\n<meta property=\"og:image\" content=\"https:\/\/biel.mastermind.ch\/wp-content\/uploads\/Mastermind_Klassenfahrt_2023_FR-1024x724.png\" \/>\n<meta name=\"twitter:card\" content=\"summary_large_image\" \/>\n<meta name=\"twitter:label1\" content=\"Dur\u00e9e de lecture estim\u00e9e\" \/>\n\t<meta name=\"twitter:data1\" content=\"4 minutes\" \/>\n<script type=\"application\/ld+json\" class=\"yoast-schema-graph\">{\"@context\":\"https:\\\/\\\/schema.org\",\"@graph\":[{\"@type\":\"WebPage\",\"@id\":\"https:\\\/\\\/biel.mastermind.ch\\\/fr\\\/events\\\/excursions-de-classe\\\/\",\"url\":\"https:\\\/\\\/biel.mastermind.ch\\\/fr\\\/events\\\/excursions-de-classe\\\/\",\"name\":\"Excursions de classe - Mastermind Escape Room Biel\",\"isPartOf\":{\"@id\":\"https:\\\/\\\/biel.mastermind.ch\\\/fr\\\/#website\"},\"primaryImageOfPage\":{\"@id\":\"https:\\\/\\\/biel.mastermind.ch\\\/fr\\\/events\\\/excursions-de-classe\\\/#primaryimage\"},\"image\":{\"@id\":\"https:\\\/\\\/biel.mastermind.ch\\\/fr\\\/events\\\/excursions-de-classe\\\/#primaryimage\"},\"thumbnailUrl\":\"https:\\\/\\\/biel.mastermind.ch\\\/wp-content\\\/uploads\\\/Mastermind_Klassenfahrt_2023_FR-1024x724.png\",\"datePublished\":\"2023-05-05T17:36:36+00:00\",\"dateModified\":\"2023-07-14T19:03:29+00:00\",\"description\":\"Vous pr\u00e9voyez une Excursions de classe? Les escape rooms sont id\u00e9ales comme sortie scolaire pour les enfants \u00e0 partir de 6 ans.\",\"breadcrumb\":{\"@id\":\"https:\\\/\\\/biel.mastermind.ch\\\/fr\\\/events\\\/excursions-de-classe\\\/#breadcrumb\"},\"inLanguage\":\"fr-FR\",\"potentialAction\":[{\"@type\":\"ReadAction\",\"target\":[\"https:\\\/\\\/biel.mastermind.ch\\\/fr\\\/events\\\/excursions-de-classe\\\/\"]}]},{\"@type\":\"ImageObject\",\"inLanguage\":\"fr-FR\",\"@id\":\"https:\\\/\\\/biel.mastermind.ch\\\/fr\\\/events\\\/excursions-de-classe\\\/#primaryimage\",\"url\":\"https:\\\/\\\/biel.mastermind.ch\\\/wp-content\\\/uploads\\\/Mastermind_Klassenfahrt_2023_FR-1024x724.png\",\"contentUrl\":\"https:\\\/\\\/biel.mastermind.ch\\\/wp-content\\\/uploads\\\/Mastermind_Klassenfahrt_2023_FR-1024x724.png\"},{\"@type\":\"BreadcrumbList\",\"@id\":\"https:\\\/\\\/biel.mastermind.ch\\\/fr\\\/events\\\/excursions-de-classe\\\/#breadcrumb\",\"itemListElement\":[{\"@type\":\"ListItem\",\"position\":1,\"name\":\"Startseite\",\"item\":\"https:\\\/\\\/biel.mastermind.ch\\\/fr\\\/\"},{\"@type\":\"ListItem\",\"position\":2,\"name\":\"\u00c9v\u00e9nements\",\"item\":\"https:\\\/\\\/biel.mastermind.ch\\\/fr\\\/events\\\/\"},{\"@type\":\"ListItem\",\"position\":3,\"name\":\"Excursions de classe\"}]},{\"@type\":\"WebSite\",\"@id\":\"https:\\\/\\\/biel.mastermind.ch\\\/fr\\\/#website\",\"url\":\"https:\\\/\\\/biel.mastermind.ch\\\/fr\\\/\",\"name\":\"Mastermind Escape Room Biel - 4 Escape Games\",\"description\":\"Spiele den #1 Escaperoom in Biel! Premium Games mit Spass, Adrenalin und Nervenkitzel warten auf dein Team. Der beste Adventure &amp; Escape Room in Biel!\",\"publisher\":{\"@id\":\"https:\\\/\\\/biel.mastermind.ch\\\/fr\\\/#organization\"},\"potentialAction\":[{\"@type\":\"SearchAction\",\"target\":{\"@type\":\"EntryPoint\",\"urlTemplate\":\"https:\\\/\\\/biel.mastermind.ch\\\/fr\\\/?s={search_term_string}\"},\"query-input\":{\"@type\":\"PropertyValueSpecification\",\"valueRequired\":true,\"valueName\":\"search_term_string\"}}],\"inLanguage\":\"fr-FR\"},{\"@type\":\"Organization\",\"@id\":\"https:\\\/\\\/biel.mastermind.ch\\\/fr\\\/#organization\",\"name\":\"Mastermind Event GmbH\",\"url\":\"https:\\\/\\\/biel.mastermind.ch\\\/fr\\\/\",\"logo\":{\"@type\":\"ImageObject\",\"inLanguage\":\"fr-FR\",\"@id\":\"https:\\\/\\\/biel.mastermind.ch\\\/fr\\\/#\\\/schema\\\/logo\\\/image\\\/\",\"url\":\"https:\\\/\\\/biel.mastermind.ch\\\/wp-content\\\/uploads\\\/2EBF690D-81FE-41B9-93B5-730792A20F46.png\",\"contentUrl\":\"https:\\\/\\\/biel.mastermind.ch\\\/wp-content\\\/uploads\\\/2EBF690D-81FE-41B9-93B5-730792A20F46.png\",\"width\":6500,\"height\":2020,\"caption\":\"Mastermind Event GmbH\"},\"image\":{\"@id\":\"https:\\\/\\\/biel.mastermind.ch\\\/fr\\\/#\\\/schema\\\/logo\\\/image\\\/\"},\"sameAs\":[\"https:\\\/\\\/www.facebook.com\\\/MastermindEscapeRoomsBiel\",\"https:\\\/\\\/www.instagram.com\\\/biel_mastermind\\\/\"]}]}<\/script>\n<!-- \/ Yoast SEO plugin. -->","yoast_head_json":{"title":"Excursions de classe - Mastermind Escape Room Biel","description":"Vous pr\u00e9voyez une Excursions de classe? Les escape rooms sont id\u00e9ales comme sortie scolaire pour les enfants \u00e0 partir de 6 ans.","robots":{"index":"index","follow":"follow","max-snippet":"max-snippet:-1","max-image-preview":"max-image-preview:large","max-video-preview":"max-video-preview:-1"},"canonical":"https:\/\/biel.mastermind.ch\/fr\/events\/excursions-de-classe\/","og_locale":"fr_FR","og_type":"article","og_title":"Excursions de classe - Mastermind Escape Room Biel","og_description":"Vous pr\u00e9voyez une Excursions de classe? Les escape rooms sont id\u00e9ales comme sortie scolaire pour les enfants \u00e0 partir de 6 ans.","og_url":"https:\/\/biel.mastermind.ch\/fr\/events\/excursions-de-classe\/","og_site_name":"Mastermind Escape Room Biel - 4 Escape Games","article_publisher":"https:\/\/www.facebook.com\/MastermindEscapeRoomsBiel","article_modified_time":"2023-07-14T19:03:29+00:00","og_image":[{"url":"https:\/\/biel.mastermind.ch\/wp-content\/uploads\/Mastermind_Klassenfahrt_2023_FR-1024x724.png","type":"","width":"","height":""}],"twitter_card":"summary_large_image","twitter_misc":{"Dur\u00e9e de lecture estim\u00e9e":"4 minutes"},"schema":{"@context":"https:\/\/schema.org","@graph":[{"@type":"WebPage","@id":"https:\/\/biel.mastermind.ch\/fr\/events\/excursions-de-classe\/","url":"https:\/\/biel.mastermind.ch\/fr\/events\/excursions-de-classe\/","name":"Excursions de classe - Mastermind Escape Room Biel","isPartOf":{"@id":"https:\/\/biel.mastermind.ch\/fr\/#website"},"primaryImageOfPage":{"@id":"https:\/\/biel.mastermind.ch\/fr\/events\/excursions-de-classe\/#primaryimage"},"image":{"@id":"https:\/\/biel.mastermind.ch\/fr\/events\/excursions-de-classe\/#primaryimage"},"thumbnailUrl":"https:\/\/biel.mastermind.ch\/wp-content\/uploads\/Mastermind_Klassenfahrt_2023_FR-1024x724.png","datePublished":"2023-05-05T17:36:36+00:00","dateModified":"2023-07-14T19:03:29+00:00","description":"Vous pr\u00e9voyez une Excursions de classe? Les escape rooms sont id\u00e9ales comme sortie scolaire pour les enfants \u00e0 partir de 6 ans.","breadcrumb":{"@id":"https:\/\/biel.mastermind.ch\/fr\/events\/excursions-de-classe\/#breadcrumb"},"inLanguage":"fr-FR","potentialAction":[{"@type":"ReadAction","target":["https:\/\/biel.mastermind.ch\/fr\/events\/excursions-de-classe\/"]}]},{"@type":"ImageObject","inLanguage":"fr-FR","@id":"https:\/\/biel.mastermind.ch\/fr\/events\/excursions-de-classe\/#primaryimage","url":"https:\/\/biel.mastermind.ch\/wp-content\/uploads\/Mastermind_Klassenfahrt_2023_FR-1024x724.png","contentUrl":"https:\/\/biel.mastermind.ch\/wp-content\/uploads\/Mastermind_Klassenfahrt_2023_FR-1024x724.png"},{"@type":"BreadcrumbList","@id":"https:\/\/biel.mastermind.ch\/fr\/events\/excursions-de-classe\/#breadcrumb","itemListElement":[{"@type":"ListItem","position":1,"name":"Startseite","item":"https:\/\/biel.mastermind.ch\/fr\/"},{"@type":"ListItem","position":2,"name":"\u00c9v\u00e9nements","item":"https:\/\/biel.mastermind.ch\/fr\/events\/"},{"@type":"ListItem","position":3,"name":"Excursions de classe"}]},{"@type":"WebSite","@id":"https:\/\/biel.mastermind.ch\/fr\/#website","url":"https:\/\/biel.mastermind.ch\/fr\/","name":"Mastermind Escape Room Biel - 4 Escape Games","description":"Spiele den #1 Escaperoom in Biel! Premium Games mit Spass, Adrenalin und Nervenkitzel warten auf dein Team. Der beste Adventure &amp; Escape Room in Biel!","publisher":{"@id":"https:\/\/biel.mastermind.ch\/fr\/#organization"},"potentialAction":[{"@type":"SearchAction","target":{"@type":"EntryPoint","urlTemplate":"https:\/\/biel.mastermind.ch\/fr\/?s={search_term_string}"},"query-input":{"@type":"PropertyValueSpecification","valueRequired":true,"valueName":"search_term_string"}}],"inLanguage":"fr-FR"},{"@type":"Organization","@id":"https:\/\/biel.mastermind.ch\/fr\/#organization","name":"Mastermind Event GmbH","url":"https:\/\/biel.mastermind.ch\/fr\/","logo":{"@type":"ImageObject","inLanguage":"fr-FR","@id":"https:\/\/biel.mastermind.ch\/fr\/#\/schema\/logo\/image\/","url":"https:\/\/biel.mastermind.ch\/wp-content\/uploads\/2EBF690D-81FE-41B9-93B5-730792A20F46.png","contentUrl":"https:\/\/biel.mastermind.ch\/wp-content\/uploads\/2EBF690D-81FE-41B9-93B5-730792A20F46.png","width":6500,"height":2020,"caption":"Mastermind Event GmbH"},"image":{"@id":"https:\/\/biel.mastermind.ch\/fr\/#\/schema\/logo\/image\/"},"sameAs":["https:\/\/www.facebook.com\/MastermindEscapeRoomsBiel","https:\/\/www.instagram.com\/biel_mastermind\/"]}]}},"_links":{"self":[{"href":"https:\/\/biel.mastermind.ch\/fr\/wp-json\/wp\/v2\/pages\/1622","targetHints":{"allow":["GET"]}}],"collection":[{"href":"https:\/\/biel.mastermind.ch\/fr\/wp-json\/wp\/v2\/pages"}],"about":[{"href":"https:\/\/biel.mastermind.ch\/fr\/wp-json\/wp\/v2\/types\/page"}],"author":[{"embeddable":true,"href":"https:\/\/biel.mastermind.ch\/fr\/wp-json\/wp\/v2\/users\/6"}],"replies":[{"embeddable":true,"href":"https:\/\/biel.mastermind.ch\/fr\/wp-json\/wp\/v2\/comments?post=1622"}],"version-history":[{"count":27,"href":"https:\/\/biel.mastermind.ch\/fr\/wp-json\/wp\/v2\/pages\/1622\/revisions"}],"predecessor-version":[{"id":2354,"href":"https:\/\/biel.mastermind.ch\/fr\/wp-json\/wp\/v2\/pages\/1622\/revisions\/2354"}],"up":[{"embeddable":true,"href":"https:\/\/biel.mastermind.ch\/fr\/wp-json\/wp\/v2\/pages\/1327"}],"wp:attachment":[{"href":"https:\/\/biel.mastermind.ch\/fr\/wp-json\/wp\/v2\/media?parent=1622"}],"curies":[{"name":"wp","href":"https:\/\/api.w.org\/{rel}","templated":true}]}}