{"id":1630,"date":"2023-05-05T19:55:46","date_gmt":"2023-05-05T17:55:46","guid":{"rendered":"https:\/\/biel.mastermind.ch\/?page_id=1630"},"modified":"2026-03-31T11:32:40","modified_gmt":"2026-03-31T09:32:40","slug":"enterrement-de-vie-de-garcon-de-jeune-fille-bienne","status":"publish","type":"page","link":"https:\/\/biel.mastermind.ch\/fr\/events\/enterrement-de-vie-de-garcon-de-jeune-fille-bienne\/","title":{"rendered":"Enterrement de vie de gar\u00e7on \/ de jeune fille"},"content":{"rendered":"\t\t<div data-elementor-type=\"wp-page\" data-elementor-id=\"1630\" class=\"elementor elementor-1630 elementor-1592\">\n\t\t\t\t\t\t<section class=\"elementor-section elementor-top-section elementor-element elementor-element-3da7934 elementor-section-boxed elementor-section-height-default elementor-section-height-default\" data-id=\"3da7934\" data-element_type=\"section\" data-e-type=\"section\">\n\t\t\t\t\t\t<div class=\"elementor-container elementor-column-gap-default\">\n\t\t\t\t\t<div class=\"elementor-column elementor-col-100 elementor-top-column elementor-element elementor-element-a68373d\" data-id=\"a68373d\" data-element_type=\"column\" data-e-type=\"column\">\n\t\t\t<div class=\"elementor-widget-wrap elementor-element-populated\">\n\t\t\t\t\t\t<div class=\"elementor-element elementor-element-451cf1b elementor-widget elementor-widget-image\" data-id=\"451cf1b\" data-element_type=\"widget\" data-e-type=\"widget\" data-widget_type=\"image.default\">\n\t\t\t\t<div class=\"elementor-widget-container\">\n\t\t\t\t\t\t\t\t\t\t\t\t\t\t\t<img fetchpriority=\"high\" decoding=\"async\" width=\"640\" height=\"453\" src=\"https:\/\/biel.mastermind.ch\/wp-content\/uploads\/Mastermind_JGA_2023_FR-768x543.png\" class=\"attachment-medium_large size-medium_large wp-image-2315\" alt=\"\" srcset=\"https:\/\/biel.mastermind.ch\/wp-content\/uploads\/Mastermind_JGA_2023_FR-768x543.png.webp 768w, https:\/\/biel.mastermind.ch\/wp-content\/uploads\/Mastermind_JGA_2023_FR-300x212.png.webp 300w, https:\/\/biel.mastermind.ch\/wp-content\/uploads\/Mastermind_JGA_2023_FR-1024x724.png.webp 1024w, https:\/\/biel.mastermind.ch\/wp-content\/uploads\/Mastermind_JGA_2023_FR-1536x1086.png.webp 1536w, https:\/\/biel.mastermind.ch\/wp-content\/uploads\/Mastermind_JGA_2023_FR.png.webp 1750w\" sizes=\"(max-width: 640px) 100vw, 640px\" \/>\t\t\t\t\t\t\t\t\t\t\t\t\t\t\t<\/div>\n\t\t\t\t<\/div>\n\t\t\t\t<div class=\"elementor-element elementor-element-7da3c93 elementor-widget elementor-widget-escapium-heading-title\" data-id=\"7da3c93\" data-element_type=\"widget\" data-e-type=\"widget\" data-widget_type=\"escapium-heading-title.default\">\n\t\t\t\t<div class=\"elementor-widget-container\">\n\t\t\t\t\t\n\t\t<div class=\"section-heading section-heading--divider-top\">\n\t\t\t<h2 class=\"section-heading__title\">Tu pr\u00e9vois un enterrement de vie de gar\u00e7on \/ de jeune fille ?<\/h2>\n\t\t\t\t\t<\/div>\n\n\t\t\t\t\t\t<\/div>\n\t\t\t\t<\/div>\n\t\t\t\t<div class=\"elementor-element elementor-element-dee4cbc elementor-widget elementor-widget-text-editor\" data-id=\"dee4cbc\" data-element_type=\"widget\" data-e-type=\"widget\" data-widget_type=\"text-editor.default\">\n\t\t\t\t<div class=\"elementor-widget-container\">\n\t\t\t\t\t\t\t\t\t<p style=\"text-align: justify;\">Oui ? Alors nous avons le EVJF parfait pour toi. Les Escape Rooms peuvent \u00eatre une excellente activit\u00e9 pour un enterrement de vie de gar\u00e7on ou de jeune fille. C&rsquo;est une mani\u00e8re amusante et interactive de r\u00e9unir un groupe d&rsquo;amis ou de membres de la famille et de relever un d\u00e9fi commun.<\/p><p style=\"text-align: justify;\">Les Escape Rooms sont id\u00e9aux pour les enterrements de vie de gar\u00e7on et de jeune fille, car ils offrent une alternative aux activit\u00e9s traditionnelles comme les clubs de strip-tease ou les beuveries. C&rsquo;est un moyen de passer un apr\u00e8s-midi ou une soir\u00e9e inoubliable tout en restant sobre et en s\u00e9curit\u00e9. Eh bien, on ne sait jamais ce qui se passe ensuite.\u00a0<\/p><p style=\"text-align: justify;\">En outre, la r\u00e9solution d&rsquo;\u00e9nigmes et de d\u00e9fis favorise l&rsquo;esprit d&rsquo;\u00e9quipe entre amis et contribue \u00e0 am\u00e9liorer la communication et la coop\u00e9ration au sein de tout le groupe. C&rsquo;est aussi une formidable occasion de rassembler des souvenirs et des photos qui rendront l&rsquo;enterrement de vie de gar\u00e7on ou de jeune fille inoubliable.<\/p>\t\t\t\t\t\t\t\t<\/div>\n\t\t\t\t<\/div>\n\t\t\t\t\t<\/div>\n\t\t<\/div>\n\t\t\t\t\t<\/div>\n\t\t<\/section>\n\t\t\t\t<section class=\"elementor-section elementor-top-section elementor-element elementor-element-a7598d1 elementor-section-boxed elementor-section-height-default elementor-section-height-default\" data-id=\"a7598d1\" data-element_type=\"section\" data-e-type=\"section\">\n\t\t\t\t\t\t<div class=\"elementor-container elementor-column-gap-default\">\n\t\t\t\t\t<div class=\"elementor-column elementor-col-100 elementor-top-column elementor-element elementor-element-fefc335\" data-id=\"fefc335\" data-element_type=\"column\" data-e-type=\"column\">\n\t\t\t<div class=\"elementor-widget-wrap elementor-element-populated\">\n\t\t\t\t\t\t<div class=\"elementor-element elementor-element-bbe33bc elementor-widget elementor-widget-escapium-heading-title\" data-id=\"bbe33bc\" data-element_type=\"widget\" data-e-type=\"widget\" data-widget_type=\"escapium-heading-title.default\">\n\t\t\t\t<div class=\"elementor-widget-container\">\n\t\t\t\t\t\n\t\t<div class=\"section-heading section-heading--divider-top\">\n\t\t\t<h2 class=\"section-heading__title\">Ce qu\u2019il faut savoir<\/h2>\n\t\t\t\t\t<\/div>\n\n\t\t\t\t\t\t<\/div>\n\t\t\t\t<\/div>\n\t\t\t\t<div class=\"elementor-element elementor-element-324fbae elementor-widget elementor-widget-text-editor\" data-id=\"324fbae\" data-element_type=\"widget\" data-e-type=\"widget\" data-widget_type=\"text-editor.default\">\n\t\t\t\t<div class=\"elementor-widget-container\">\n\t\t\t\t\t\t\t\t\t<h3 style=\"text-align: center;\">Taille des groupes et dur\u00e9e<\/h3><p style=\"text-align: center;\">5 &#8211; 26 personnes \/ env. 1h45<\/p><h3 style=\"text-align: center;\">Snacks et ap\u00e9ritifs<\/h3><p style=\"text-align: center;\">Les boissons sont disponibles sur place. Des snacks ou des ap\u00e9ros riches sont possibles \u00e0 partir de 15 personnes.<\/p><p style=\"text-align: center;\">En cas de besoin : tout pr\u00e8s se trouve le restaurant ARTIST, qui est nomin\u00e9 pour le SWISS LOCATION AWARD 2023.<\/p><p style=\"text-align: center;\">Lien : Hotel ARTIST &#8211; Culinary ARTISTs &#8211; HOTEL ARTIST &#8211; CULINARY ARTISTs (artist-biel.ch)<\/p><p style=\"text-align: center;\">Nous pouvons recommander le restaurant et l&rsquo;h\u00f4tel en toute bonne conscience.<\/p><h3 style=\"text-align: center;\">Prix et Conditions<\/h3><p style=\"text-align: center;\">Les prix varient en fonction de la taille du groupe.<\/p><h3 style=\"text-align: center;\">Planification et contact<\/h3><p style=\"text-align: center;\">Afin de planifier parfaitement ton excursion, nous te prions de prendre contact avec nous par mail, nous pourrons ainsi te faire une offre sans engagement.<\/p><p style=\"text-align: center;\">Des heures sp\u00e9ciales d&rsquo;ouverture peuvent \u00eatre demand\u00e9es par mail.<\/p><h3 style=\"text-align: center;\">Transports publics, Parking, acc\u00e8s<\/h3><p style=\"text-align: center;\">Depuis la gare centrale de Bienne, il est possible de se rendre directement \u00e0 Mastermind avec le bus 2 places. L&rsquo;arr\u00eat Schl\u00f6sslifeld\/Cha se trouve \u00e0 seulement 3 minutes \u00e0 pied de Mastermind Bienne.<\/p><p style=\"text-align: center;\">Si tu viens en voiture, tu peux te garer sur les places n\u00b0 53 et 54. Il y a aussi des zones de stationnement bleues \u00e0 proximit\u00e9. Pour les groupes plus importants, nous recommandons le covoiturage.<\/p><p style=\"text-align: center;\">Adresse Mastermind: Mastermind Escape Rooms, Eckweg 8 B, 2504 Bienne.<\/p><p style=\"text-align: center;\">Acc\u00e8s par Google Maps: https:\/\/goo.gl\/maps\/zHq5FSpdz8zkgv4x9<strong>\u00a0<\/strong><\/p><h3 style=\"text-align: center;\">Remarques<\/h3><p style=\"text-align: center;\">Il est important de savoir que beaucoup de c\u0153ur a \u00e9t\u00e9 investi dans nos Escape Rooms. Nous demandons poliment \u00e0 l&rsquo;organisateur(trice) et \u00e0 l&rsquo;\u00e9quipe de se pr\u00e9senter relativement sobre avant le jeu et de traiter les jeux et les \u00e9nigmes avec soin.<\/p>\t\t\t\t\t\t\t\t<\/div>\n\t\t\t\t<\/div>\n\t\t\t\t<div class=\"elementor-element elementor-element-1f04b72 elementor-align-center elementor-widget elementor-widget-esc-button\" data-id=\"1f04b72\" data-element_type=\"widget\" data-e-type=\"widget\" data-widget_type=\"esc-button.default\">\n\t\t\t\t<div class=\"elementor-widget-container\">\n\t\t\t\t\t\n\t\t<a href=\"\/fr\/about\/\" class=\"btn btn-lg btn-primary\" href=\"\/fr\/about\/\"href=\"\/fr\/about\/\">\n\t\t\t\t\t\t\t<i class=\"ion-email\"><\/i>\n\t\t\t\t\t\tAcc\u00e9der au formulaire de contact\t\t<\/a>\n\n\t\t\t\t\t\t<\/div>\n\t\t\t\t<\/div>\n\t\t\t\t\t<\/div>\n\t\t<\/div>\n\t\t\t\t\t<\/div>\n\t\t<\/section>\n\t\t\t\t<\/div>\n\t\t","protected":false},"excerpt":{"rendered":"<p>Oui ? Alors nous avons le EVJF parfait pour toi. Les Escape Rooms peuvent \u00eatre une excellente activit\u00e9 pour un enterrement de vie de gar\u00e7on ou de jeune fille. C&rsquo;est une mani\u00e8re amusante et interactive de r\u00e9unir un groupe d&rsquo;amis ou de membres de la famille et de relever un d\u00e9fi commun. Les Escape Rooms [&hellip;]<\/p>\n","protected":false},"author":6,"featured_media":0,"parent":1327,"menu_order":0,"comment_status":"closed","ping_status":"closed","template":"","meta":{"_acf_changed":false,"footnotes":""},"class_list":["post-1630","page","type-page","status-publish","hentry"],"acf":[],"yoast_head":"<!-- This site is optimized with the Yoast SEO plugin v27.5 - https:\/\/yoast.com\/product\/yoast-seo-wordpress\/ -->\n<title>Enterrement de vie de gar\u00e7on \/ de jeune fille Bienne<\/title>\n<meta name=\"description\" content=\"C\u00e9l\u00e9brez votre enterrement de vie de gar\u00e7on ou de jeune fille maintenant avec Mastermind Escape Room \u00e0 Bienne.\" \/>\n<meta name=\"robots\" content=\"index, follow, max-snippet:-1, max-image-preview:large, max-video-preview:-1\" \/>\n<link rel=\"canonical\" href=\"https:\/\/biel.mastermind.ch\/fr\/events\/enterrement-de-vie-de-garcon-de-jeune-fille-bienne\/\" \/>\n<meta property=\"og:locale\" content=\"fr_FR\" \/>\n<meta property=\"og:type\" content=\"article\" \/>\n<meta property=\"og:title\" content=\"Enterrement de vie de gar\u00e7on \/ de jeune fille Bienne\" \/>\n<meta property=\"og:description\" content=\"C\u00e9l\u00e9brez votre enterrement de vie de gar\u00e7on ou de jeune fille maintenant avec Mastermind Escape Room \u00e0 Bienne.\" \/>\n<meta property=\"og:url\" content=\"https:\/\/biel.mastermind.ch\/fr\/events\/enterrement-de-vie-de-garcon-de-jeune-fille-bienne\/\" \/>\n<meta property=\"og:site_name\" content=\"Mastermind Escape Room Biel - 4 Escape Games\" \/>\n<meta property=\"article:publisher\" content=\"https:\/\/www.facebook.com\/MastermindEscapeRoomsBiel\" \/>\n<meta property=\"article:modified_time\" content=\"2026-03-31T09:32:40+00:00\" \/>\n<meta property=\"og:image\" content=\"https:\/\/biel.mastermind.ch\/wp-content\/uploads\/Mastermind_JGA_2023_FR.png\" \/>\n\t<meta property=\"og:image:width\" content=\"1750\" \/>\n\t<meta property=\"og:image:height\" content=\"1237\" \/>\n\t<meta property=\"og:image:type\" content=\"image\/png\" \/>\n<meta name=\"twitter:card\" content=\"summary_large_image\" \/>\n<meta name=\"twitter:label1\" content=\"Dur\u00e9e de lecture estim\u00e9e\" \/>\n\t<meta name=\"twitter:data1\" content=\"3 minutes\" \/>\n<script type=\"application\/ld+json\" class=\"yoast-schema-graph\">{\"@context\":\"https:\\\/\\\/schema.org\",\"@graph\":[{\"@type\":\"WebPage\",\"@id\":\"https:\\\/\\\/biel.mastermind.ch\\\/fr\\\/events\\\/enterrement-de-vie-de-garcon-de-jeune-fille-bienne\\\/\",\"url\":\"https:\\\/\\\/biel.mastermind.ch\\\/fr\\\/events\\\/enterrement-de-vie-de-garcon-de-jeune-fille-bienne\\\/\",\"name\":\"Enterrement de vie de gar\u00e7on \\\/ de jeune fille Bienne\",\"isPartOf\":{\"@id\":\"https:\\\/\\\/biel.mastermind.ch\\\/fr\\\/#website\"},\"primaryImageOfPage\":{\"@id\":\"https:\\\/\\\/biel.mastermind.ch\\\/fr\\\/events\\\/enterrement-de-vie-de-garcon-de-jeune-fille-bienne\\\/#primaryimage\"},\"image\":{\"@id\":\"https:\\\/\\\/biel.mastermind.ch\\\/fr\\\/events\\\/enterrement-de-vie-de-garcon-de-jeune-fille-bienne\\\/#primaryimage\"},\"thumbnailUrl\":\"https:\\\/\\\/biel.mastermind.ch\\\/wp-content\\\/uploads\\\/Mastermind_JGA_2023_FR-768x543.png\",\"datePublished\":\"2023-05-05T17:55:46+00:00\",\"dateModified\":\"2026-03-31T09:32:40+00:00\",\"description\":\"C\u00e9l\u00e9brez votre enterrement de vie de gar\u00e7on ou de jeune fille maintenant avec Mastermind Escape Room \u00e0 Bienne.\",\"breadcrumb\":{\"@id\":\"https:\\\/\\\/biel.mastermind.ch\\\/fr\\\/events\\\/enterrement-de-vie-de-garcon-de-jeune-fille-bienne\\\/#breadcrumb\"},\"inLanguage\":\"fr-FR\",\"potentialAction\":[{\"@type\":\"ReadAction\",\"target\":[\"https:\\\/\\\/biel.mastermind.ch\\\/fr\\\/events\\\/enterrement-de-vie-de-garcon-de-jeune-fille-bienne\\\/\"]}]},{\"@type\":\"ImageObject\",\"inLanguage\":\"fr-FR\",\"@id\":\"https:\\\/\\\/biel.mastermind.ch\\\/fr\\\/events\\\/enterrement-de-vie-de-garcon-de-jeune-fille-bienne\\\/#primaryimage\",\"url\":\"https:\\\/\\\/biel.mastermind.ch\\\/wp-content\\\/uploads\\\/Mastermind_JGA_2023_FR-768x543.png\",\"contentUrl\":\"https:\\\/\\\/biel.mastermind.ch\\\/wp-content\\\/uploads\\\/Mastermind_JGA_2023_FR-768x543.png\"},{\"@type\":\"BreadcrumbList\",\"@id\":\"https:\\\/\\\/biel.mastermind.ch\\\/fr\\\/events\\\/enterrement-de-vie-de-garcon-de-jeune-fille-bienne\\\/#breadcrumb\",\"itemListElement\":[{\"@type\":\"ListItem\",\"position\":1,\"name\":\"Startseite\",\"item\":\"https:\\\/\\\/biel.mastermind.ch\\\/fr\\\/\"},{\"@type\":\"ListItem\",\"position\":2,\"name\":\"\u00c9v\u00e9nements\",\"item\":\"https:\\\/\\\/biel.mastermind.ch\\\/fr\\\/events\\\/\"},{\"@type\":\"ListItem\",\"position\":3,\"name\":\"Enterrement de vie de gar\u00e7on \\\/ de jeune fille\"}]},{\"@type\":\"WebSite\",\"@id\":\"https:\\\/\\\/biel.mastermind.ch\\\/fr\\\/#website\",\"url\":\"https:\\\/\\\/biel.mastermind.ch\\\/fr\\\/\",\"name\":\"Mastermind Escape Room Biel - 4 Escape Games\",\"description\":\"Spiele den #1 Escaperoom in Biel! Premium Games mit Spass, Adrenalin und Nervenkitzel warten auf dein Team. Der beste Adventure &amp; Escape Room in Biel!\",\"publisher\":{\"@id\":\"https:\\\/\\\/biel.mastermind.ch\\\/fr\\\/#organization\"},\"potentialAction\":[{\"@type\":\"SearchAction\",\"target\":{\"@type\":\"EntryPoint\",\"urlTemplate\":\"https:\\\/\\\/biel.mastermind.ch\\\/fr\\\/?s={search_term_string}\"},\"query-input\":{\"@type\":\"PropertyValueSpecification\",\"valueRequired\":true,\"valueName\":\"search_term_string\"}}],\"inLanguage\":\"fr-FR\"},{\"@type\":\"Organization\",\"@id\":\"https:\\\/\\\/biel.mastermind.ch\\\/fr\\\/#organization\",\"name\":\"Mastermind Event GmbH\",\"url\":\"https:\\\/\\\/biel.mastermind.ch\\\/fr\\\/\",\"logo\":{\"@type\":\"ImageObject\",\"inLanguage\":\"fr-FR\",\"@id\":\"https:\\\/\\\/biel.mastermind.ch\\\/fr\\\/#\\\/schema\\\/logo\\\/image\\\/\",\"url\":\"https:\\\/\\\/biel.mastermind.ch\\\/wp-content\\\/uploads\\\/2EBF690D-81FE-41B9-93B5-730792A20F46.png\",\"contentUrl\":\"https:\\\/\\\/biel.mastermind.ch\\\/wp-content\\\/uploads\\\/2EBF690D-81FE-41B9-93B5-730792A20F46.png\",\"width\":6500,\"height\":2020,\"caption\":\"Mastermind Event GmbH\"},\"image\":{\"@id\":\"https:\\\/\\\/biel.mastermind.ch\\\/fr\\\/#\\\/schema\\\/logo\\\/image\\\/\"},\"sameAs\":[\"https:\\\/\\\/www.facebook.com\\\/MastermindEscapeRoomsBiel\",\"https:\\\/\\\/www.instagram.com\\\/biel_mastermind\\\/\"]}]}<\/script>\n<!-- \/ Yoast SEO plugin. -->","yoast_head_json":{"title":"Enterrement de vie de gar\u00e7on \/ de jeune fille Bienne","description":"C\u00e9l\u00e9brez votre enterrement de vie de gar\u00e7on ou de jeune fille maintenant avec Mastermind Escape Room \u00e0 Bienne.","robots":{"index":"index","follow":"follow","max-snippet":"max-snippet:-1","max-image-preview":"max-image-preview:large","max-video-preview":"max-video-preview:-1"},"canonical":"https:\/\/biel.mastermind.ch\/fr\/events\/enterrement-de-vie-de-garcon-de-jeune-fille-bienne\/","og_locale":"fr_FR","og_type":"article","og_title":"Enterrement de vie de gar\u00e7on \/ de jeune fille Bienne","og_description":"C\u00e9l\u00e9brez votre enterrement de vie de gar\u00e7on ou de jeune fille maintenant avec Mastermind Escape Room \u00e0 Bienne.","og_url":"https:\/\/biel.mastermind.ch\/fr\/events\/enterrement-de-vie-de-garcon-de-jeune-fille-bienne\/","og_site_name":"Mastermind Escape Room Biel - 4 Escape Games","article_publisher":"https:\/\/www.facebook.com\/MastermindEscapeRoomsBiel","article_modified_time":"2026-03-31T09:32:40+00:00","og_image":[{"width":1750,"height":1237,"url":"https:\/\/biel.mastermind.ch\/wp-content\/uploads\/Mastermind_JGA_2023_FR.png","type":"image\/png"}],"twitter_card":"summary_large_image","twitter_misc":{"Dur\u00e9e de lecture estim\u00e9e":"3 minutes"},"schema":{"@context":"https:\/\/schema.org","@graph":[{"@type":"WebPage","@id":"https:\/\/biel.mastermind.ch\/fr\/events\/enterrement-de-vie-de-garcon-de-jeune-fille-bienne\/","url":"https:\/\/biel.mastermind.ch\/fr\/events\/enterrement-de-vie-de-garcon-de-jeune-fille-bienne\/","name":"Enterrement de vie de gar\u00e7on \/ de jeune fille Bienne","isPartOf":{"@id":"https:\/\/biel.mastermind.ch\/fr\/#website"},"primaryImageOfPage":{"@id":"https:\/\/biel.mastermind.ch\/fr\/events\/enterrement-de-vie-de-garcon-de-jeune-fille-bienne\/#primaryimage"},"image":{"@id":"https:\/\/biel.mastermind.ch\/fr\/events\/enterrement-de-vie-de-garcon-de-jeune-fille-bienne\/#primaryimage"},"thumbnailUrl":"https:\/\/biel.mastermind.ch\/wp-content\/uploads\/Mastermind_JGA_2023_FR-768x543.png","datePublished":"2023-05-05T17:55:46+00:00","dateModified":"2026-03-31T09:32:40+00:00","description":"C\u00e9l\u00e9brez votre enterrement de vie de gar\u00e7on ou de jeune fille maintenant avec Mastermind Escape Room \u00e0 Bienne.","breadcrumb":{"@id":"https:\/\/biel.mastermind.ch\/fr\/events\/enterrement-de-vie-de-garcon-de-jeune-fille-bienne\/#breadcrumb"},"inLanguage":"fr-FR","potentialAction":[{"@type":"ReadAction","target":["https:\/\/biel.mastermind.ch\/fr\/events\/enterrement-de-vie-de-garcon-de-jeune-fille-bienne\/"]}]},{"@type":"ImageObject","inLanguage":"fr-FR","@id":"https:\/\/biel.mastermind.ch\/fr\/events\/enterrement-de-vie-de-garcon-de-jeune-fille-bienne\/#primaryimage","url":"https:\/\/biel.mastermind.ch\/wp-content\/uploads\/Mastermind_JGA_2023_FR-768x543.png","contentUrl":"https:\/\/biel.mastermind.ch\/wp-content\/uploads\/Mastermind_JGA_2023_FR-768x543.png"},{"@type":"BreadcrumbList","@id":"https:\/\/biel.mastermind.ch\/fr\/events\/enterrement-de-vie-de-garcon-de-jeune-fille-bienne\/#breadcrumb","itemListElement":[{"@type":"ListItem","position":1,"name":"Startseite","item":"https:\/\/biel.mastermind.ch\/fr\/"},{"@type":"ListItem","position":2,"name":"\u00c9v\u00e9nements","item":"https:\/\/biel.mastermind.ch\/fr\/events\/"},{"@type":"ListItem","position":3,"name":"Enterrement de vie de gar\u00e7on \/ de jeune fille"}]},{"@type":"WebSite","@id":"https:\/\/biel.mastermind.ch\/fr\/#website","url":"https:\/\/biel.mastermind.ch\/fr\/","name":"Mastermind Escape Room Biel - 4 Escape Games","description":"Spiele den #1 Escaperoom in Biel! Premium Games mit Spass, Adrenalin und Nervenkitzel warten auf dein Team. Der beste Adventure &amp; Escape Room in Biel!","publisher":{"@id":"https:\/\/biel.mastermind.ch\/fr\/#organization"},"potentialAction":[{"@type":"SearchAction","target":{"@type":"EntryPoint","urlTemplate":"https:\/\/biel.mastermind.ch\/fr\/?s={search_term_string}"},"query-input":{"@type":"PropertyValueSpecification","valueRequired":true,"valueName":"search_term_string"}}],"inLanguage":"fr-FR"},{"@type":"Organization","@id":"https:\/\/biel.mastermind.ch\/fr\/#organization","name":"Mastermind Event GmbH","url":"https:\/\/biel.mastermind.ch\/fr\/","logo":{"@type":"ImageObject","inLanguage":"fr-FR","@id":"https:\/\/biel.mastermind.ch\/fr\/#\/schema\/logo\/image\/","url":"https:\/\/biel.mastermind.ch\/wp-content\/uploads\/2EBF690D-81FE-41B9-93B5-730792A20F46.png","contentUrl":"https:\/\/biel.mastermind.ch\/wp-content\/uploads\/2EBF690D-81FE-41B9-93B5-730792A20F46.png","width":6500,"height":2020,"caption":"Mastermind Event GmbH"},"image":{"@id":"https:\/\/biel.mastermind.ch\/fr\/#\/schema\/logo\/image\/"},"sameAs":["https:\/\/www.facebook.com\/MastermindEscapeRoomsBiel","https:\/\/www.instagram.com\/biel_mastermind\/"]}]}},"_links":{"self":[{"href":"https:\/\/biel.mastermind.ch\/fr\/wp-json\/wp\/v2\/pages\/1630","targetHints":{"allow":["GET"]}}],"collection":[{"href":"https:\/\/biel.mastermind.ch\/fr\/wp-json\/wp\/v2\/pages"}],"about":[{"href":"https:\/\/biel.mastermind.ch\/fr\/wp-json\/wp\/v2\/types\/page"}],"author":[{"embeddable":true,"href":"https:\/\/biel.mastermind.ch\/fr\/wp-json\/wp\/v2\/users\/6"}],"replies":[{"embeddable":true,"href":"https:\/\/biel.mastermind.ch\/fr\/wp-json\/wp\/v2\/comments?post=1630"}],"version-history":[{"count":33,"href":"https:\/\/biel.mastermind.ch\/fr\/wp-json\/wp\/v2\/pages\/1630\/revisions"}],"predecessor-version":[{"id":2843,"href":"https:\/\/biel.mastermind.ch\/fr\/wp-json\/wp\/v2\/pages\/1630\/revisions\/2843"}],"up":[{"embeddable":true,"href":"https:\/\/biel.mastermind.ch\/fr\/wp-json\/wp\/v2\/pages\/1327"}],"wp:attachment":[{"href":"https:\/\/biel.mastermind.ch\/fr\/wp-json\/wp\/v2\/media?parent=1630"}],"curies":[{"name":"wp","href":"https:\/\/api.w.org\/{rel}","templated":true}]}}