{"id":1643,"date":"2023-05-05T20:01:43","date_gmt":"2023-05-05T18:01:43","guid":{"rendered":"https:\/\/biel.mastermind.ch\/?page_id=1643"},"modified":"2023-07-14T21:13:46","modified_gmt":"2023-07-14T19:13:46","slug":"fetes-de-noel-bienne","status":"publish","type":"page","link":"https:\/\/biel.mastermind.ch\/fr\/events\/fetes-de-noel-bienne\/","title":{"rendered":"F\u00eates de No\u00ebl"},"content":{"rendered":"\t\t<div data-elementor-type=\"wp-page\" data-elementor-id=\"1643\" class=\"elementor elementor-1643 elementor-1552\">\n\t\t\t\t\t\t<section class=\"elementor-section elementor-top-section elementor-element elementor-element-e3c626e elementor-section-boxed elementor-section-height-default elementor-section-height-default\" data-id=\"e3c626e\" data-element_type=\"section\" data-e-type=\"section\">\n\t\t\t\t\t\t<div class=\"elementor-container elementor-column-gap-default\">\n\t\t\t\t\t<div class=\"elementor-column elementor-col-100 elementor-top-column elementor-element elementor-element-713dedf\" data-id=\"713dedf\" data-element_type=\"column\" data-e-type=\"column\">\n\t\t\t<div class=\"elementor-widget-wrap elementor-element-populated\">\n\t\t\t\t\t\t<div class=\"elementor-element elementor-element-3bece15 elementor-widget elementor-widget-image\" data-id=\"3bece15\" data-element_type=\"widget\" data-e-type=\"widget\" data-widget_type=\"image.default\">\n\t\t\t\t<div class=\"elementor-widget-container\">\n\t\t\t\t\t\t\t\t\t\t\t\t\t\t\t<img fetchpriority=\"high\" decoding=\"async\" width=\"640\" height=\"453\" src=\"https:\/\/biel.mastermind.ch\/wp-content\/uploads\/Mastermind_Weihnachtsfeier_2023_FR-1024x724.png\" class=\"attachment-large size-large wp-image-2333\" alt=\"\" srcset=\"https:\/\/biel.mastermind.ch\/wp-content\/uploads\/Mastermind_Weihnachtsfeier_2023_FR-1024x724.png 1024w, https:\/\/biel.mastermind.ch\/wp-content\/uploads\/Mastermind_Weihnachtsfeier_2023_FR-300x212.png 300w, https:\/\/biel.mastermind.ch\/wp-content\/uploads\/Mastermind_Weihnachtsfeier_2023_FR-768x543.png 768w, https:\/\/biel.mastermind.ch\/wp-content\/uploads\/Mastermind_Weihnachtsfeier_2023_FR-1536x1086.png 1536w, https:\/\/biel.mastermind.ch\/wp-content\/uploads\/Mastermind_Weihnachtsfeier_2023_FR.png 1750w\" sizes=\"(max-width: 640px) 100vw, 640px\" \/>\t\t\t\t\t\t\t\t\t\t\t\t\t\t\t<\/div>\n\t\t\t\t<\/div>\n\t\t\t\t<div class=\"elementor-element elementor-element-fc656b6 elementor-widget elementor-widget-escapium-heading-title\" data-id=\"fc656b6\" data-element_type=\"widget\" data-e-type=\"widget\" data-widget_type=\"escapium-heading-title.default\">\n\t\t\t\t<div class=\"elementor-widget-container\">\n\t\t\t\t\t\n\t\t<div class=\"section-heading section-heading--divider-top\">\n\t\t\t<h2 class=\"section-heading__title\">Pourquoi organiser une f\u00eate de No\u00ebl chez nous ?<\/h2>\n\t\t\t\t\t<\/div>\n\n\t\t\t\t\t\t<\/div>\n\t\t\t\t<\/div>\n\t\t\t\t<div class=\"elementor-element elementor-element-c70dd40 elementor-widget elementor-widget-text-editor\" data-id=\"c70dd40\" data-element_type=\"widget\" data-e-type=\"widget\" data-widget_type=\"text-editor.default\">\n\t\t\t\t<div class=\"elementor-widget-container\">\n\t\t\t\t\t\t\t\t\t<p>Une f\u00eate de No\u00ebl est une c\u00e9l\u00e9bration traditionnelle qui a lieu \u00e0 la fin de l&rsquo;ann\u00e9e dans de nombreuses entreprises, organisations et familles. Il y a plusieurs raisons pour lesquelles on organise une f\u00eate de No\u00ebl :<\/p><ol><li>F\u00eater la fin de l\u2019ann\u00e9e : une f\u00eate de No\u00ebl marque la fin de l&rsquo;ann\u00e9e et offre une occasion de c\u00e9l\u00e9brer et de r\u00e9fl\u00e9chir \u00e0 l&rsquo;ann\u00e9e \u00e9coul\u00e9e.<\/li><li>Renforcer la coh\u00e9sion : une f\u00eate de No\u00ebl est l&rsquo;occasion de promouvoir la coh\u00e9sion et la camaraderie au sein d&rsquo;une \u00e9quipe ou d&rsquo;un groupe.<\/li><li>R\u00e9compense et gratitude : une f\u00eate de No\u00ebl peut \u00eatre consid\u00e9r\u00e9e comme une occasion de remercier les employ\u00e9s et les coll\u00e8gues pour leur travail acharn\u00e9 et leur contribution au cours de l&rsquo;ann\u00e9e \u00e9coul\u00e9e.<\/li><li>Un moment de d\u00e9tente : Une f\u00eate de No\u00ebl offre une pause dans le travail quotidien et permet de se d\u00e9tendre, de s&rsquo;amuser et de profiter de la compagnie de ses coll\u00e8gues ou de sa famille.<\/li><li>Tradition et culture : une f\u00eate de No\u00ebl peut \u00e9galement \u00eatre consid\u00e9r\u00e9e comme une occasion de c\u00e9l\u00e9brer et de maintenir une tradition ou une culture.<\/li><\/ol><p>Dans l&rsquo;ensemble, une f\u00eate de No\u00ebl peut avoir un effet positif sur l&rsquo;\u00e9quipe et l&rsquo;ambiance au sein d&rsquo;un groupe et offrir une occasion de terminer l&rsquo;ann\u00e9e dans une atmosph\u00e8re positive et festive.<\/p><p>Si tu pr\u00e9vois une f\u00eate de No\u00ebl, nous te prions de r\u00e9server la date quelques semaines \u00e0 l&rsquo;avance. En raison des nombreuses demandes de ces derni\u00e8res ann\u00e9es, nous n&rsquo;avons pas pu accepter beaucoup de demandes, car nos cr\u00e9neaux horaires \u00e9taient tr\u00e8s rapidement complets.<\/p>\t\t\t\t\t\t\t\t<\/div>\n\t\t\t\t<\/div>\n\t\t\t\t\t<\/div>\n\t\t<\/div>\n\t\t\t\t\t<\/div>\n\t\t<\/section>\n\t\t\t\t<section class=\"elementor-section elementor-top-section elementor-element elementor-element-787c687 elementor-section-boxed elementor-section-height-default elementor-section-height-default\" data-id=\"787c687\" data-element_type=\"section\" data-e-type=\"section\">\n\t\t\t\t\t\t<div class=\"elementor-container elementor-column-gap-default\">\n\t\t\t\t\t<div class=\"elementor-column elementor-col-100 elementor-top-column elementor-element elementor-element-d6e3445\" data-id=\"d6e3445\" data-element_type=\"column\" data-e-type=\"column\">\n\t\t\t<div class=\"elementor-widget-wrap elementor-element-populated\">\n\t\t\t\t\t\t<div class=\"elementor-element elementor-element-946a8a7 elementor-widget elementor-widget-escapium-heading-title\" data-id=\"946a8a7\" data-element_type=\"widget\" data-e-type=\"widget\" data-widget_type=\"escapium-heading-title.default\">\n\t\t\t\t<div class=\"elementor-widget-container\">\n\t\t\t\t\t\n\t\t<div class=\"section-heading section-heading--divider-top\">\n\t\t\t<h2 class=\"section-heading__title\">Ce qu\u2019il faut savoir<\/h2>\n\t\t\t\t\t<\/div>\n\n\t\t\t\t\t\t<\/div>\n\t\t\t\t<\/div>\n\t\t\t\t<div class=\"elementor-element elementor-element-4ad6101 elementor-widget elementor-widget-text-editor\" data-id=\"4ad6101\" data-element_type=\"widget\" data-e-type=\"widget\" data-widget_type=\"text-editor.default\">\n\t\t\t\t<div class=\"elementor-widget-container\">\n\t\t\t\t\t\t\t\t\t<h3 style=\"text-align: center;\">Taille des groupes et dur\u00e9e<\/h3><p style=\"text-align: center;\">12 &#8211; 26 personnes \/ env. 1h45<\/p><p style=\"text-align: center;\">27 \u2013 52 personnes \/ env. 2h45<\/p><h3 style=\"text-align: center;\">Snacks et ap\u00e9ritifs<\/h3><p style=\"text-align: center;\">Les boissons sont disponibles sur place. Des snacks ou des ap\u00e9ros riches sont possibles \u00e0 partir de 15 personnes.<\/p><p style=\"text-align: center;\">En cas de besoin : tout pr\u00e8s se trouve le restaurant ARTIST, qui est nomin\u00e9 pour le SWISS LOCATION AWARD 2023.<\/p><p style=\"text-align: center;\">Lien : Hotel ARTIST &#8211; Culinary ARTISTs &#8211; HOTEL ARTIST &#8211; CULINARY ARTISTs (artist-biel.ch)<\/p><p style=\"text-align: center;\">Nous pouvons recommander le restaurant et l&rsquo;h\u00f4tel en toute bonne conscience.<\/p><h3 style=\"text-align: center;\">Prix et Conditions<\/h3><p style=\"text-align: center;\">Les prix varient en fonction de la taille du groupe.<\/p><h3 style=\"text-align: center;\">Planification et contact<\/h3><p style=\"text-align: center;\">Afin de planifier parfaitement ton excursion, nous te prions de prendre contact avec nous par mail, nous pourrons ainsi te faire une offre sans engagement.<\/p><p style=\"text-align: center;\">Des heures sp\u00e9ciales d&rsquo;ouverture peuvent \u00eatre demand\u00e9es par mail.<\/p><h3 style=\"text-align: center;\">Transports publics, Parking, acc\u00e8s<\/h3><p style=\"text-align: center;\">Depuis la gare centrale de Bienne, il est possible de se rendre directement \u00e0 Mastermind avec le bus 2 places. L&rsquo;arr\u00eat Schl\u00f6sslifeld\/Cha se trouve \u00e0 seulement 3 minutes \u00e0 pied de Mastermind Bienne.<\/p><p style=\"text-align: center;\">Si tu viens en voiture, tu peux te garer sur les places n\u00b0 53 et 54. Il y a aussi des zones de stationnement bleues \u00e0 proximit\u00e9. Pour les groupes plus importants, nous recommandons le covoiturage.<\/p><p style=\"text-align: center;\">Adresse Mastermind: Mastermind Escape Rooms, Eckweg 8 B, 2504 Bienne.<\/p><p style=\"text-align: center;\">Acc\u00e8s par Google Maps: https:\/\/goo.gl\/maps\/zHq5FSpdz8zkgv4x9<\/p><p style=\"text-align: center;\"><strong>\u00a0<\/strong><\/p><h3 style=\"text-align: center;\">Remarques<\/h3><p style=\"text-align: center;\">Pour les groupes \u00e0 partir de 15 personnes, nous offrons la possibilit\u00e9 de rester 1 heure dans le lobby et de profiter d&rsquo;un ap\u00e9ro pour terminer l&rsquo;\u00e9v\u00e9nement d&rsquo;\u00e9quipe en toute s\u00e9r\u00e9nit\u00e9 avec une musique agr\u00e9able.<\/p>\t\t\t\t\t\t\t\t<\/div>\n\t\t\t\t<\/div>\n\t\t\t\t<div class=\"elementor-element elementor-element-477b733 elementor-align-center elementor-widget elementor-widget-esc-button\" data-id=\"477b733\" data-element_type=\"widget\" data-e-type=\"widget\" data-widget_type=\"esc-button.default\">\n\t\t\t\t<div class=\"elementor-widget-container\">\n\t\t\t\t\t\n\t\t<a href=\"\/fr\/about\/\" class=\"btn btn-lg btn-primary\" href=\"\/fr\/about\/\"href=\"\/fr\/about\/\">\n\t\t\t\t\t\t\t<i class=\"ion-email\"><\/i>\n\t\t\t\t\t\tAcc\u00e9der au formulaire de contact\t\t<\/a>\n\n\t\t\t\t\t\t<\/div>\n\t\t\t\t<\/div>\n\t\t\t\t\t<\/div>\n\t\t<\/div>\n\t\t\t\t\t<\/div>\n\t\t<\/section>\n\t\t\t\t<\/div>\n\t\t","protected":false},"excerpt":{"rendered":"<p>Une f\u00eate de No\u00ebl est une c\u00e9l\u00e9bration traditionnelle qui a lieu \u00e0 la fin de l&rsquo;ann\u00e9e dans de nombreuses entreprises, organisations et familles. Il y a plusieurs raisons pour lesquelles on organise une f\u00eate de No\u00ebl : F\u00eater la fin de l\u2019ann\u00e9e : une f\u00eate de No\u00ebl marque la fin de l&rsquo;ann\u00e9e et offre une [&hellip;]<\/p>\n","protected":false},"author":6,"featured_media":0,"parent":1327,"menu_order":0,"comment_status":"closed","ping_status":"closed","template":"","meta":{"_acf_changed":false,"footnotes":""},"class_list":["post-1643","page","type-page","status-publish","hentry"],"acf":[],"yoast_head":"<!-- This site is optimized with the Yoast SEO plugin v27.5 - https:\/\/yoast.com\/product\/yoast-seo-wordpress\/ -->\n<title>F\u00eates de No\u00ebl - Mastermind Escape Room Biel<\/title>\n<meta name=\"description\" content=\"Organise une f\u00eate de No\u00ebl \u00e0 Bienne. Des jeux premium avec du plaisir, de l&#039;adr\u00e9naline et des sensations fortes attendent ton \u00e9quipe.\" \/>\n<meta name=\"robots\" content=\"index, follow, max-snippet:-1, max-image-preview:large, max-video-preview:-1\" \/>\n<link rel=\"canonical\" href=\"https:\/\/biel.mastermind.ch\/fr\/events\/fetes-de-noel-bienne\/\" \/>\n<meta property=\"og:locale\" content=\"fr_FR\" \/>\n<meta property=\"og:type\" content=\"article\" \/>\n<meta property=\"og:title\" content=\"F\u00eates de No\u00ebl - Mastermind Escape Room Biel\" \/>\n<meta property=\"og:description\" content=\"Organise une f\u00eate de No\u00ebl \u00e0 Bienne. Des jeux premium avec du plaisir, de l&#039;adr\u00e9naline et des sensations fortes attendent ton \u00e9quipe.\" \/>\n<meta property=\"og:url\" content=\"https:\/\/biel.mastermind.ch\/fr\/events\/fetes-de-noel-bienne\/\" \/>\n<meta property=\"og:site_name\" content=\"Mastermind Escape Room Biel - 4 Escape Games\" \/>\n<meta property=\"article:publisher\" content=\"https:\/\/www.facebook.com\/MastermindEscapeRoomsBiel\" \/>\n<meta property=\"article:modified_time\" content=\"2023-07-14T19:13:46+00:00\" \/>\n<meta property=\"og:image\" content=\"https:\/\/biel.mastermind.ch\/wp-content\/uploads\/Mastermind_Weihnachtsfeier_2023_FR-1024x724.png\" \/>\n<meta name=\"twitter:card\" content=\"summary_large_image\" \/>\n<meta name=\"twitter:label1\" content=\"Dur\u00e9e de lecture estim\u00e9e\" \/>\n\t<meta name=\"twitter:data1\" content=\"3 minutes\" \/>\n<script type=\"application\/ld+json\" class=\"yoast-schema-graph\">{\"@context\":\"https:\\\/\\\/schema.org\",\"@graph\":[{\"@type\":\"WebPage\",\"@id\":\"https:\\\/\\\/biel.mastermind.ch\\\/fr\\\/events\\\/fetes-de-noel-bienne\\\/\",\"url\":\"https:\\\/\\\/biel.mastermind.ch\\\/fr\\\/events\\\/fetes-de-noel-bienne\\\/\",\"name\":\"F\u00eates de No\u00ebl - Mastermind Escape Room Biel\",\"isPartOf\":{\"@id\":\"https:\\\/\\\/biel.mastermind.ch\\\/fr\\\/#website\"},\"primaryImageOfPage\":{\"@id\":\"https:\\\/\\\/biel.mastermind.ch\\\/fr\\\/events\\\/fetes-de-noel-bienne\\\/#primaryimage\"},\"image\":{\"@id\":\"https:\\\/\\\/biel.mastermind.ch\\\/fr\\\/events\\\/fetes-de-noel-bienne\\\/#primaryimage\"},\"thumbnailUrl\":\"https:\\\/\\\/biel.mastermind.ch\\\/wp-content\\\/uploads\\\/Mastermind_Weihnachtsfeier_2023_FR-1024x724.png\",\"datePublished\":\"2023-05-05T18:01:43+00:00\",\"dateModified\":\"2023-07-14T19:13:46+00:00\",\"description\":\"Organise une f\u00eate de No\u00ebl \u00e0 Bienne. Des jeux premium avec du plaisir, de l'adr\u00e9naline et des sensations fortes attendent ton \u00e9quipe.\",\"breadcrumb\":{\"@id\":\"https:\\\/\\\/biel.mastermind.ch\\\/fr\\\/events\\\/fetes-de-noel-bienne\\\/#breadcrumb\"},\"inLanguage\":\"fr-FR\",\"potentialAction\":[{\"@type\":\"ReadAction\",\"target\":[\"https:\\\/\\\/biel.mastermind.ch\\\/fr\\\/events\\\/fetes-de-noel-bienne\\\/\"]}]},{\"@type\":\"ImageObject\",\"inLanguage\":\"fr-FR\",\"@id\":\"https:\\\/\\\/biel.mastermind.ch\\\/fr\\\/events\\\/fetes-de-noel-bienne\\\/#primaryimage\",\"url\":\"https:\\\/\\\/biel.mastermind.ch\\\/wp-content\\\/uploads\\\/Mastermind_Weihnachtsfeier_2023_FR-1024x724.png\",\"contentUrl\":\"https:\\\/\\\/biel.mastermind.ch\\\/wp-content\\\/uploads\\\/Mastermind_Weihnachtsfeier_2023_FR-1024x724.png\"},{\"@type\":\"BreadcrumbList\",\"@id\":\"https:\\\/\\\/biel.mastermind.ch\\\/fr\\\/events\\\/fetes-de-noel-bienne\\\/#breadcrumb\",\"itemListElement\":[{\"@type\":\"ListItem\",\"position\":1,\"name\":\"Startseite\",\"item\":\"https:\\\/\\\/biel.mastermind.ch\\\/fr\\\/\"},{\"@type\":\"ListItem\",\"position\":2,\"name\":\"\u00c9v\u00e9nements\",\"item\":\"https:\\\/\\\/biel.mastermind.ch\\\/fr\\\/events\\\/\"},{\"@type\":\"ListItem\",\"position\":3,\"name\":\"F\u00eates de No\u00ebl\"}]},{\"@type\":\"WebSite\",\"@id\":\"https:\\\/\\\/biel.mastermind.ch\\\/fr\\\/#website\",\"url\":\"https:\\\/\\\/biel.mastermind.ch\\\/fr\\\/\",\"name\":\"Mastermind Escape Room Biel - 4 Escape Games\",\"description\":\"Spiele den #1 Escaperoom in Biel! Premium Games mit Spass, Adrenalin und Nervenkitzel warten auf dein Team. Der beste Adventure &amp; Escape Room in Biel!\",\"publisher\":{\"@id\":\"https:\\\/\\\/biel.mastermind.ch\\\/fr\\\/#organization\"},\"potentialAction\":[{\"@type\":\"SearchAction\",\"target\":{\"@type\":\"EntryPoint\",\"urlTemplate\":\"https:\\\/\\\/biel.mastermind.ch\\\/fr\\\/?s={search_term_string}\"},\"query-input\":{\"@type\":\"PropertyValueSpecification\",\"valueRequired\":true,\"valueName\":\"search_term_string\"}}],\"inLanguage\":\"fr-FR\"},{\"@type\":\"Organization\",\"@id\":\"https:\\\/\\\/biel.mastermind.ch\\\/fr\\\/#organization\",\"name\":\"Mastermind Event GmbH\",\"url\":\"https:\\\/\\\/biel.mastermind.ch\\\/fr\\\/\",\"logo\":{\"@type\":\"ImageObject\",\"inLanguage\":\"fr-FR\",\"@id\":\"https:\\\/\\\/biel.mastermind.ch\\\/fr\\\/#\\\/schema\\\/logo\\\/image\\\/\",\"url\":\"https:\\\/\\\/biel.mastermind.ch\\\/wp-content\\\/uploads\\\/2EBF690D-81FE-41B9-93B5-730792A20F46.png\",\"contentUrl\":\"https:\\\/\\\/biel.mastermind.ch\\\/wp-content\\\/uploads\\\/2EBF690D-81FE-41B9-93B5-730792A20F46.png\",\"width\":6500,\"height\":2020,\"caption\":\"Mastermind Event GmbH\"},\"image\":{\"@id\":\"https:\\\/\\\/biel.mastermind.ch\\\/fr\\\/#\\\/schema\\\/logo\\\/image\\\/\"},\"sameAs\":[\"https:\\\/\\\/www.facebook.com\\\/MastermindEscapeRoomsBiel\",\"https:\\\/\\\/www.instagram.com\\\/biel_mastermind\\\/\"]}]}<\/script>\n<!-- \/ Yoast SEO plugin. -->","yoast_head_json":{"title":"F\u00eates de No\u00ebl - Mastermind Escape Room Biel","description":"Organise une f\u00eate de No\u00ebl \u00e0 Bienne. Des jeux premium avec du plaisir, de l'adr\u00e9naline et des sensations fortes attendent ton \u00e9quipe.","robots":{"index":"index","follow":"follow","max-snippet":"max-snippet:-1","max-image-preview":"max-image-preview:large","max-video-preview":"max-video-preview:-1"},"canonical":"https:\/\/biel.mastermind.ch\/fr\/events\/fetes-de-noel-bienne\/","og_locale":"fr_FR","og_type":"article","og_title":"F\u00eates de No\u00ebl - Mastermind Escape Room Biel","og_description":"Organise une f\u00eate de No\u00ebl \u00e0 Bienne. Des jeux premium avec du plaisir, de l'adr\u00e9naline et des sensations fortes attendent ton \u00e9quipe.","og_url":"https:\/\/biel.mastermind.ch\/fr\/events\/fetes-de-noel-bienne\/","og_site_name":"Mastermind Escape Room Biel - 4 Escape Games","article_publisher":"https:\/\/www.facebook.com\/MastermindEscapeRoomsBiel","article_modified_time":"2023-07-14T19:13:46+00:00","og_image":[{"url":"https:\/\/biel.mastermind.ch\/wp-content\/uploads\/Mastermind_Weihnachtsfeier_2023_FR-1024x724.png","type":"","width":"","height":""}],"twitter_card":"summary_large_image","twitter_misc":{"Dur\u00e9e de lecture estim\u00e9e":"3 minutes"},"schema":{"@context":"https:\/\/schema.org","@graph":[{"@type":"WebPage","@id":"https:\/\/biel.mastermind.ch\/fr\/events\/fetes-de-noel-bienne\/","url":"https:\/\/biel.mastermind.ch\/fr\/events\/fetes-de-noel-bienne\/","name":"F\u00eates de No\u00ebl - Mastermind Escape Room Biel","isPartOf":{"@id":"https:\/\/biel.mastermind.ch\/fr\/#website"},"primaryImageOfPage":{"@id":"https:\/\/biel.mastermind.ch\/fr\/events\/fetes-de-noel-bienne\/#primaryimage"},"image":{"@id":"https:\/\/biel.mastermind.ch\/fr\/events\/fetes-de-noel-bienne\/#primaryimage"},"thumbnailUrl":"https:\/\/biel.mastermind.ch\/wp-content\/uploads\/Mastermind_Weihnachtsfeier_2023_FR-1024x724.png","datePublished":"2023-05-05T18:01:43+00:00","dateModified":"2023-07-14T19:13:46+00:00","description":"Organise une f\u00eate de No\u00ebl \u00e0 Bienne. Des jeux premium avec du plaisir, de l'adr\u00e9naline et des sensations fortes attendent ton \u00e9quipe.","breadcrumb":{"@id":"https:\/\/biel.mastermind.ch\/fr\/events\/fetes-de-noel-bienne\/#breadcrumb"},"inLanguage":"fr-FR","potentialAction":[{"@type":"ReadAction","target":["https:\/\/biel.mastermind.ch\/fr\/events\/fetes-de-noel-bienne\/"]}]},{"@type":"ImageObject","inLanguage":"fr-FR","@id":"https:\/\/biel.mastermind.ch\/fr\/events\/fetes-de-noel-bienne\/#primaryimage","url":"https:\/\/biel.mastermind.ch\/wp-content\/uploads\/Mastermind_Weihnachtsfeier_2023_FR-1024x724.png","contentUrl":"https:\/\/biel.mastermind.ch\/wp-content\/uploads\/Mastermind_Weihnachtsfeier_2023_FR-1024x724.png"},{"@type":"BreadcrumbList","@id":"https:\/\/biel.mastermind.ch\/fr\/events\/fetes-de-noel-bienne\/#breadcrumb","itemListElement":[{"@type":"ListItem","position":1,"name":"Startseite","item":"https:\/\/biel.mastermind.ch\/fr\/"},{"@type":"ListItem","position":2,"name":"\u00c9v\u00e9nements","item":"https:\/\/biel.mastermind.ch\/fr\/events\/"},{"@type":"ListItem","position":3,"name":"F\u00eates de No\u00ebl"}]},{"@type":"WebSite","@id":"https:\/\/biel.mastermind.ch\/fr\/#website","url":"https:\/\/biel.mastermind.ch\/fr\/","name":"Mastermind Escape Room Biel - 4 Escape Games","description":"Spiele den #1 Escaperoom in Biel! Premium Games mit Spass, Adrenalin und Nervenkitzel warten auf dein Team. Der beste Adventure &amp; Escape Room in Biel!","publisher":{"@id":"https:\/\/biel.mastermind.ch\/fr\/#organization"},"potentialAction":[{"@type":"SearchAction","target":{"@type":"EntryPoint","urlTemplate":"https:\/\/biel.mastermind.ch\/fr\/?s={search_term_string}"},"query-input":{"@type":"PropertyValueSpecification","valueRequired":true,"valueName":"search_term_string"}}],"inLanguage":"fr-FR"},{"@type":"Organization","@id":"https:\/\/biel.mastermind.ch\/fr\/#organization","name":"Mastermind Event GmbH","url":"https:\/\/biel.mastermind.ch\/fr\/","logo":{"@type":"ImageObject","inLanguage":"fr-FR","@id":"https:\/\/biel.mastermind.ch\/fr\/#\/schema\/logo\/image\/","url":"https:\/\/biel.mastermind.ch\/wp-content\/uploads\/2EBF690D-81FE-41B9-93B5-730792A20F46.png","contentUrl":"https:\/\/biel.mastermind.ch\/wp-content\/uploads\/2EBF690D-81FE-41B9-93B5-730792A20F46.png","width":6500,"height":2020,"caption":"Mastermind Event GmbH"},"image":{"@id":"https:\/\/biel.mastermind.ch\/fr\/#\/schema\/logo\/image\/"},"sameAs":["https:\/\/www.facebook.com\/MastermindEscapeRoomsBiel","https:\/\/www.instagram.com\/biel_mastermind\/"]}]}},"_links":{"self":[{"href":"https:\/\/biel.mastermind.ch\/fr\/wp-json\/wp\/v2\/pages\/1643","targetHints":{"allow":["GET"]}}],"collection":[{"href":"https:\/\/biel.mastermind.ch\/fr\/wp-json\/wp\/v2\/pages"}],"about":[{"href":"https:\/\/biel.mastermind.ch\/fr\/wp-json\/wp\/v2\/types\/page"}],"author":[{"embeddable":true,"href":"https:\/\/biel.mastermind.ch\/fr\/wp-json\/wp\/v2\/users\/6"}],"replies":[{"embeddable":true,"href":"https:\/\/biel.mastermind.ch\/fr\/wp-json\/wp\/v2\/comments?post=1643"}],"version-history":[{"count":21,"href":"https:\/\/biel.mastermind.ch\/fr\/wp-json\/wp\/v2\/pages\/1643\/revisions"}],"predecessor-version":[{"id":2360,"href":"https:\/\/biel.mastermind.ch\/fr\/wp-json\/wp\/v2\/pages\/1643\/revisions\/2360"}],"up":[{"embeddable":true,"href":"https:\/\/biel.mastermind.ch\/fr\/wp-json\/wp\/v2\/pages\/1327"}],"wp:attachment":[{"href":"https:\/\/biel.mastermind.ch\/fr\/wp-json\/wp\/v2\/media?parent=1643"}],"curies":[{"name":"wp","href":"https:\/\/api.w.org\/{rel}","templated":true}]}}