{"id":1649,"date":"2023-05-05T20:07:46","date_gmt":"2023-05-05T18:07:46","guid":{"rendered":"https:\/\/biel.mastermind.ch\/?page_id=1649"},"modified":"2026-03-31T11:35:50","modified_gmt":"2026-03-31T09:35:50","slug":"renforcement-dequipe","status":"publish","type":"page","link":"https:\/\/biel.mastermind.ch\/fr\/events\/renforcement-dequipe\/","title":{"rendered":"Renforcement d\u2019\u00e9quipe"},"content":{"rendered":"\t\t<div data-elementor-type=\"wp-page\" data-elementor-id=\"1649\" class=\"elementor elementor-1649 elementor-1573\">\n\t\t\t\t\t\t<section class=\"elementor-section elementor-top-section elementor-element elementor-element-007849c elementor-section-boxed elementor-section-height-default elementor-section-height-default\" data-id=\"007849c\" data-element_type=\"section\" data-e-type=\"section\">\n\t\t\t\t\t\t<div class=\"elementor-container elementor-column-gap-default\">\n\t\t\t\t\t<div class=\"elementor-column elementor-col-100 elementor-top-column elementor-element elementor-element-a20fa4b\" data-id=\"a20fa4b\" data-element_type=\"column\" data-e-type=\"column\">\n\t\t\t<div class=\"elementor-widget-wrap elementor-element-populated\">\n\t\t\t\t\t\t<div class=\"elementor-element elementor-element-c31950c elementor-widget elementor-widget-image\" data-id=\"c31950c\" data-element_type=\"widget\" data-e-type=\"widget\" data-widget_type=\"image.default\">\n\t\t\t\t<div class=\"elementor-widget-container\">\n\t\t\t\t\t\t\t\t\t\t\t\t\t\t\t<img fetchpriority=\"high\" decoding=\"async\" width=\"640\" height=\"453\" src=\"https:\/\/biel.mastermind.ch\/wp-content\/uploads\/Mastermind_Teambuilding_2023_FR-1024x724.png\" class=\"attachment-large size-large wp-image-2327\" alt=\"\" srcset=\"https:\/\/biel.mastermind.ch\/wp-content\/uploads\/Mastermind_Teambuilding_2023_FR-1024x724.png 1024w, https:\/\/biel.mastermind.ch\/wp-content\/uploads\/Mastermind_Teambuilding_2023_FR-300x212.png 300w, https:\/\/biel.mastermind.ch\/wp-content\/uploads\/Mastermind_Teambuilding_2023_FR-768x543.png 768w, https:\/\/biel.mastermind.ch\/wp-content\/uploads\/Mastermind_Teambuilding_2023_FR-1536x1086.png 1536w, https:\/\/biel.mastermind.ch\/wp-content\/uploads\/Mastermind_Teambuilding_2023_FR.png 1750w\" sizes=\"(max-width: 640px) 100vw, 640px\" \/>\t\t\t\t\t\t\t\t\t\t\t\t\t\t\t<\/div>\n\t\t\t\t<\/div>\n\t\t\t\t<div class=\"elementor-element elementor-element-6be2381 elementor-widget elementor-widget-escapium-heading-title\" data-id=\"6be2381\" data-element_type=\"widget\" data-e-type=\"widget\" data-widget_type=\"escapium-heading-title.default\">\n\t\t\t\t<div class=\"elementor-widget-container\">\n\t\t\t\t\t\n\t\t<div class=\"section-heading section-heading--divider-top\">\n\t\t\t<h2 class=\"section-heading__title\">Pourquoi organiser un \u00e9v\u00e8nement de renforcement d\u2019\u00e9quipe chez nous ?<\/h2>\n\t\t\t\t\t<\/div>\n\n\t\t\t\t\t\t<\/div>\n\t\t\t\t<\/div>\n\t\t\t\t<div class=\"elementor-element elementor-element-4340c7d elementor-widget elementor-widget-text-editor\" data-id=\"4340c7d\" data-element_type=\"widget\" data-e-type=\"widget\" data-widget_type=\"text-editor.default\">\n\t\t\t\t<div class=\"elementor-widget-container\">\n\t\t\t\t\t\t\t\t\t<ol><li><p>Ci-dessous, tu trouveras quelques points qui expliquent pourquoi les \u00e9v\u00e9nements de renforcement d\u2019\u00e9quipement sont particuli\u00e8rement adapt\u00e9s :<\/p><ol><li>Favoriser la communication et la collaboration : Une bonne communication et une bonne collaboration sont essentielles \u00e0 la r\u00e9ussite d&rsquo;une \u00e9quipe. Une mani\u00e8re d&rsquo;encourager cela est un jeu d&rsquo;\u00e9vasion dans lequel les membres de l&rsquo;\u00e9quipe doivent travailler ensemble pour r\u00e9soudre des \u00e9nigmes et s&rsquo;\u00e9chapper. Cela peut \u00e9galement se faire en ligne par le biais d&rsquo;un jeu d&rsquo;\u00e9vasion virtuel.<\/li><li>Identifier les forces et les faiblesses : Chaque membre de l&rsquo;\u00e9quipe a des forces et des faiblesses. Un outil d&rsquo;\u00e9valuation peut aider \u00e0 identifier les forces et les faiblesses de chaque membre de l&rsquo;\u00e9quipe, de sorte que l&rsquo;\u00e9quipe puisse mieux travailler ensemble. Des tests de personnalit\u00e9 tels que l&rsquo;indicateur de type Myers-Briggs ou le mod\u00e8le de personnalit\u00e9 Big Five peuvent \u00eatre utilis\u00e9s \u00e0 cet effet.<\/li><li>Activit\u00e9s de plein air : des activit\u00e9s en plein air telles que l&rsquo;escalade, le rafting ou une randonn\u00e9e peuvent aider \u00e0 renforcer la confiance mutuelle et \u00e0 am\u00e9liorer la collaboration. Des jeux d&rsquo;inversion des r\u00f4les ou des exercices de groupe peuvent par exemple \u00eatre organis\u00e9s \u00e0 cette occasion.<\/li><li>Activit\u00e9s sociales : les activit\u00e9s sociales telles que les jeux de renforcement d\u2019\u00e9quipe peuvent aider les membres de l&rsquo;\u00e9quipe \u00e0 mieux se conna\u00eetre et \u00e0 cr\u00e9er une bonne ambiance de travail.<\/li><li>R\u00e9flexion et feed-back : la r\u00e9flexion et le feed-back constituent un \u00e9l\u00e9ment important du renforcement d\u2019\u00e9quipe. Apr\u00e8s chaque activit\u00e9 ou exercice, il convient de consacrer du temps \u00e0 la discussion et \u00e0 l&rsquo;analyse du processus et des r\u00e9sultats de l&rsquo;\u00e9quipe.<\/li><\/ol><p>Ces id\u00e9es peuvent \u00eatre combin\u00e9es et adapt\u00e9es individuellement afin de cr\u00e9er un programme de renforcement d\u2019\u00e9quipe sur mesure, adapt\u00e9 aux besoins et aux objectifs de l&rsquo;\u00e9quipe.<\/p><\/li><\/ol>\t\t\t\t\t\t\t\t<\/div>\n\t\t\t\t<\/div>\n\t\t\t\t\t<\/div>\n\t\t<\/div>\n\t\t\t\t\t<\/div>\n\t\t<\/section>\n\t\t\t\t<section class=\"elementor-section elementor-top-section elementor-element elementor-element-a9e6058 elementor-section-boxed elementor-section-height-default elementor-section-height-default\" data-id=\"a9e6058\" data-element_type=\"section\" data-e-type=\"section\">\n\t\t\t\t\t\t<div class=\"elementor-container elementor-column-gap-default\">\n\t\t\t\t\t<div class=\"elementor-column elementor-col-100 elementor-top-column elementor-element elementor-element-95b1c82\" data-id=\"95b1c82\" data-element_type=\"column\" data-e-type=\"column\">\n\t\t\t<div class=\"elementor-widget-wrap elementor-element-populated\">\n\t\t\t\t\t\t<div class=\"elementor-element elementor-element-436e78f elementor-widget elementor-widget-escapium-heading-title\" data-id=\"436e78f\" data-element_type=\"widget\" data-e-type=\"widget\" data-widget_type=\"escapium-heading-title.default\">\n\t\t\t\t<div class=\"elementor-widget-container\">\n\t\t\t\t\t\n\t\t<div class=\"section-heading section-heading--divider-top\">\n\t\t\t<h2 class=\"section-heading__title\">Ce qu\u2019il faut savoir<\/h2>\n\t\t\t\t\t<\/div>\n\n\t\t\t\t\t\t<\/div>\n\t\t\t\t<\/div>\n\t\t\t\t<div class=\"elementor-element elementor-element-a4f9cce elementor-widget elementor-widget-text-editor\" data-id=\"a4f9cce\" data-element_type=\"widget\" data-e-type=\"widget\" data-widget_type=\"text-editor.default\">\n\t\t\t\t<div class=\"elementor-widget-container\">\n\t\t\t\t\t\t\t\t\t<h3 style=\"text-align: center;\">Taille des groupes et dur\u00e9e<\/h3><p style=\"text-align: center;\">12 &#8211; 26 personnes \/ env. 1h45<\/p><p style=\"text-align: center;\">27 \u2013 52 personnes \/ env. 2h45<\/p><h3 style=\"text-align: center;\">Snacks et ap\u00e9ritifs<\/h3><p style=\"text-align: center;\">Les boissons sont disponibles sur place. Des snacks ou des ap\u00e9ros riches sont possibles \u00e0 partir de 15 personnes.<\/p><p style=\"text-align: center;\">En cas de besoin : tout pr\u00e8s se trouve le restaurant ARTIST, qui est nomin\u00e9 pour le SWISS LOCATION AWARD 2023.<\/p><p style=\"text-align: center;\">Lien : Hotel ARTIST &#8211; Culinary ARTISTs &#8211; HOTEL ARTIST &#8211; CULINARY ARTISTs (artist-biel.ch)<\/p><p style=\"text-align: center;\">Nous pouvons recommander le restaurant et l&rsquo;h\u00f4tel en toute bonne conscience.<\/p><h3 style=\"text-align: center;\">Prix et Conditions<\/h3><p style=\"text-align: center;\">Les prix varient en fonction de la taille du groupe.<\/p><h3 style=\"text-align: center;\">Planification et contact<\/h3><p style=\"text-align: center;\">Afin de planifier parfaitement ton excursion, nous te prions de prendre contact avec nous par mail, nous pourrons ainsi te faire une offre sans engagement.<\/p><p style=\"text-align: center;\">Des heures sp\u00e9ciales d&rsquo;ouverture peuvent \u00eatre demand\u00e9es par mail.<\/p><h3 style=\"text-align: center;\">Transports publics, Parking, acc\u00e8s<\/h3><p style=\"text-align: center;\">Depuis la gare centrale de Bienne, il est possible de se rendre directement \u00e0 Mastermind avec le bus 2 places. L&rsquo;arr\u00eat Schl\u00f6sslifeld\/Cha se trouve \u00e0 seulement 3 minutes \u00e0 pied de Mastermind Bienne.<\/p><p style=\"text-align: center;\">Si tu viens en voiture, tu peux te garer sur les places n\u00b0 53 et 54. Il y a aussi des zones de stationnement bleues \u00e0 proximit\u00e9. Pour les groupes plus importants, nous recommandons le covoiturage.<\/p><p style=\"text-align: center;\">Adresse Mastermind: Mastermind Escape Rooms, Eckweg 8 B, 2504 Bienne.<\/p><p style=\"text-align: center;\">Acc\u00e8s par Google Maps: <a href=\"https:\/\/goo.gl\/maps\/zHq5FSpdz8zkgv4x9\" target=\"_blank\" rel=\"noopener\">https:\/\/goo.gl\/maps\/zHq5FSpdz8zkgv4x9<\/a><\/p>\t\t\t\t\t\t\t\t<\/div>\n\t\t\t\t<\/div>\n\t\t\t\t<div class=\"elementor-element elementor-element-c732fc4 elementor-align-center elementor-widget elementor-widget-esc-button\" data-id=\"c732fc4\" data-element_type=\"widget\" data-e-type=\"widget\" data-widget_type=\"esc-button.default\">\n\t\t\t\t<div class=\"elementor-widget-container\">\n\t\t\t\t\t\n\t\t<a href=\"\/fr\/about\/\" class=\"btn btn-lg btn-primary\" href=\"\/fr\/about\/\"href=\"\/fr\/about\/\">\n\t\t\t\t\t\t\t<i class=\"ion-email\"><\/i>\n\t\t\t\t\t\tAcc\u00e9der au formulaire de contact\t\t<\/a>\n\n\t\t\t\t\t\t<\/div>\n\t\t\t\t<\/div>\n\t\t\t\t\t<\/div>\n\t\t<\/div>\n\t\t\t\t\t<\/div>\n\t\t<\/section>\n\t\t\t\t<\/div>\n\t\t","protected":false},"excerpt":{"rendered":"<p>Ci-dessous, tu trouveras quelques points qui expliquent pourquoi les \u00e9v\u00e9nements de renforcement d\u2019\u00e9quipement sont particuli\u00e8rement adapt\u00e9s : Favoriser la communication et la collaboration : Une bonne communication et une bonne collaboration sont essentielles \u00e0 la r\u00e9ussite d&rsquo;une \u00e9quipe. Une mani\u00e8re d&rsquo;encourager cela est un jeu d&rsquo;\u00e9vasion dans lequel les membres de l&rsquo;\u00e9quipe doivent travailler ensemble [&hellip;]<\/p>\n","protected":false},"author":6,"featured_media":0,"parent":1327,"menu_order":0,"comment_status":"closed","ping_status":"closed","template":"","meta":{"_acf_changed":false,"footnotes":""},"class_list":["post-1649","page","type-page","status-publish","hentry"],"acf":[],"yoast_head":"<!-- This site is optimized with the Yoast SEO plugin v27.4 - https:\/\/yoast.com\/product\/yoast-seo-wordpress\/ -->\n<title>Renforcement d\u2019\u00e9quipe - Mastermind Escape Room Biel<\/title>\n<meta name=\"description\" content=\"Pourquoi organiser un Renforcement d\u2019\u00e9quipe dans nos escape rooms \u00e0 Bienne? Nous avons 5 bonnes raisons pour vous!\" \/>\n<meta name=\"robots\" content=\"index, follow, max-snippet:-1, max-image-preview:large, max-video-preview:-1\" \/>\n<link rel=\"canonical\" href=\"https:\/\/biel.mastermind.ch\/fr\/events\/renforcement-dequipe\/\" \/>\n<meta property=\"og:locale\" content=\"fr_FR\" \/>\n<meta property=\"og:type\" content=\"article\" \/>\n<meta property=\"og:title\" content=\"Renforcement d\u2019\u00e9quipe - Mastermind Escape Room Biel\" \/>\n<meta property=\"og:description\" content=\"Pourquoi organiser un Renforcement d\u2019\u00e9quipe dans nos escape rooms \u00e0 Bienne? Nous avons 5 bonnes raisons pour vous!\" \/>\n<meta property=\"og:url\" content=\"https:\/\/biel.mastermind.ch\/fr\/events\/renforcement-dequipe\/\" \/>\n<meta property=\"og:site_name\" content=\"Mastermind Escape Room Biel - 4 Escape Games\" \/>\n<meta property=\"article:publisher\" content=\"https:\/\/www.facebook.com\/MastermindEscapeRoomsBiel\" \/>\n<meta property=\"article:modified_time\" content=\"2026-03-31T09:35:50+00:00\" \/>\n<meta property=\"og:image\" content=\"https:\/\/biel.mastermind.ch\/wp-content\/uploads\/Mastermind_Teambuilding_2023_FR.png\" \/>\n\t<meta property=\"og:image:width\" content=\"1750\" \/>\n\t<meta property=\"og:image:height\" content=\"1237\" \/>\n\t<meta property=\"og:image:type\" content=\"image\/png\" \/>\n<meta name=\"twitter:card\" content=\"summary_large_image\" \/>\n<meta name=\"twitter:label1\" content=\"Dur\u00e9e de lecture estim\u00e9e\" \/>\n\t<meta name=\"twitter:data1\" content=\"3 minutes\" \/>\n<script type=\"application\/ld+json\" class=\"yoast-schema-graph\">{\"@context\":\"https:\\\/\\\/schema.org\",\"@graph\":[{\"@type\":\"WebPage\",\"@id\":\"https:\\\/\\\/biel.mastermind.ch\\\/fr\\\/events\\\/renforcement-dequipe\\\/\",\"url\":\"https:\\\/\\\/biel.mastermind.ch\\\/fr\\\/events\\\/renforcement-dequipe\\\/\",\"name\":\"Renforcement d\u2019\u00e9quipe - Mastermind Escape Room Biel\",\"isPartOf\":{\"@id\":\"https:\\\/\\\/biel.mastermind.ch\\\/fr\\\/#website\"},\"primaryImageOfPage\":{\"@id\":\"https:\\\/\\\/biel.mastermind.ch\\\/fr\\\/events\\\/renforcement-dequipe\\\/#primaryimage\"},\"image\":{\"@id\":\"https:\\\/\\\/biel.mastermind.ch\\\/fr\\\/events\\\/renforcement-dequipe\\\/#primaryimage\"},\"thumbnailUrl\":\"https:\\\/\\\/biel.mastermind.ch\\\/wp-content\\\/uploads\\\/Mastermind_Teambuilding_2023_FR-1024x724.png\",\"datePublished\":\"2023-05-05T18:07:46+00:00\",\"dateModified\":\"2026-03-31T09:35:50+00:00\",\"description\":\"Pourquoi organiser un Renforcement d\u2019\u00e9quipe dans nos escape rooms \u00e0 Bienne? Nous avons 5 bonnes raisons pour vous!\",\"breadcrumb\":{\"@id\":\"https:\\\/\\\/biel.mastermind.ch\\\/fr\\\/events\\\/renforcement-dequipe\\\/#breadcrumb\"},\"inLanguage\":\"fr-FR\",\"potentialAction\":[{\"@type\":\"ReadAction\",\"target\":[\"https:\\\/\\\/biel.mastermind.ch\\\/fr\\\/events\\\/renforcement-dequipe\\\/\"]}]},{\"@type\":\"ImageObject\",\"inLanguage\":\"fr-FR\",\"@id\":\"https:\\\/\\\/biel.mastermind.ch\\\/fr\\\/events\\\/renforcement-dequipe\\\/#primaryimage\",\"url\":\"https:\\\/\\\/biel.mastermind.ch\\\/wp-content\\\/uploads\\\/Mastermind_Teambuilding_2023_FR-1024x724.png\",\"contentUrl\":\"https:\\\/\\\/biel.mastermind.ch\\\/wp-content\\\/uploads\\\/Mastermind_Teambuilding_2023_FR-1024x724.png\"},{\"@type\":\"BreadcrumbList\",\"@id\":\"https:\\\/\\\/biel.mastermind.ch\\\/fr\\\/events\\\/renforcement-dequipe\\\/#breadcrumb\",\"itemListElement\":[{\"@type\":\"ListItem\",\"position\":1,\"name\":\"Startseite\",\"item\":\"https:\\\/\\\/biel.mastermind.ch\\\/fr\\\/\"},{\"@type\":\"ListItem\",\"position\":2,\"name\":\"\u00c9v\u00e9nements\",\"item\":\"https:\\\/\\\/biel.mastermind.ch\\\/fr\\\/events\\\/\"},{\"@type\":\"ListItem\",\"position\":3,\"name\":\"Renforcement d\u2019\u00e9quipe\"}]},{\"@type\":\"WebSite\",\"@id\":\"https:\\\/\\\/biel.mastermind.ch\\\/fr\\\/#website\",\"url\":\"https:\\\/\\\/biel.mastermind.ch\\\/fr\\\/\",\"name\":\"Mastermind Escape Room Biel - 4 Escape Games\",\"description\":\"Spiele den #1 Escaperoom in Biel! Premium Games mit Spass, Adrenalin und Nervenkitzel warten auf dein Team. Der beste Adventure &amp; Escape Room in Biel!\",\"publisher\":{\"@id\":\"https:\\\/\\\/biel.mastermind.ch\\\/fr\\\/#organization\"},\"potentialAction\":[{\"@type\":\"SearchAction\",\"target\":{\"@type\":\"EntryPoint\",\"urlTemplate\":\"https:\\\/\\\/biel.mastermind.ch\\\/fr\\\/?s={search_term_string}\"},\"query-input\":{\"@type\":\"PropertyValueSpecification\",\"valueRequired\":true,\"valueName\":\"search_term_string\"}}],\"inLanguage\":\"fr-FR\"},{\"@type\":\"Organization\",\"@id\":\"https:\\\/\\\/biel.mastermind.ch\\\/fr\\\/#organization\",\"name\":\"Mastermind Event GmbH\",\"url\":\"https:\\\/\\\/biel.mastermind.ch\\\/fr\\\/\",\"logo\":{\"@type\":\"ImageObject\",\"inLanguage\":\"fr-FR\",\"@id\":\"https:\\\/\\\/biel.mastermind.ch\\\/fr\\\/#\\\/schema\\\/logo\\\/image\\\/\",\"url\":\"https:\\\/\\\/biel.mastermind.ch\\\/wp-content\\\/uploads\\\/2EBF690D-81FE-41B9-93B5-730792A20F46.png\",\"contentUrl\":\"https:\\\/\\\/biel.mastermind.ch\\\/wp-content\\\/uploads\\\/2EBF690D-81FE-41B9-93B5-730792A20F46.png\",\"width\":6500,\"height\":2020,\"caption\":\"Mastermind Event GmbH\"},\"image\":{\"@id\":\"https:\\\/\\\/biel.mastermind.ch\\\/fr\\\/#\\\/schema\\\/logo\\\/image\\\/\"},\"sameAs\":[\"https:\\\/\\\/www.facebook.com\\\/MastermindEscapeRoomsBiel\",\"https:\\\/\\\/www.instagram.com\\\/biel_mastermind\\\/\"]}]}<\/script>\n<!-- \/ Yoast SEO plugin. -->","yoast_head_json":{"title":"Renforcement d\u2019\u00e9quipe - Mastermind Escape Room Biel","description":"Pourquoi organiser un Renforcement d\u2019\u00e9quipe dans nos escape rooms \u00e0 Bienne? Nous avons 5 bonnes raisons pour vous!","robots":{"index":"index","follow":"follow","max-snippet":"max-snippet:-1","max-image-preview":"max-image-preview:large","max-video-preview":"max-video-preview:-1"},"canonical":"https:\/\/biel.mastermind.ch\/fr\/events\/renforcement-dequipe\/","og_locale":"fr_FR","og_type":"article","og_title":"Renforcement d\u2019\u00e9quipe - Mastermind Escape Room Biel","og_description":"Pourquoi organiser un Renforcement d\u2019\u00e9quipe dans nos escape rooms \u00e0 Bienne? Nous avons 5 bonnes raisons pour vous!","og_url":"https:\/\/biel.mastermind.ch\/fr\/events\/renforcement-dequipe\/","og_site_name":"Mastermind Escape Room Biel - 4 Escape Games","article_publisher":"https:\/\/www.facebook.com\/MastermindEscapeRoomsBiel","article_modified_time":"2026-03-31T09:35:50+00:00","og_image":[{"width":1750,"height":1237,"url":"https:\/\/biel.mastermind.ch\/wp-content\/uploads\/Mastermind_Teambuilding_2023_FR.png","type":"image\/png"}],"twitter_card":"summary_large_image","twitter_misc":{"Dur\u00e9e de lecture estim\u00e9e":"3 minutes"},"schema":{"@context":"https:\/\/schema.org","@graph":[{"@type":"WebPage","@id":"https:\/\/biel.mastermind.ch\/fr\/events\/renforcement-dequipe\/","url":"https:\/\/biel.mastermind.ch\/fr\/events\/renforcement-dequipe\/","name":"Renforcement d\u2019\u00e9quipe - Mastermind Escape Room Biel","isPartOf":{"@id":"https:\/\/biel.mastermind.ch\/fr\/#website"},"primaryImageOfPage":{"@id":"https:\/\/biel.mastermind.ch\/fr\/events\/renforcement-dequipe\/#primaryimage"},"image":{"@id":"https:\/\/biel.mastermind.ch\/fr\/events\/renforcement-dequipe\/#primaryimage"},"thumbnailUrl":"https:\/\/biel.mastermind.ch\/wp-content\/uploads\/Mastermind_Teambuilding_2023_FR-1024x724.png","datePublished":"2023-05-05T18:07:46+00:00","dateModified":"2026-03-31T09:35:50+00:00","description":"Pourquoi organiser un Renforcement d\u2019\u00e9quipe dans nos escape rooms \u00e0 Bienne? Nous avons 5 bonnes raisons pour vous!","breadcrumb":{"@id":"https:\/\/biel.mastermind.ch\/fr\/events\/renforcement-dequipe\/#breadcrumb"},"inLanguage":"fr-FR","potentialAction":[{"@type":"ReadAction","target":["https:\/\/biel.mastermind.ch\/fr\/events\/renforcement-dequipe\/"]}]},{"@type":"ImageObject","inLanguage":"fr-FR","@id":"https:\/\/biel.mastermind.ch\/fr\/events\/renforcement-dequipe\/#primaryimage","url":"https:\/\/biel.mastermind.ch\/wp-content\/uploads\/Mastermind_Teambuilding_2023_FR-1024x724.png","contentUrl":"https:\/\/biel.mastermind.ch\/wp-content\/uploads\/Mastermind_Teambuilding_2023_FR-1024x724.png"},{"@type":"BreadcrumbList","@id":"https:\/\/biel.mastermind.ch\/fr\/events\/renforcement-dequipe\/#breadcrumb","itemListElement":[{"@type":"ListItem","position":1,"name":"Startseite","item":"https:\/\/biel.mastermind.ch\/fr\/"},{"@type":"ListItem","position":2,"name":"\u00c9v\u00e9nements","item":"https:\/\/biel.mastermind.ch\/fr\/events\/"},{"@type":"ListItem","position":3,"name":"Renforcement d\u2019\u00e9quipe"}]},{"@type":"WebSite","@id":"https:\/\/biel.mastermind.ch\/fr\/#website","url":"https:\/\/biel.mastermind.ch\/fr\/","name":"Mastermind Escape Room Biel - 4 Escape Games","description":"Spiele den #1 Escaperoom in Biel! Premium Games mit Spass, Adrenalin und Nervenkitzel warten auf dein Team. Der beste Adventure &amp; Escape Room in Biel!","publisher":{"@id":"https:\/\/biel.mastermind.ch\/fr\/#organization"},"potentialAction":[{"@type":"SearchAction","target":{"@type":"EntryPoint","urlTemplate":"https:\/\/biel.mastermind.ch\/fr\/?s={search_term_string}"},"query-input":{"@type":"PropertyValueSpecification","valueRequired":true,"valueName":"search_term_string"}}],"inLanguage":"fr-FR"},{"@type":"Organization","@id":"https:\/\/biel.mastermind.ch\/fr\/#organization","name":"Mastermind Event GmbH","url":"https:\/\/biel.mastermind.ch\/fr\/","logo":{"@type":"ImageObject","inLanguage":"fr-FR","@id":"https:\/\/biel.mastermind.ch\/fr\/#\/schema\/logo\/image\/","url":"https:\/\/biel.mastermind.ch\/wp-content\/uploads\/2EBF690D-81FE-41B9-93B5-730792A20F46.png","contentUrl":"https:\/\/biel.mastermind.ch\/wp-content\/uploads\/2EBF690D-81FE-41B9-93B5-730792A20F46.png","width":6500,"height":2020,"caption":"Mastermind Event GmbH"},"image":{"@id":"https:\/\/biel.mastermind.ch\/fr\/#\/schema\/logo\/image\/"},"sameAs":["https:\/\/www.facebook.com\/MastermindEscapeRoomsBiel","https:\/\/www.instagram.com\/biel_mastermind\/"]}]}},"_links":{"self":[{"href":"https:\/\/biel.mastermind.ch\/fr\/wp-json\/wp\/v2\/pages\/1649","targetHints":{"allow":["GET"]}}],"collection":[{"href":"https:\/\/biel.mastermind.ch\/fr\/wp-json\/wp\/v2\/pages"}],"about":[{"href":"https:\/\/biel.mastermind.ch\/fr\/wp-json\/wp\/v2\/types\/page"}],"author":[{"embeddable":true,"href":"https:\/\/biel.mastermind.ch\/fr\/wp-json\/wp\/v2\/users\/6"}],"replies":[{"embeddable":true,"href":"https:\/\/biel.mastermind.ch\/fr\/wp-json\/wp\/v2\/comments?post=1649"}],"version-history":[{"count":33,"href":"https:\/\/biel.mastermind.ch\/fr\/wp-json\/wp\/v2\/pages\/1649\/revisions"}],"predecessor-version":[{"id":2855,"href":"https:\/\/biel.mastermind.ch\/fr\/wp-json\/wp\/v2\/pages\/1649\/revisions\/2855"}],"up":[{"embeddable":true,"href":"https:\/\/biel.mastermind.ch\/fr\/wp-json\/wp\/v2\/pages\/1327"}],"wp:attachment":[{"href":"https:\/\/biel.mastermind.ch\/fr\/wp-json\/wp\/v2\/media?parent=1649"}],"curies":[{"name":"wp","href":"https:\/\/api.w.org\/{rel}","templated":true}]}}