{"id":2427,"date":"2023-08-07T15:55:40","date_gmt":"2023-08-07T13:55:40","guid":{"rendered":"https:\/\/biel.mastermind.ch\/jobangebote\/"},"modified":"2026-03-31T11:37:00","modified_gmt":"2026-03-31T09:37:00","slug":"offres-d-emploi","status":"publish","type":"page","link":"https:\/\/biel.mastermind.ch\/fr\/offres-d-emploi\/","title":{"rendered":"Offres d&#8217;emploi"},"content":{"rendered":"\t\t<div data-elementor-type=\"wp-page\" data-elementor-id=\"2427\" class=\"elementor elementor-2427 elementor-2421\">\n\t\t\t\t\t\t<section class=\"elementor-section elementor-top-section elementor-element elementor-element-ea5f77a elementor-section-boxed elementor-section-height-default elementor-section-height-default\" data-id=\"ea5f77a\" data-element_type=\"section\" data-e-type=\"section\">\n\t\t\t\t\t\t<div class=\"elementor-container elementor-column-gap-default\">\n\t\t\t\t\t<div class=\"elementor-column elementor-col-100 elementor-top-column elementor-element elementor-element-86359e4\" data-id=\"86359e4\" data-element_type=\"column\" data-e-type=\"column\">\n\t\t\t<div class=\"elementor-widget-wrap elementor-element-populated\">\n\t\t\t\t\t\t<div class=\"elementor-element elementor-element-414ee85 elementor-widget elementor-widget-text-editor\" data-id=\"414ee85\" data-element_type=\"widget\" data-e-type=\"widget\" data-widget_type=\"text-editor.default\">\n\t\t\t\t<div class=\"elementor-widget-container\">\n\t\t\t\t\t\t\t\t\t<p style=\"text-align: justify;\">Des d\u00e9fis passionnants et des aventures palpitantes t&rsquo;attendent !<\/p><p style=\"text-align: justify;\">Tu veux faire partie d&rsquo;une \u00e9quipe qui emm\u00e8ne les gens dans des mondes \u00e0 couper le souffle et leur fait vivre des exp\u00e9riences inoubliables ? Nous sommes une entreprise leader dans le domaine des Escape Rooms et sommes \u00e0 la recherche de collaborateurs talentueux et enthousiastes qui partagent notre passion.<\/p><p style=\"text-align: justify;\">En rejoignant notre \u00e9quipe, tu auras la possibilit\u00e9 de cr\u00e9er des \u00e9nigmes et des histoires uniques qui captiveront nos clients et mettront leur cr\u00e9ativit\u00e9 au d\u00e9fi. Tu participeras \u00e0 la cr\u00e9ation de sc\u00e9narios passionnants et \u00e0 la mise en \u0153uvre de technologies innovantes afin de repousser les limites de l&rsquo;exp\u00e9rience de l&rsquo;Escape Room.<\/p><p style=\"text-align: justify;\">Nous croyons en la force de l&rsquo;\u00e9quipe et encourageons un environnement de travail collaboratif o\u00f9 les id\u00e9es et l&rsquo;innovation sont c\u00e9l\u00e9br\u00e9es. Chez nous, tu travailleras avec des coll\u00e8gues engag\u00e9s qui partagent leur passion pour les exp\u00e9riences immersives. Ensemble, nous cr\u00e9erons de nouveaux mondes et transporterons les gens dans une autre r\u00e9alit\u00e9.<\/p><p style=\"text-align: justify;\">Que tu aies d\u00e9j\u00e0 de l&rsquo;exp\u00e9rience dans le domaine des Escape Rooms ou que tu d\u00e9butes, nous t&rsquo;offrons la possibilit\u00e9 d&rsquo;\u00e9voluer et de d\u00e9velopper tes comp\u00e9tences. Gr\u00e2ce \u00e0 des formations et des perfectionnements, nous t&rsquo;aidons \u00e0 d\u00e9velopper tout ton potentiel et \u00e0 briller dans ton domaine.<\/p><p style=\"text-align: justify;\">Es-tu pr\u00eat\/e \u00e0 faire partie de notre monde passionnant des Escape Rooms ? Si tu es cr\u00e9atif\/ve, que tu as l&rsquo;esprit d&rsquo;\u00e9quipe et que tu es passionn\u00e9\/e par les exp\u00e9riences immersives, nous sommes impatients de t&rsquo;entendre. Ensemble, nous pouvons enthousiasmer les gens et cr\u00e9er des aventures inoubliables.<\/p><p style=\"text-align: justify;\">Postulez d\u00e8s maintenant et rejoignez notre \u00e9quipe qui repousse les limites de l&rsquo;imagination et transporte les gens dans un monde d&rsquo;\u00e9nigmes et de magie. Ensemble, nous pouvons r\u00e9volutionner le secteur des Escape Rooms et cr\u00e9er des exp\u00e9riences uniques dont nos clients se souviendront \u00e0 jamais.<\/p><p>\u00a0<\/p><h2>Offres d\u2019emploi vacantes :<\/h2><ul><li>Conseiller\/\u00e8re client\u00e8le Escape Rooms 20-60% \u00e0 Bienne<\/li><li>Conseiller\/\u00e8re client\u00e8le Escape Rooms 20-60% \u00e0 Berne<\/li><\/ul>\t\t\t\t\t\t\t\t<\/div>\n\t\t\t\t<\/div>\n\t\t\t\t\t<\/div>\n\t\t<\/div>\n\t\t\t\t\t<\/div>\n\t\t<\/section>\n\t\t\t\t<\/div>\n\t\t","protected":false},"excerpt":{"rendered":"<p>Des d\u00e9fis passionnants et des aventures palpitantes t&rsquo;attendent ! Tu veux faire partie d&rsquo;une \u00e9quipe qui emm\u00e8ne les gens dans des mondes \u00e0 couper le souffle et leur fait vivre des exp\u00e9riences inoubliables ? Nous sommes une entreprise leader dans le domaine des Escape Rooms et sommes \u00e0 la recherche de collaborateurs talentueux et enthousiastes [&hellip;]<\/p>\n","protected":false},"author":6,"featured_media":0,"parent":0,"menu_order":0,"comment_status":"closed","ping_status":"closed","template":"","meta":{"_acf_changed":false,"footnotes":""},"class_list":["post-2427","page","type-page","status-publish","hentry"],"acf":[],"yoast_head":"<!-- This site is optimized with the Yoast SEO plugin v27.5 - https:\/\/yoast.com\/product\/yoast-seo-wordpress\/ -->\n<title>Offres d&#039;emploi - Mastermind Escape Room Bienne<\/title>\n<meta name=\"description\" content=\"Tu veux faire partie d\u2019une \u00e9quipe qui emm\u00e8ne les gens dans des mondes \u00e0 couper le souffle et leur fait vivre des exp\u00e9riences inoubliables ?\" \/>\n<meta name=\"robots\" content=\"index, follow, max-snippet:-1, max-image-preview:large, max-video-preview:-1\" \/>\n<link rel=\"canonical\" href=\"https:\/\/biel.mastermind.ch\/fr\/offres-d-emploi\/\" \/>\n<meta property=\"og:locale\" content=\"fr_FR\" \/>\n<meta property=\"og:type\" content=\"article\" \/>\n<meta property=\"og:title\" content=\"Offres d&#039;emploi - Mastermind Escape Room Bienne\" \/>\n<meta property=\"og:description\" content=\"Tu veux faire partie d\u2019une \u00e9quipe qui emm\u00e8ne les gens dans des mondes \u00e0 couper le souffle et leur fait vivre des exp\u00e9riences inoubliables ?\" \/>\n<meta property=\"og:url\" content=\"https:\/\/biel.mastermind.ch\/fr\/offres-d-emploi\/\" \/>\n<meta property=\"og:site_name\" content=\"Mastermind Escape Room Biel - 4 Escape Games\" \/>\n<meta property=\"article:publisher\" content=\"https:\/\/www.facebook.com\/MastermindEscapeRoomsBiel\" \/>\n<meta property=\"article:modified_time\" content=\"2026-03-31T09:37:00+00:00\" \/>\n<meta property=\"og:image\" content=\"https:\/\/biel.mastermind.ch\/wp-content\/uploads\/2021\/12\/shutterstock_1767219707-scaled.jpg\" \/>\n\t<meta property=\"og:image:width\" content=\"2560\" \/>\n\t<meta property=\"og:image:height\" content=\"1440\" \/>\n\t<meta property=\"og:image:type\" content=\"image\/jpeg\" \/>\n<meta name=\"twitter:card\" content=\"summary_large_image\" \/>\n<meta name=\"twitter:label1\" content=\"Dur\u00e9e de lecture estim\u00e9e\" \/>\n\t<meta name=\"twitter:data1\" content=\"2 minutes\" \/>\n<script type=\"application\/ld+json\" class=\"yoast-schema-graph\">{\"@context\":\"https:\\\/\\\/schema.org\",\"@graph\":[{\"@type\":\"WebPage\",\"@id\":\"https:\\\/\\\/biel.mastermind.ch\\\/fr\\\/offres-d-emploi\\\/\",\"url\":\"https:\\\/\\\/biel.mastermind.ch\\\/fr\\\/offres-d-emploi\\\/\",\"name\":\"Offres d'emploi - Mastermind Escape Room Bienne\",\"isPartOf\":{\"@id\":\"https:\\\/\\\/biel.mastermind.ch\\\/fr\\\/#website\"},\"datePublished\":\"2023-08-07T13:55:40+00:00\",\"dateModified\":\"2026-03-31T09:37:00+00:00\",\"description\":\"Tu veux faire partie d\u2019une \u00e9quipe qui emm\u00e8ne les gens dans des mondes \u00e0 couper le souffle et leur fait vivre des exp\u00e9riences inoubliables ?\",\"breadcrumb\":{\"@id\":\"https:\\\/\\\/biel.mastermind.ch\\\/fr\\\/offres-d-emploi\\\/#breadcrumb\"},\"inLanguage\":\"fr-FR\",\"potentialAction\":[{\"@type\":\"ReadAction\",\"target\":[\"https:\\\/\\\/biel.mastermind.ch\\\/fr\\\/offres-d-emploi\\\/\"]}]},{\"@type\":\"BreadcrumbList\",\"@id\":\"https:\\\/\\\/biel.mastermind.ch\\\/fr\\\/offres-d-emploi\\\/#breadcrumb\",\"itemListElement\":[{\"@type\":\"ListItem\",\"position\":1,\"name\":\"Startseite\",\"item\":\"https:\\\/\\\/biel.mastermind.ch\\\/fr\\\/\"},{\"@type\":\"ListItem\",\"position\":2,\"name\":\"Offres d&#8217;emploi\"}]},{\"@type\":\"WebSite\",\"@id\":\"https:\\\/\\\/biel.mastermind.ch\\\/fr\\\/#website\",\"url\":\"https:\\\/\\\/biel.mastermind.ch\\\/fr\\\/\",\"name\":\"Mastermind Escape Room Biel - 4 Escape Games\",\"description\":\"Spiele den #1 Escaperoom in Biel! Premium Games mit Spass, Adrenalin und Nervenkitzel warten auf dein Team. Der beste Adventure &amp; Escape Room in Biel!\",\"publisher\":{\"@id\":\"https:\\\/\\\/biel.mastermind.ch\\\/fr\\\/#organization\"},\"potentialAction\":[{\"@type\":\"SearchAction\",\"target\":{\"@type\":\"EntryPoint\",\"urlTemplate\":\"https:\\\/\\\/biel.mastermind.ch\\\/fr\\\/?s={search_term_string}\"},\"query-input\":{\"@type\":\"PropertyValueSpecification\",\"valueRequired\":true,\"valueName\":\"search_term_string\"}}],\"inLanguage\":\"fr-FR\"},{\"@type\":\"Organization\",\"@id\":\"https:\\\/\\\/biel.mastermind.ch\\\/fr\\\/#organization\",\"name\":\"Mastermind Event GmbH\",\"url\":\"https:\\\/\\\/biel.mastermind.ch\\\/fr\\\/\",\"logo\":{\"@type\":\"ImageObject\",\"inLanguage\":\"fr-FR\",\"@id\":\"https:\\\/\\\/biel.mastermind.ch\\\/fr\\\/#\\\/schema\\\/logo\\\/image\\\/\",\"url\":\"https:\\\/\\\/biel.mastermind.ch\\\/wp-content\\\/uploads\\\/2EBF690D-81FE-41B9-93B5-730792A20F46.png\",\"contentUrl\":\"https:\\\/\\\/biel.mastermind.ch\\\/wp-content\\\/uploads\\\/2EBF690D-81FE-41B9-93B5-730792A20F46.png\",\"width\":6500,\"height\":2020,\"caption\":\"Mastermind Event GmbH\"},\"image\":{\"@id\":\"https:\\\/\\\/biel.mastermind.ch\\\/fr\\\/#\\\/schema\\\/logo\\\/image\\\/\"},\"sameAs\":[\"https:\\\/\\\/www.facebook.com\\\/MastermindEscapeRoomsBiel\",\"https:\\\/\\\/www.instagram.com\\\/biel_mastermind\\\/\"]}]}<\/script>\n<!-- \/ Yoast SEO plugin. -->","yoast_head_json":{"title":"Offres d'emploi - Mastermind Escape Room Bienne","description":"Tu veux faire partie d\u2019une \u00e9quipe qui emm\u00e8ne les gens dans des mondes \u00e0 couper le souffle et leur fait vivre des exp\u00e9riences inoubliables ?","robots":{"index":"index","follow":"follow","max-snippet":"max-snippet:-1","max-image-preview":"max-image-preview:large","max-video-preview":"max-video-preview:-1"},"canonical":"https:\/\/biel.mastermind.ch\/fr\/offres-d-emploi\/","og_locale":"fr_FR","og_type":"article","og_title":"Offres d'emploi - Mastermind Escape Room Bienne","og_description":"Tu veux faire partie d\u2019une \u00e9quipe qui emm\u00e8ne les gens dans des mondes \u00e0 couper le souffle et leur fait vivre des exp\u00e9riences inoubliables ?","og_url":"https:\/\/biel.mastermind.ch\/fr\/offres-d-emploi\/","og_site_name":"Mastermind Escape Room Biel - 4 Escape Games","article_publisher":"https:\/\/www.facebook.com\/MastermindEscapeRoomsBiel","article_modified_time":"2026-03-31T09:37:00+00:00","og_image":[{"width":2560,"height":1440,"url":"https:\/\/biel.mastermind.ch\/wp-content\/uploads\/2021\/12\/shutterstock_1767219707-scaled.jpg","type":"image\/jpeg"}],"twitter_card":"summary_large_image","twitter_misc":{"Dur\u00e9e de lecture estim\u00e9e":"2 minutes"},"schema":{"@context":"https:\/\/schema.org","@graph":[{"@type":"WebPage","@id":"https:\/\/biel.mastermind.ch\/fr\/offres-d-emploi\/","url":"https:\/\/biel.mastermind.ch\/fr\/offres-d-emploi\/","name":"Offres d'emploi - Mastermind Escape Room Bienne","isPartOf":{"@id":"https:\/\/biel.mastermind.ch\/fr\/#website"},"datePublished":"2023-08-07T13:55:40+00:00","dateModified":"2026-03-31T09:37:00+00:00","description":"Tu veux faire partie d\u2019une \u00e9quipe qui emm\u00e8ne les gens dans des mondes \u00e0 couper le souffle et leur fait vivre des exp\u00e9riences inoubliables ?","breadcrumb":{"@id":"https:\/\/biel.mastermind.ch\/fr\/offres-d-emploi\/#breadcrumb"},"inLanguage":"fr-FR","potentialAction":[{"@type":"ReadAction","target":["https:\/\/biel.mastermind.ch\/fr\/offres-d-emploi\/"]}]},{"@type":"BreadcrumbList","@id":"https:\/\/biel.mastermind.ch\/fr\/offres-d-emploi\/#breadcrumb","itemListElement":[{"@type":"ListItem","position":1,"name":"Startseite","item":"https:\/\/biel.mastermind.ch\/fr\/"},{"@type":"ListItem","position":2,"name":"Offres d&#8217;emploi"}]},{"@type":"WebSite","@id":"https:\/\/biel.mastermind.ch\/fr\/#website","url":"https:\/\/biel.mastermind.ch\/fr\/","name":"Mastermind Escape Room Biel - 4 Escape Games","description":"Spiele den #1 Escaperoom in Biel! Premium Games mit Spass, Adrenalin und Nervenkitzel warten auf dein Team. Der beste Adventure &amp; Escape Room in Biel!","publisher":{"@id":"https:\/\/biel.mastermind.ch\/fr\/#organization"},"potentialAction":[{"@type":"SearchAction","target":{"@type":"EntryPoint","urlTemplate":"https:\/\/biel.mastermind.ch\/fr\/?s={search_term_string}"},"query-input":{"@type":"PropertyValueSpecification","valueRequired":true,"valueName":"search_term_string"}}],"inLanguage":"fr-FR"},{"@type":"Organization","@id":"https:\/\/biel.mastermind.ch\/fr\/#organization","name":"Mastermind Event GmbH","url":"https:\/\/biel.mastermind.ch\/fr\/","logo":{"@type":"ImageObject","inLanguage":"fr-FR","@id":"https:\/\/biel.mastermind.ch\/fr\/#\/schema\/logo\/image\/","url":"https:\/\/biel.mastermind.ch\/wp-content\/uploads\/2EBF690D-81FE-41B9-93B5-730792A20F46.png","contentUrl":"https:\/\/biel.mastermind.ch\/wp-content\/uploads\/2EBF690D-81FE-41B9-93B5-730792A20F46.png","width":6500,"height":2020,"caption":"Mastermind Event GmbH"},"image":{"@id":"https:\/\/biel.mastermind.ch\/fr\/#\/schema\/logo\/image\/"},"sameAs":["https:\/\/www.facebook.com\/MastermindEscapeRoomsBiel","https:\/\/www.instagram.com\/biel_mastermind\/"]}]}},"_links":{"self":[{"href":"https:\/\/biel.mastermind.ch\/fr\/wp-json\/wp\/v2\/pages\/2427","targetHints":{"allow":["GET"]}}],"collection":[{"href":"https:\/\/biel.mastermind.ch\/fr\/wp-json\/wp\/v2\/pages"}],"about":[{"href":"https:\/\/biel.mastermind.ch\/fr\/wp-json\/wp\/v2\/types\/page"}],"author":[{"embeddable":true,"href":"https:\/\/biel.mastermind.ch\/fr\/wp-json\/wp\/v2\/users\/6"}],"replies":[{"embeddable":true,"href":"https:\/\/biel.mastermind.ch\/fr\/wp-json\/wp\/v2\/comments?post=2427"}],"version-history":[{"count":8,"href":"https:\/\/biel.mastermind.ch\/fr\/wp-json\/wp\/v2\/pages\/2427\/revisions"}],"predecessor-version":[{"id":2858,"href":"https:\/\/biel.mastermind.ch\/fr\/wp-json\/wp\/v2\/pages\/2427\/revisions\/2858"}],"wp:attachment":[{"href":"https:\/\/biel.mastermind.ch\/fr\/wp-json\/wp\/v2\/media?parent=2427"}],"curies":[{"name":"wp","href":"https:\/\/api.w.org\/{rel}","templated":true}]}}