{"id":2439,"date":"2023-08-07T16:11:48","date_gmt":"2023-08-07T14:11:48","guid":{"rendered":"https:\/\/biel.mastermind.ch\/franchising-partner\/"},"modified":"2026-04-01T17:32:05","modified_gmt":"2026-04-01T15:32:05","slug":"partenaires-franchises","status":"publish","type":"page","link":"https:\/\/biel.mastermind.ch\/fr\/partenaires-franchises\/","title":{"rendered":"Partenaires franchis\u00e9s"},"content":{"rendered":"\t\t<div data-elementor-type=\"wp-page\" data-elementor-id=\"2439\" class=\"elementor elementor-2439 elementor-2434\">\n\t\t\t\t\t\t<section class=\"elementor-section elementor-top-section elementor-element elementor-element-b989a2e elementor-section-boxed elementor-section-height-default elementor-section-height-default\" data-id=\"b989a2e\" data-element_type=\"section\" data-e-type=\"section\">\n\t\t\t\t\t\t<div class=\"elementor-container elementor-column-gap-default\">\n\t\t\t\t\t<div class=\"elementor-column elementor-col-100 elementor-top-column elementor-element elementor-element-a4d6b9f\" data-id=\"a4d6b9f\" data-element_type=\"column\" data-e-type=\"column\">\n\t\t\t<div class=\"elementor-widget-wrap elementor-element-populated\">\n\t\t\t\t\t\t<div class=\"elementor-element elementor-element-627028f elementor-widget elementor-widget-text-editor\" data-id=\"627028f\" data-element_type=\"widget\" data-e-type=\"widget\" data-widget_type=\"text-editor.default\">\n\t\t\t\t<div class=\"elementor-widget-container\">\n\t\t\t\t\t\t\t\t\t<p style=\"text-align: justify;\">Chers potentiels partenaires franchis\u00e9s,<\/p><p style=\"text-align: justify;\">Je suis heureux que vous soyez int\u00e9ress\u00e9s \u00e0 faire partie de notre passionnant business d&rsquo;Escape Room.<br \/>Notre entreprise est fi\u00e8re d&rsquo;offrir des exp\u00e9riences d&rsquo;Escape Room uniques et captivantes qui ravissent les gens de tous \u00e2ges. Gr\u00e2ce \u00e0 notre m\u00e9thode commerciale \u00e9prouv\u00e9e et \u00e0 notre concept \u00e0 succ\u00e8s, nous avons d\u00e9j\u00e0 \u00e9tabli une forte pr\u00e9sence sur le march\u00e9.<\/p><p style=\"text-align: justify;\">En tant que partenaire franchis\u00e9, vous b\u00e9n\u00e9ficiez de notre marque bien \u00e9tablie, de notre vaste savoir-faire et de notre soutien continu. Nous vous proposons une formation compl\u00e8te afin de vous assurer que vous disposez des comp\u00e9tences et des connaissances n\u00e9cessaires pour g\u00e9rer avec succ\u00e8s votre propre Escape Room.<\/p><p style=\"text-align: justify;\">Notre objectif est de nous d\u00e9velopper ensemble et d&rsquo;ouvrir de nouveaux sites. Nous recherchons des entrepreneurs engag\u00e9s et passionn\u00e9s, pr\u00eats \u00e0 se plonger dans le monde des Escape Rooms et \u00e0 cr\u00e9er une exp\u00e9rience inoubliable pour leurs clients.<\/p><p style=\"text-align: justify;\">Si vous \u00eates int\u00e9ress\u00e9\/e \u00e0 faire partie de notre r\u00e9seau de franchises, n&rsquo;h\u00e9sitez pas \u00e0 nous contacter. Nous sommes impatients d&rsquo;en savoir plus sur vous et vos ambitions.<\/p><p style=\"text-align: left;\">Salutations aventureuses,<\/p><p>Mastermind Event GmbH<br \/>Email: <a href=\"mailto:biel@mastermind.ch\">biel@mastermind.ch<\/a><\/p>\t\t\t\t\t\t\t\t<\/div>\n\t\t\t\t<\/div>\n\t\t\t\t\t<\/div>\n\t\t<\/div>\n\t\t\t\t\t<\/div>\n\t\t<\/section>\n\t\t\t\t<\/div>\n\t\t","protected":false},"excerpt":{"rendered":"<p>Chers potentiels partenaires franchis\u00e9s, Je suis heureux que vous soyez int\u00e9ress\u00e9s \u00e0 faire partie de notre passionnant business d&rsquo;Escape Room.Notre entreprise est fi\u00e8re d&rsquo;offrir des exp\u00e9riences d&rsquo;Escape Room uniques et captivantes qui ravissent les gens de tous \u00e2ges. Gr\u00e2ce \u00e0 notre m\u00e9thode commerciale \u00e9prouv\u00e9e et \u00e0 notre concept \u00e0 succ\u00e8s, nous avons d\u00e9j\u00e0 \u00e9tabli une [&hellip;]<\/p>\n","protected":false},"author":6,"featured_media":0,"parent":0,"menu_order":0,"comment_status":"closed","ping_status":"closed","template":"","meta":{"_acf_changed":false,"footnotes":""},"class_list":["post-2439","page","type-page","status-publish","hentry"],"acf":[],"yoast_head":"<!-- This site is optimized with the Yoast SEO plugin v27.5 - https:\/\/yoast.com\/product\/yoast-seo-wordpress\/ -->\n<title>Partenaires franchis\u00e9s - Mastermind Escape Room Bienne<\/title>\n<meta name=\"description\" content=\"En tant que partenaire franchis\u00e9, vous b\u00e9n\u00e9ficiez de notre marque bien \u00e9tablie, de notre vaste savoir-faire et de notre soutien continu.\" \/>\n<meta name=\"robots\" content=\"index, follow, max-snippet:-1, max-image-preview:large, max-video-preview:-1\" \/>\n<link rel=\"canonical\" href=\"https:\/\/biel.mastermind.ch\/fr\/partenaires-franchises\/\" \/>\n<meta property=\"og:locale\" content=\"fr_FR\" \/>\n<meta property=\"og:type\" content=\"article\" \/>\n<meta property=\"og:title\" content=\"Partenaires franchis\u00e9s - Mastermind Escape Room Bienne\" \/>\n<meta property=\"og:description\" content=\"En tant que partenaire franchis\u00e9, vous b\u00e9n\u00e9ficiez de notre marque bien \u00e9tablie, de notre vaste savoir-faire et de notre soutien continu.\" \/>\n<meta property=\"og:url\" content=\"https:\/\/biel.mastermind.ch\/fr\/partenaires-franchises\/\" \/>\n<meta property=\"og:site_name\" content=\"Mastermind Escape Room Biel - 4 Escape Games\" \/>\n<meta property=\"article:publisher\" content=\"https:\/\/www.facebook.com\/MastermindEscapeRoomsBiel\" \/>\n<meta property=\"article:modified_time\" content=\"2026-04-01T15:32:05+00:00\" \/>\n<meta property=\"og:image\" content=\"https:\/\/biel.mastermind.ch\/wp-content\/uploads\/2021\/12\/shutterstock_1767219707-scaled.jpg\" \/>\n\t<meta property=\"og:image:width\" content=\"2560\" \/>\n\t<meta property=\"og:image:height\" content=\"1440\" \/>\n\t<meta property=\"og:image:type\" content=\"image\/jpeg\" \/>\n<meta name=\"twitter:card\" content=\"summary_large_image\" \/>\n<meta name=\"twitter:label1\" content=\"Dur\u00e9e de lecture estim\u00e9e\" \/>\n\t<meta name=\"twitter:data1\" content=\"1 minute\" \/>\n<script type=\"application\/ld+json\" class=\"yoast-schema-graph\">{\"@context\":\"https:\\\/\\\/schema.org\",\"@graph\":[{\"@type\":\"WebPage\",\"@id\":\"https:\\\/\\\/biel.mastermind.ch\\\/fr\\\/partenaires-franchises\\\/\",\"url\":\"https:\\\/\\\/biel.mastermind.ch\\\/fr\\\/partenaires-franchises\\\/\",\"name\":\"Partenaires franchis\u00e9s - Mastermind Escape Room Bienne\",\"isPartOf\":{\"@id\":\"https:\\\/\\\/biel.mastermind.ch\\\/fr\\\/#website\"},\"datePublished\":\"2023-08-07T14:11:48+00:00\",\"dateModified\":\"2026-04-01T15:32:05+00:00\",\"description\":\"En tant que partenaire franchis\u00e9, vous b\u00e9n\u00e9ficiez de notre marque bien \u00e9tablie, de notre vaste savoir-faire et de notre soutien continu.\",\"breadcrumb\":{\"@id\":\"https:\\\/\\\/biel.mastermind.ch\\\/fr\\\/partenaires-franchises\\\/#breadcrumb\"},\"inLanguage\":\"fr-FR\",\"potentialAction\":[{\"@type\":\"ReadAction\",\"target\":[\"https:\\\/\\\/biel.mastermind.ch\\\/fr\\\/partenaires-franchises\\\/\"]}]},{\"@type\":\"BreadcrumbList\",\"@id\":\"https:\\\/\\\/biel.mastermind.ch\\\/fr\\\/partenaires-franchises\\\/#breadcrumb\",\"itemListElement\":[{\"@type\":\"ListItem\",\"position\":1,\"name\":\"Startseite\",\"item\":\"https:\\\/\\\/biel.mastermind.ch\\\/fr\\\/\"},{\"@type\":\"ListItem\",\"position\":2,\"name\":\"Partenaires franchis\u00e9s\"}]},{\"@type\":\"WebSite\",\"@id\":\"https:\\\/\\\/biel.mastermind.ch\\\/fr\\\/#website\",\"url\":\"https:\\\/\\\/biel.mastermind.ch\\\/fr\\\/\",\"name\":\"Mastermind Escape Room Biel - 4 Escape Games\",\"description\":\"Spiele den #1 Escaperoom in Biel! Premium Games mit Spass, Adrenalin und Nervenkitzel warten auf dein Team. Der beste Adventure &amp; Escape Room in Biel!\",\"publisher\":{\"@id\":\"https:\\\/\\\/biel.mastermind.ch\\\/fr\\\/#organization\"},\"potentialAction\":[{\"@type\":\"SearchAction\",\"target\":{\"@type\":\"EntryPoint\",\"urlTemplate\":\"https:\\\/\\\/biel.mastermind.ch\\\/fr\\\/?s={search_term_string}\"},\"query-input\":{\"@type\":\"PropertyValueSpecification\",\"valueRequired\":true,\"valueName\":\"search_term_string\"}}],\"inLanguage\":\"fr-FR\"},{\"@type\":\"Organization\",\"@id\":\"https:\\\/\\\/biel.mastermind.ch\\\/fr\\\/#organization\",\"name\":\"Mastermind Event GmbH\",\"url\":\"https:\\\/\\\/biel.mastermind.ch\\\/fr\\\/\",\"logo\":{\"@type\":\"ImageObject\",\"inLanguage\":\"fr-FR\",\"@id\":\"https:\\\/\\\/biel.mastermind.ch\\\/fr\\\/#\\\/schema\\\/logo\\\/image\\\/\",\"url\":\"https:\\\/\\\/biel.mastermind.ch\\\/wp-content\\\/uploads\\\/2EBF690D-81FE-41B9-93B5-730792A20F46.png\",\"contentUrl\":\"https:\\\/\\\/biel.mastermind.ch\\\/wp-content\\\/uploads\\\/2EBF690D-81FE-41B9-93B5-730792A20F46.png\",\"width\":6500,\"height\":2020,\"caption\":\"Mastermind Event GmbH\"},\"image\":{\"@id\":\"https:\\\/\\\/biel.mastermind.ch\\\/fr\\\/#\\\/schema\\\/logo\\\/image\\\/\"},\"sameAs\":[\"https:\\\/\\\/www.facebook.com\\\/MastermindEscapeRoomsBiel\",\"https:\\\/\\\/www.instagram.com\\\/biel_mastermind\\\/\"]}]}<\/script>\n<!-- \/ Yoast SEO plugin. -->","yoast_head_json":{"title":"Partenaires franchis\u00e9s - Mastermind Escape Room Bienne","description":"En tant que partenaire franchis\u00e9, vous b\u00e9n\u00e9ficiez de notre marque bien \u00e9tablie, de notre vaste savoir-faire et de notre soutien continu.","robots":{"index":"index","follow":"follow","max-snippet":"max-snippet:-1","max-image-preview":"max-image-preview:large","max-video-preview":"max-video-preview:-1"},"canonical":"https:\/\/biel.mastermind.ch\/fr\/partenaires-franchises\/","og_locale":"fr_FR","og_type":"article","og_title":"Partenaires franchis\u00e9s - Mastermind Escape Room Bienne","og_description":"En tant que partenaire franchis\u00e9, vous b\u00e9n\u00e9ficiez de notre marque bien \u00e9tablie, de notre vaste savoir-faire et de notre soutien continu.","og_url":"https:\/\/biel.mastermind.ch\/fr\/partenaires-franchises\/","og_site_name":"Mastermind Escape Room Biel - 4 Escape Games","article_publisher":"https:\/\/www.facebook.com\/MastermindEscapeRoomsBiel","article_modified_time":"2026-04-01T15:32:05+00:00","og_image":[{"width":2560,"height":1440,"url":"https:\/\/biel.mastermind.ch\/wp-content\/uploads\/2021\/12\/shutterstock_1767219707-scaled.jpg","type":"image\/jpeg"}],"twitter_card":"summary_large_image","twitter_misc":{"Dur\u00e9e de lecture estim\u00e9e":"1 minute"},"schema":{"@context":"https:\/\/schema.org","@graph":[{"@type":"WebPage","@id":"https:\/\/biel.mastermind.ch\/fr\/partenaires-franchises\/","url":"https:\/\/biel.mastermind.ch\/fr\/partenaires-franchises\/","name":"Partenaires franchis\u00e9s - Mastermind Escape Room Bienne","isPartOf":{"@id":"https:\/\/biel.mastermind.ch\/fr\/#website"},"datePublished":"2023-08-07T14:11:48+00:00","dateModified":"2026-04-01T15:32:05+00:00","description":"En tant que partenaire franchis\u00e9, vous b\u00e9n\u00e9ficiez de notre marque bien \u00e9tablie, de notre vaste savoir-faire et de notre soutien continu.","breadcrumb":{"@id":"https:\/\/biel.mastermind.ch\/fr\/partenaires-franchises\/#breadcrumb"},"inLanguage":"fr-FR","potentialAction":[{"@type":"ReadAction","target":["https:\/\/biel.mastermind.ch\/fr\/partenaires-franchises\/"]}]},{"@type":"BreadcrumbList","@id":"https:\/\/biel.mastermind.ch\/fr\/partenaires-franchises\/#breadcrumb","itemListElement":[{"@type":"ListItem","position":1,"name":"Startseite","item":"https:\/\/biel.mastermind.ch\/fr\/"},{"@type":"ListItem","position":2,"name":"Partenaires franchis\u00e9s"}]},{"@type":"WebSite","@id":"https:\/\/biel.mastermind.ch\/fr\/#website","url":"https:\/\/biel.mastermind.ch\/fr\/","name":"Mastermind Escape Room Biel - 4 Escape Games","description":"Spiele den #1 Escaperoom in Biel! Premium Games mit Spass, Adrenalin und Nervenkitzel warten auf dein Team. Der beste Adventure &amp; Escape Room in Biel!","publisher":{"@id":"https:\/\/biel.mastermind.ch\/fr\/#organization"},"potentialAction":[{"@type":"SearchAction","target":{"@type":"EntryPoint","urlTemplate":"https:\/\/biel.mastermind.ch\/fr\/?s={search_term_string}"},"query-input":{"@type":"PropertyValueSpecification","valueRequired":true,"valueName":"search_term_string"}}],"inLanguage":"fr-FR"},{"@type":"Organization","@id":"https:\/\/biel.mastermind.ch\/fr\/#organization","name":"Mastermind Event GmbH","url":"https:\/\/biel.mastermind.ch\/fr\/","logo":{"@type":"ImageObject","inLanguage":"fr-FR","@id":"https:\/\/biel.mastermind.ch\/fr\/#\/schema\/logo\/image\/","url":"https:\/\/biel.mastermind.ch\/wp-content\/uploads\/2EBF690D-81FE-41B9-93B5-730792A20F46.png","contentUrl":"https:\/\/biel.mastermind.ch\/wp-content\/uploads\/2EBF690D-81FE-41B9-93B5-730792A20F46.png","width":6500,"height":2020,"caption":"Mastermind Event GmbH"},"image":{"@id":"https:\/\/biel.mastermind.ch\/fr\/#\/schema\/logo\/image\/"},"sameAs":["https:\/\/www.facebook.com\/MastermindEscapeRoomsBiel","https:\/\/www.instagram.com\/biel_mastermind\/"]}]}},"_links":{"self":[{"href":"https:\/\/biel.mastermind.ch\/fr\/wp-json\/wp\/v2\/pages\/2439","targetHints":{"allow":["GET"]}}],"collection":[{"href":"https:\/\/biel.mastermind.ch\/fr\/wp-json\/wp\/v2\/pages"}],"about":[{"href":"https:\/\/biel.mastermind.ch\/fr\/wp-json\/wp\/v2\/types\/page"}],"author":[{"embeddable":true,"href":"https:\/\/biel.mastermind.ch\/fr\/wp-json\/wp\/v2\/users\/6"}],"replies":[{"embeddable":true,"href":"https:\/\/biel.mastermind.ch\/fr\/wp-json\/wp\/v2\/comments?post=2439"}],"version-history":[{"count":10,"href":"https:\/\/biel.mastermind.ch\/fr\/wp-json\/wp\/v2\/pages\/2439\/revisions"}],"predecessor-version":[{"id":2913,"href":"https:\/\/biel.mastermind.ch\/fr\/wp-json\/wp\/v2\/pages\/2439\/revisions\/2913"}],"wp:attachment":[{"href":"https:\/\/biel.mastermind.ch\/fr\/wp-json\/wp\/v2\/media?parent=2439"}],"curies":[{"name":"wp","href":"https:\/\/api.w.org\/{rel}","templated":true}]}}